{"id":1014,"date":"2018-07-22T22:48:50","date_gmt":"2018-07-22T22:48:50","guid":{"rendered":"https:\/\/tztz.ba\/ba\/?page_id=1014"},"modified":"2018-07-22T22:48:50","modified_gmt":"2018-07-22T22:48:50","slug":"centralna-gradska-pijaca","status":"publish","type":"page","link":"https:\/\/tztz.ba\/ba\/centralna-gradska-pijaca\/","title":{"rendered":"Centralna gradska pijaca"},"content":{"rendered":"<p style=\"font-weight: 400;\"><a href=\"http:\/\/trznicetuzla.ba\/\" target=\"_blank\" rel=\"noopener\">Centralna gradska pijaca<\/a><\/p>\n<p style=\"font-weight: 400;\">Pojam i historija pijace ne mo\u017ee se posmatrati isklju\u010divo u trgova\u010dkom smislu. Pijaca je za sve gradove, a posebno za Tuzlu, oduvijek imala i urbanisti\u010dki i subkulturni zna\u010daj. Ona je bila mjesto prepoznavanja u urbanom identitetu grada, ponajvi\u0161e kao mjesto susretanja ljudi. Susreti na pijaci, u prolazu i pozdravu, oduvijek su bili druk\u010diji od svih drugih susreta, formalnih ili neformalnih.<\/p>\n<p style=\"font-weight: 400;\">Centralna gradska pijaca u Tuzli obiluje bogatom ponudom\u00a0svih vrsta vo\u0107a i povr\u0107a, te doma\u0107ih tradicijskih proizvoda. U sklopu pijace mo\u017eete prona\u0107i razovrstan asortiman robe \u0161iroke potro\u0161nje.<\/p>\n<p style=\"font-weight: 400;\">Pored Centralne gradske pijace u gradu djeluju jo\u0161 dvije manje pijace: pijaca Istok, koja svojom ponudom i kapacitetima uspje\u0161no zadovoljava potrebe stanovni\u0161tva isto\u010dnog dijela grada; te pijaca na veliko u Simin Hanu.<\/p>\n<p style=\"font-weight: 400;\">Premda po\u010deci organizovane trgovine u Tuzli se\u017eu hiljadama godina unazad, prvu modernu, urbanisti\u010dki projiciranu i funkcionalno osmi\u0161ljenu pijacu,Tuzla je dobila 1952. godine. Od tada ovo mjesto, smje\u0161teno u samom srcu grada, postaje prepoznatljiv urbani i sociokulturni moment za mnoge generacije Tuzlaka. Tuzlanska pijaca je jedno od onih mjesta koje smo mogli posjetiti i kao djeca i kao o\u010devi. Stoga, u svijesti Tuzlaka, Centralna gradska pijaca ima i sna\u017ean emotivni karakter.<\/p>\n","protected":false},"excerpt":{"rendered":"<p>Centralna gradska pijaca Pojam i historija pijace ne mo\u017ee se posmatrati isklju\u010divo u trgova\u010dkom smislu&#8230;.<\/p>\n","protected":false},"author":1,"featured_media":1015,"parent":0,"menu_order":0,"comment_status":"closed","ping_status":"closed","template":"","meta":{"footnotes":""},"class_list":["post-1014","page","type-page","status-publish","has-post-thumbnail","hentry"],"_links":{"self":[{"href":"https:\/\/tztz.ba\/ba\/wp-json\/wp\/v2\/pages\/1014","targetHints":{"allow":["GET"]}}],"collection":[{"href":"https:\/\/tztz.ba\/ba\/wp-json\/wp\/v2\/pages"}],"about":[{"href":"https:\/\/tztz.ba\/ba\/wp-json\/wp\/v2\/types\/page"}],"author":[{"embeddable":true,"href":"https:\/\/tztz.ba\/ba\/wp-json\/wp\/v2\/users\/1"}],"replies":[{"embeddable":true,"href":"https:\/\/tztz.ba\/ba\/wp-json\/wp\/v2\/comments?post=1014"}],"version-history":[{"count":1,"href":"https:\/\/tztz.ba\/ba\/wp-json\/wp\/v2\/pages\/1014\/revisions"}],"predecessor-version":[{"id":1016,"href":"https:\/\/tztz.ba\/ba\/wp-json\/wp\/v2\/pages\/1014\/revisions\/1016"}],"wp:featuredmedia":[{"embeddable":true,"href":"https:\/\/tztz.ba\/ba\/wp-json\/wp\/v2\/media\/1015"}],"wp:attachment":[{"href":"https:\/\/tztz.ba\/ba\/wp-json\/wp\/v2\/media?parent=1014"}],"curies":[{"name":"wp","href":"https:\/\/api.w.org\/{rel}","templated":true}]}}