{"id":162,"date":"2018-07-07T06:26:49","date_gmt":"2018-07-07T06:26:49","guid":{"rendered":"https:\/\/tztz.ba\/ba\/?page_id=162"},"modified":"2026-01-29T12:27:08","modified_gmt":"2026-01-29T12:27:08","slug":"trg-slobode-najveci-trg-u-bosni-i-hercegovini","status":"publish","type":"page","link":"https:\/\/tztz.ba\/ba\/trg-slobode-najveci-trg-u-bosni-i-hercegovini\/","title":{"rendered":"Trg Slobode: Najve\u0107i trg u Bosni i Hercegovini"},"content":{"rendered":"<p style=\"text-align: left;\">Svoju i bogatu turisti\u010dku ponudu Tuzla je upotpunila Trg slobode. Radi se o desetom trgu na podru\u010dju Grada Tuzla. Trg Slobode je najve\u0107i trg u Bosni i Hercegovini, na \u010dijem se prostoru nalazi rekonstruisana zgrada Baroka iz austrougarskog perioda. Na Trgu je otkriveno arheolo\u0161ko nalazi\u0161te sa vrlo zna\u010dajnim ostacima arheolo\u0161kog materijala. Prostor je ure\u0111en za dru\u017eenje i razli\u010dite manifestacije, a krasi ga sredi\u0161nja fontana sa prate\u0107im sadr\u017eajem.<\/p>\n<p style=\"text-align: left;\">Centralno mjesto na Trgu zauzima velika fontana \u010dije spolja\u0161nje zidove krase ornamenti ste\u0107aka, no to na Trgu slobode nisu jedini simboli srednjovjekovne Bosne. Naime, na dijelu na kojem su namjenski zadr\u017eane zelene povr\u0161ine, a gdje je donedavno bila stara fontana, postavljena je skulptura koja simbolizira ste\u0107ak, a na mermernim plo\u010dama kojima je oblo\u017eena lokacija uklesani su i epitafi sa srednjovjekovnih nadgrobnih spomenika.<\/p>\n<p style=\"text-align: left;\">Epitafi i ornamentika ste\u0107aka nadopunjuju ve\u0107 postoje\u0107e simbole na Trgu iz svih razdoblja kroz historiju kao \u0161to su \u010car\u0161ijska d\u017eamija i \u010desma iz doba osmanske vladavine, zgrada baroka koja simbolizira period austrougarske uprave te nekoliko objekata iz savremenog doba ili bli\u017ee pro\u0161losti.<\/p>\n","protected":false},"excerpt":{"rendered":"<p>Svoju i bogatu turisti\u010dku ponudu Tuzla je upotpunila Trg slobode. Radi se o desetom trgu&#8230;<\/p>\n","protected":false},"author":1,"featured_media":160,"parent":0,"menu_order":0,"comment_status":"closed","ping_status":"closed","template":"","meta":{"footnotes":""},"class_list":["post-162","page","type-page","status-publish","has-post-thumbnail","hentry"],"_links":{"self":[{"href":"https:\/\/tztz.ba\/ba\/wp-json\/wp\/v2\/pages\/162","targetHints":{"allow":["GET"]}}],"collection":[{"href":"https:\/\/tztz.ba\/ba\/wp-json\/wp\/v2\/pages"}],"about":[{"href":"https:\/\/tztz.ba\/ba\/wp-json\/wp\/v2\/types\/page"}],"author":[{"embeddable":true,"href":"https:\/\/tztz.ba\/ba\/wp-json\/wp\/v2\/users\/1"}],"replies":[{"embeddable":true,"href":"https:\/\/tztz.ba\/ba\/wp-json\/wp\/v2\/comments?post=162"}],"version-history":[{"count":3,"href":"https:\/\/tztz.ba\/ba\/wp-json\/wp\/v2\/pages\/162\/revisions"}],"predecessor-version":[{"id":28341,"href":"https:\/\/tztz.ba\/ba\/wp-json\/wp\/v2\/pages\/162\/revisions\/28341"}],"wp:featuredmedia":[{"embeddable":true,"href":"https:\/\/tztz.ba\/ba\/wp-json\/wp\/v2\/media\/160"}],"wp:attachment":[{"href":"https:\/\/tztz.ba\/ba\/wp-json\/wp\/v2\/media?parent=162"}],"curies":[{"name":"wp","href":"https:\/\/api.w.org\/{rel}","templated":true}]}}