{"id":18087,"date":"2023-02-01T14:05:53","date_gmt":"2023-02-01T14:05:53","guid":{"rendered":"https:\/\/tztz.ba\/ba\/?page_id=18087"},"modified":"2023-02-02T13:24:10","modified_gmt":"2023-02-02T13:24:10","slug":"apartman-bd","status":"publish","type":"page","link":"https:\/\/tztz.ba\/ba\/sobe-i-apartmani\/apartman-bd\/","title":{"rendered":"Apartman B&#038;D"},"content":{"rendered":"<p>Apartman B&amp;D&#8221; se nalazi na 3. spratu stambene zgrade sa liftom, koja je smje\u0161tena u najpopularnijem i najatraktivnijem naselju u Tuzli, Stupine. Oko zgrade se nalazi veliki besplatni parking prostor.<\/p>\n<p>U blizini se nalaze Hotel Tuzla, Hotel Mellain, Univerzitet u Tuzli, zgrada Gradske uprave, Op\u0107inski sud, po\u0161ta, pijaca, supermarketi, pekare, apoteke, kafi\u0107i, slasti\u010darne, restorani, banke, mjenja\u010dnice, bankomati, taxi stajali\u0161te, Rent a Car, Bolnica UKC Tuzla, privatne klinike. Sa lokacije se jednostavno i brzo sti\u017ee do jedinstvenih Panonskih jezera i centra grada.<\/p>\n<p>Apartman je savremeno opremljen i u potpunosti adaptiran u decembru 2022. godine. Sve stvari u apartmanu su kvalitetne i nove. Povr\u0161ina apartmana iznosi 56 m2. Sastoji se od kuhinje sa trpezarijom, dnevnog boravka sa izlazom na balkon, spava\u0107e sobe, kupatila, ostave i hodnika. Kuhinja je opremljena svim kuhinjskim aparatima i posu\u0111em koji su neophodni za pripremanje i serviranje hrane. U apartmanu se nalaze i ma\u0161ina za pranje ve\u0161a, pegla i daska za peglanje ve\u0161a, fen za kosu, \u010diste i kvalitetne posteljine, pe\u0161kiri, higijenske potrep\u0161tine. Ugodni trenuci u dnevnom boravku, mogu\u0107i su uz najmoderniji TV sa kablovskom TV i brzim internetom, s neograni\u010denim kori\u0161tenjem, bez dodatnih tro\u0161kova.<\/p>\n<p>Kapacitet apartmana: 4 osobe (veliki bra\u010dni krevet u spava\u0107oj sobi i trosjed u dnevnom boravku koji se jednostavno pretvara u veoma udoban le\u017eaj za dvije odrasle osobe).<\/p>\n\n\t\t<style type=\"text\/css\">\n\t\t\t#gallery-1 {\n\t\t\t\tmargin: auto;\n\t\t\t}\n\t\t\t#gallery-1 .gallery-item {\n\t\t\t\tfloat: left;\n\t\t\t\tmargin-top: 10px;\n\t\t\t\ttext-align: center;\n\t\t\t\twidth: 33%;\n\t\t\t}\n\t\t\t#gallery-1 img {\n\t\t\t\tborder: 2px solid #cfcfcf;\n\t\t\t}\n\t\t\t#gallery-1 .gallery-caption {\n\t\t\t\tmargin-left: 0;\n\t\t\t}\n\t\t\t\/* see gallery_shortcode() in wp-includes\/media.php *\/\n\t\t<\/style>\n\t\t<div id='gallery-1' class='gallery galleryid-18087 gallery-columns-3 gallery-size-thumbnail'><dl class='gallery-item'>\n\t\t\t<dt class='gallery-icon landscape'>\n\t\t\t\t<a href='https:\/\/tztz.ba\/ba\/sobe-i-apartmani\/apartman-bd\/sl17\/'><img loading=\"lazy\" decoding=\"async\" width=\"150\" height=\"150\" src=\"https:\/\/tztz.ba\/ba\/wp-content\/uploads\/2023\/02\/SL17-150x150.jpg\" class=\"attachment-thumbnail size-thumbnail\" alt=\"\" srcset=\"https:\/\/tztz.ba\/ba\/wp-content\/uploads\/2023\/02\/SL17-150x150.jpg 150w, https:\/\/tztz.ba\/ba\/wp-content\/uploads\/2023\/02\/SL17-350x350.jpg 350w, https:\/\/tztz.ba\/ba\/wp-content\/uploads\/2023\/02\/SL17-400x400.jpg 400w\" sizes=\"auto, (max-width: 150px) 100vw, 150px\" \/><\/a>\n\t\t\t<\/dt><\/dl><dl class='gallery-item'>\n\t\t\t<dt class='gallery-icon landscape'>\n\t\t\t\t<a href='https:\/\/tztz.ba\/ba\/sobe-i-apartmani\/apartman-bd\/sl16\/'><img loading=\"lazy\" decoding=\"async\" width=\"150\" height=\"150\" src=\"https:\/\/tztz.ba\/ba\/wp-content\/uploads\/2023\/02\/SL16-150x150.jpg\" class=\"attachment-thumbnail size-thumbnail\" alt=\"\" srcset=\"https:\/\/tztz.ba\/ba\/wp-content\/uploads\/2023\/02\/SL16-150x150.jpg 150w, https:\/\/tztz.ba\/ba\/wp-content\/uploads\/2023\/02\/SL16-350x350.jpg 350w, https:\/\/tztz.ba\/ba\/wp-content\/uploads\/2023\/02\/SL16-400x400.jpg 400w\" sizes=\"auto, (max-width: 150px) 100vw, 150px\" \/><\/a>\n\t\t\t<\/dt><\/dl><dl class='gallery-item'>\n\t\t\t<dt class='gallery-icon landscape'>\n\t\t\t\t<a href='https:\/\/tztz.ba\/ba\/sobe-i-apartmani\/apartman-bd\/sl15\/'><img loading=\"lazy\" decoding=\"async\" width=\"150\" height=\"150\" src=\"https:\/\/tztz.ba\/ba\/wp-content\/uploads\/2023\/02\/SL15-150x150.jpg\" class=\"attachment-thumbnail size-thumbnail\" alt=\"\" srcset=\"https:\/\/tztz.ba\/ba\/wp-content\/uploads\/2023\/02\/SL15-150x150.jpg 150w, https:\/\/tztz.ba\/ba\/wp-content\/uploads\/2023\/02\/SL15-350x350.jpg 350w, https:\/\/tztz.ba\/ba\/wp-content\/uploads\/2023\/02\/SL15-400x400.jpg 400w\" sizes=\"auto, (max-width: 150px) 100vw, 150px\" \/><\/a>\n\t\t\t<\/dt><\/dl><br style=\"clear: both\" \/><dl class='gallery-item'>\n\t\t\t<dt class='gallery-icon landscape'>\n\t\t\t\t<a href='https:\/\/tztz.ba\/ba\/sobe-i-apartmani\/apartman-bd\/sl14\/'><img loading=\"lazy\" decoding=\"async\" width=\"150\" height=\"150\" src=\"https:\/\/tztz.ba\/ba\/wp-content\/uploads\/2023\/02\/SL14-150x150.jpg\" class=\"attachment-thumbnail size-thumbnail\" alt=\"\" srcset=\"https:\/\/tztz.ba\/ba\/wp-content\/uploads\/2023\/02\/SL14-150x150.jpg 150w, https:\/\/tztz.ba\/ba\/wp-content\/uploads\/2023\/02\/SL14-350x350.jpg 350w, https:\/\/tztz.ba\/ba\/wp-content\/uploads\/2023\/02\/SL14-400x400.jpg 400w\" sizes=\"auto, (max-width: 150px) 100vw, 150px\" \/><\/a>\n\t\t\t<\/dt><\/dl><dl class='gallery-item'>\n\t\t\t<dt class='gallery-icon landscape'>\n\t\t\t\t<a href='https:\/\/tztz.ba\/ba\/sobe-i-apartmani\/apartman-bd\/sl13\/'><img loading=\"lazy\" decoding=\"async\" width=\"150\" height=\"150\" src=\"https:\/\/tztz.ba\/ba\/wp-content\/uploads\/2023\/02\/SL13-150x150.jpg\" class=\"attachment-thumbnail size-thumbnail\" alt=\"\" srcset=\"https:\/\/tztz.ba\/ba\/wp-content\/uploads\/2023\/02\/SL13-150x150.jpg 150w, https:\/\/tztz.ba\/ba\/wp-content\/uploads\/2023\/02\/SL13-350x350.jpg 350w, https:\/\/tztz.ba\/ba\/wp-content\/uploads\/2023\/02\/SL13-400x400.jpg 400w\" sizes=\"auto, (max-width: 150px) 100vw, 150px\" \/><\/a>\n\t\t\t<\/dt><\/dl><dl class='gallery-item'>\n\t\t\t<dt class='gallery-icon landscape'>\n\t\t\t\t<a href='https:\/\/tztz.ba\/ba\/sobe-i-apartmani\/apartman-bd\/sl12\/'><img loading=\"lazy\" decoding=\"async\" width=\"150\" height=\"150\" src=\"https:\/\/tztz.ba\/ba\/wp-content\/uploads\/2023\/02\/SL12-150x150.jpg\" class=\"attachment-thumbnail size-thumbnail\" alt=\"\" srcset=\"https:\/\/tztz.ba\/ba\/wp-content\/uploads\/2023\/02\/SL12-150x150.jpg 150w, https:\/\/tztz.ba\/ba\/wp-content\/uploads\/2023\/02\/SL12-350x350.jpg 350w, https:\/\/tztz.ba\/ba\/wp-content\/uploads\/2023\/02\/SL12-400x400.jpg 400w\" sizes=\"auto, (max-width: 150px) 100vw, 150px\" \/><\/a>\n\t\t\t<\/dt><\/dl><br style=\"clear: both\" \/><dl class='gallery-item'>\n\t\t\t<dt class='gallery-icon landscape'>\n\t\t\t\t<a href='https:\/\/tztz.ba\/ba\/sobe-i-apartmani\/apartman-bd\/sl10-2\/'><img loading=\"lazy\" decoding=\"async\" width=\"150\" height=\"150\" src=\"https:\/\/tztz.ba\/ba\/wp-content\/uploads\/2023\/02\/SL10-150x150.jpg\" class=\"attachment-thumbnail size-thumbnail\" alt=\"\" srcset=\"https:\/\/tztz.ba\/ba\/wp-content\/uploads\/2023\/02\/SL10-150x150.jpg 150w, https:\/\/tztz.ba\/ba\/wp-content\/uploads\/2023\/02\/SL10-350x350.jpg 350w, https:\/\/tztz.ba\/ba\/wp-content\/uploads\/2023\/02\/SL10-400x400.jpg 400w\" sizes=\"auto, (max-width: 150px) 100vw, 150px\" \/><\/a>\n\t\t\t<\/dt><\/dl><dl class='gallery-item'>\n\t\t\t<dt class='gallery-icon landscape'>\n\t\t\t\t<a href='https:\/\/tztz.ba\/ba\/sobe-i-apartmani\/apartman-bd\/sl11\/'><img loading=\"lazy\" decoding=\"async\" width=\"150\" height=\"150\" src=\"https:\/\/tztz.ba\/ba\/wp-content\/uploads\/2023\/02\/SL11-150x150.jpg\" class=\"attachment-thumbnail size-thumbnail\" alt=\"\" srcset=\"https:\/\/tztz.ba\/ba\/wp-content\/uploads\/2023\/02\/SL11-150x150.jpg 150w, https:\/\/tztz.ba\/ba\/wp-content\/uploads\/2023\/02\/SL11-350x350.jpg 350w, https:\/\/tztz.ba\/ba\/wp-content\/uploads\/2023\/02\/SL11-400x400.jpg 400w\" sizes=\"auto, (max-width: 150px) 100vw, 150px\" \/><\/a>\n\t\t\t<\/dt><\/dl><dl class='gallery-item'>\n\t\t\t<dt class='gallery-icon landscape'>\n\t\t\t\t<a href='https:\/\/tztz.ba\/ba\/sobe-i-apartmani\/apartman-bd\/sl8\/'><img loading=\"lazy\" decoding=\"async\" width=\"150\" height=\"150\" src=\"https:\/\/tztz.ba\/ba\/wp-content\/uploads\/2023\/02\/SL8-150x150.jpg\" class=\"attachment-thumbnail size-thumbnail\" alt=\"\" srcset=\"https:\/\/tztz.ba\/ba\/wp-content\/uploads\/2023\/02\/SL8-150x150.jpg 150w, https:\/\/tztz.ba\/ba\/wp-content\/uploads\/2023\/02\/SL8-350x350.jpg 350w, https:\/\/tztz.ba\/ba\/wp-content\/uploads\/2023\/02\/SL8-400x400.jpg 400w\" sizes=\"auto, (max-width: 150px) 100vw, 150px\" \/><\/a>\n\t\t\t<\/dt><\/dl><br style=\"clear: both\" \/><dl class='gallery-item'>\n\t\t\t<dt class='gallery-icon landscape'>\n\t\t\t\t<a href='https:\/\/tztz.ba\/ba\/sobe-i-apartmani\/apartman-bd\/sl9\/'><img loading=\"lazy\" decoding=\"async\" width=\"150\" height=\"150\" src=\"https:\/\/tztz.ba\/ba\/wp-content\/uploads\/2023\/02\/SL9-150x150.jpg\" class=\"attachment-thumbnail size-thumbnail\" alt=\"\" srcset=\"https:\/\/tztz.ba\/ba\/wp-content\/uploads\/2023\/02\/SL9-150x150.jpg 150w, https:\/\/tztz.ba\/ba\/wp-content\/uploads\/2023\/02\/SL9-350x350.jpg 350w, https:\/\/tztz.ba\/ba\/wp-content\/uploads\/2023\/02\/SL9-400x400.jpg 400w\" sizes=\"auto, (max-width: 150px) 100vw, 150px\" \/><\/a>\n\t\t\t<\/dt><\/dl><dl class='gallery-item'>\n\t\t\t<dt class='gallery-icon landscape'>\n\t\t\t\t<a href='https:\/\/tztz.ba\/ba\/sobe-i-apartmani\/apartman-bd\/sl7\/'><img loading=\"lazy\" decoding=\"async\" width=\"150\" height=\"150\" src=\"https:\/\/tztz.ba\/ba\/wp-content\/uploads\/2023\/02\/SL7-150x150.jpg\" class=\"attachment-thumbnail size-thumbnail\" alt=\"\" srcset=\"https:\/\/tztz.ba\/ba\/wp-content\/uploads\/2023\/02\/SL7-150x150.jpg 150w, https:\/\/tztz.ba\/ba\/wp-content\/uploads\/2023\/02\/SL7-350x350.jpg 350w, https:\/\/tztz.ba\/ba\/wp-content\/uploads\/2023\/02\/SL7-400x400.jpg 400w\" sizes=\"auto, (max-width: 150px) 100vw, 150px\" \/><\/a>\n\t\t\t<\/dt><\/dl><dl class='gallery-item'>\n\t\t\t<dt class='gallery-icon landscape'>\n\t\t\t\t<a href='https:\/\/tztz.ba\/ba\/sobe-i-apartmani\/apartman-bd\/sl6-2\/'><img loading=\"lazy\" decoding=\"async\" width=\"150\" height=\"150\" src=\"https:\/\/tztz.ba\/ba\/wp-content\/uploads\/2023\/02\/SL6-150x150.jpg\" class=\"attachment-thumbnail size-thumbnail\" alt=\"\" srcset=\"https:\/\/tztz.ba\/ba\/wp-content\/uploads\/2023\/02\/SL6-150x150.jpg 150w, https:\/\/tztz.ba\/ba\/wp-content\/uploads\/2023\/02\/SL6-350x350.jpg 350w, https:\/\/tztz.ba\/ba\/wp-content\/uploads\/2023\/02\/SL6-400x400.jpg 400w\" sizes=\"auto, (max-width: 150px) 100vw, 150px\" \/><\/a>\n\t\t\t<\/dt><\/dl><br style=\"clear: both\" \/><dl class='gallery-item'>\n\t\t\t<dt class='gallery-icon landscape'>\n\t\t\t\t<a href='https:\/\/tztz.ba\/ba\/sobe-i-apartmani\/apartman-bd\/sl5-2\/'><img loading=\"lazy\" decoding=\"async\" width=\"150\" height=\"150\" src=\"https:\/\/tztz.ba\/ba\/wp-content\/uploads\/2023\/02\/SL5-150x150.jpg\" class=\"attachment-thumbnail size-thumbnail\" alt=\"\" srcset=\"https:\/\/tztz.ba\/ba\/wp-content\/uploads\/2023\/02\/SL5-150x150.jpg 150w, https:\/\/tztz.ba\/ba\/wp-content\/uploads\/2023\/02\/SL5-350x350.jpg 350w, https:\/\/tztz.ba\/ba\/wp-content\/uploads\/2023\/02\/SL5-400x400.jpg 400w\" sizes=\"auto, (max-width: 150px) 100vw, 150px\" \/><\/a>\n\t\t\t<\/dt><\/dl><dl class='gallery-item'>\n\t\t\t<dt class='gallery-icon landscape'>\n\t\t\t\t<a href='https:\/\/tztz.ba\/ba\/sobe-i-apartmani\/apartman-bd\/sl4-5\/'><img loading=\"lazy\" decoding=\"async\" width=\"150\" height=\"150\" src=\"https:\/\/tztz.ba\/ba\/wp-content\/uploads\/2023\/02\/SL4-150x150.jpg\" class=\"attachment-thumbnail size-thumbnail\" alt=\"\" srcset=\"https:\/\/tztz.ba\/ba\/wp-content\/uploads\/2023\/02\/SL4-150x150.jpg 150w, https:\/\/tztz.ba\/ba\/wp-content\/uploads\/2023\/02\/SL4-350x350.jpg 350w, https:\/\/tztz.ba\/ba\/wp-content\/uploads\/2023\/02\/SL4-400x400.jpg 400w\" sizes=\"auto, (max-width: 150px) 100vw, 150px\" \/><\/a>\n\t\t\t<\/dt><\/dl><dl class='gallery-item'>\n\t\t\t<dt class='gallery-icon landscape'>\n\t\t\t\t<a href='https:\/\/tztz.ba\/ba\/sobe-i-apartmani\/apartman-bd\/sl3-6\/'><img loading=\"lazy\" decoding=\"async\" width=\"150\" height=\"150\" src=\"https:\/\/tztz.ba\/ba\/wp-content\/uploads\/2023\/02\/SL3-150x150.jpg\" class=\"attachment-thumbnail size-thumbnail\" alt=\"\" srcset=\"https:\/\/tztz.ba\/ba\/wp-content\/uploads\/2023\/02\/SL3-150x150.jpg 150w, https:\/\/tztz.ba\/ba\/wp-content\/uploads\/2023\/02\/SL3-350x350.jpg 350w, https:\/\/tztz.ba\/ba\/wp-content\/uploads\/2023\/02\/SL3-400x400.jpg 400w\" sizes=\"auto, (max-width: 150px) 100vw, 150px\" \/><\/a>\n\t\t\t<\/dt><\/dl><br style=\"clear: both\" \/><dl class='gallery-item'>\n\t\t\t<dt class='gallery-icon landscape'>\n\t\t\t\t<a href='https:\/\/tztz.ba\/ba\/sobe-i-apartmani\/apartman-bd\/sl2-4\/'><img loading=\"lazy\" decoding=\"async\" width=\"150\" height=\"150\" src=\"https:\/\/tztz.ba\/ba\/wp-content\/uploads\/2023\/02\/SL2-150x150.jpg\" class=\"attachment-thumbnail size-thumbnail\" alt=\"\" srcset=\"https:\/\/tztz.ba\/ba\/wp-content\/uploads\/2023\/02\/SL2-150x150.jpg 150w, https:\/\/tztz.ba\/ba\/wp-content\/uploads\/2023\/02\/SL2-350x350.jpg 350w, https:\/\/tztz.ba\/ba\/wp-content\/uploads\/2023\/02\/SL2-400x400.jpg 400w\" sizes=\"auto, (max-width: 150px) 100vw, 150px\" \/><\/a>\n\t\t\t<\/dt><\/dl>\n\t\t\t<br style='clear: both' \/>\n\t\t<\/div>\n\n<p>&nbsp;<\/p>\n","protected":false},"excerpt":{"rendered":"<p>Apartman B&amp;D&#8221; se nalazi na 3. spratu stambene zgrade sa liftom, koja je smje\u0161tena u&#8230;<\/p>\n","protected":false},"author":1,"featured_media":18109,"parent":16056,"menu_order":0,"comment_status":"closed","ping_status":"closed","template":"templates\/smjestaj.php","meta":{"footnotes":""},"class_list":["post-18087","page","type-page","status-publish","has-post-thumbnail","hentry"],"_links":{"self":[{"href":"https:\/\/tztz.ba\/ba\/wp-json\/wp\/v2\/pages\/18087","targetHints":{"allow":["GET"]}}],"collection":[{"href":"https:\/\/tztz.ba\/ba\/wp-json\/wp\/v2\/pages"}],"about":[{"href":"https:\/\/tztz.ba\/ba\/wp-json\/wp\/v2\/types\/page"}],"author":[{"embeddable":true,"href":"https:\/\/tztz.ba\/ba\/wp-json\/wp\/v2\/users\/1"}],"replies":[{"embeddable":true,"href":"https:\/\/tztz.ba\/ba\/wp-json\/wp\/v2\/comments?post=18087"}],"version-history":[{"count":3,"href":"https:\/\/tztz.ba\/ba\/wp-json\/wp\/v2\/pages\/18087\/revisions"}],"predecessor-version":[{"id":18127,"href":"https:\/\/tztz.ba\/ba\/wp-json\/wp\/v2\/pages\/18087\/revisions\/18127"}],"up":[{"embeddable":true,"href":"https:\/\/tztz.ba\/ba\/wp-json\/wp\/v2\/pages\/16056"}],"wp:featuredmedia":[{"embeddable":true,"href":"https:\/\/tztz.ba\/ba\/wp-json\/wp\/v2\/media\/18109"}],"wp:attachment":[{"href":"https:\/\/tztz.ba\/ba\/wp-json\/wp\/v2\/media?parent=18087"}],"curies":[{"name":"wp","href":"https:\/\/api.w.org\/{rel}","templated":true}]}}