{"id":18317,"date":"2023-03-22T08:50:48","date_gmt":"2023-03-22T08:50:48","guid":{"rendered":"https:\/\/tztz.ba\/ba\/?page_id=18317"},"modified":"2024-11-14T09:09:34","modified_gmt":"2024-11-14T09:09:34","slug":"izletiste-ilincica","status":"publish","type":"page","link":"https:\/\/tztz.ba\/ba\/izletiste-ilincica\/","title":{"rendered":"Izleti\u0161te Ilin\u010dica"},"content":{"rendered":"<p>Izleti\u0161te Iin\u010dica je smje\u0161teno 2 kilometra ju\u017eno od sredi\u0161ta Tuzle. Nalazi se na nadmorskoj visini od 420 metara tj. 200 metara relativne visine, iznad sredi\u0161ta grada. Omiljeno je tuzlansko izleti\u0161te do kojeg vode mnoge pje\u0161a\u010dke staze, ali i saobra\u0107ajnice.<\/p>\n<p>Ovo izleti\u0161te spada u prirodnu ba\u0161tinu ruralnog dijela op\u0107ine Tuzle, te je kao za\u0161ti\u0107eni krajobraz pod za\u0161titom dr\u017eave. Zanimljiva geolo\u0161ka karakteristika Ilin\u010dice je \u0161to je na pojedinim mjestima dominantan pijesak u kojem se mogu prona\u0107i fosili \u0161koljaka.<\/p>\n<p>Na linku ni\u017ee mo\u017eete pogledati virtuelnu \u0161etnju Ilin\u010dicom:<\/p>\n<p><a href=\"https:\/\/ilincica.ba\/\">Panoramska virtuelna tura-Ilin\u010dica<\/a><\/p>\n<p>Na izleti\u0161tu su posjetiocima dostupni:<\/p>\n<ul>\n<li>objekat Doma prirode zajedno sa dvori\u0161tem i javnim WC-om,<\/li>\n<li>ure\u0111ena edukativno-biciklisti\u010dka staza u du\u017eini od 4 km koja je ozna\u010dena odgovaraju\u0107om signalizacijom i na kojoj su postavljene edukativne table sa informacijama o flori i fauni izleti\u0161ta Ilin\u010dica,<\/li>\n<li>16 mikro-lokacija za piknike,<\/li>\n<li>3 vidikovca.<\/li>\n<\/ul>\n<p>Pored toga, na izleti\u0161tu je od novembra 2024. dostupan i <strong>rekreacijsko-adrenalinski park<\/strong> kojeg \u010dine zip-line poligon, adrenalinska ruta, rekreativni park za djecu, te umjetna stijena za penjanje, koji su posjetiocima na raspolaganju <strong>BESPLATNO<\/strong>\u00a0 petkom, subotom i nedjeljom od 11.00 do 15.00.<\/p>\n<p>Za sve informacije, kontaktirajte Centar za kulturu Tuzla, koji upravlja Domom prirode!<\/p>\n<p>+387 61 152 669<\/p>\n<p>+387 35 276 150<\/p>\n<p>+387 35 252 002<\/p>\n<p><a href=\"mailto:portparol@centarzakulturutuzla.ba\">portparol@centarzakulturutuzla.ba<\/a><\/p>\n<p><a href=\"mailto:direktor@centarzakulturutuzla.ba\">direktor@centarzakulturutuzla.ba<\/a><\/p>\n<p>&nbsp;<\/p>\n<p>&nbsp;<\/p>\n\n\t\t<style type=\"text\/css\">\n\t\t\t#gallery-1 {\n\t\t\t\tmargin: auto;\n\t\t\t}\n\t\t\t#gallery-1 .gallery-item {\n\t\t\t\tfloat: left;\n\t\t\t\tmargin-top: 10px;\n\t\t\t\ttext-align: center;\n\t\t\t\twidth: 33%;\n\t\t\t}\n\t\t\t#gallery-1 img {\n\t\t\t\tborder: 2px solid #cfcfcf;\n\t\t\t}\n\t\t\t#gallery-1 .gallery-caption {\n\t\t\t\tmargin-left: 0;\n\t\t\t}\n\t\t\t\/* see gallery_shortcode() in wp-includes\/media.php *\/\n\t\t<\/style>\n\t\t<div id='gallery-1' class='gallery galleryid-18317 gallery-columns-3 gallery-size-thumbnail'><dl class='gallery-item'>\n\t\t\t<dt class='gallery-icon landscape'>\n\t\t\t\t<a href='https:\/\/tztz.ba\/ba\/wp-content\/uploads\/2023\/03\/dom-prirode-9.jpg'><img loading=\"lazy\" decoding=\"async\" width=\"150\" height=\"150\" src=\"https:\/\/tztz.ba\/ba\/wp-content\/uploads\/2023\/03\/dom-prirode-9-150x150.jpg\" class=\"attachment-thumbnail size-thumbnail\" alt=\"\" srcset=\"https:\/\/tztz.ba\/ba\/wp-content\/uploads\/2023\/03\/dom-prirode-9-150x150.jpg 150w, https:\/\/tztz.ba\/ba\/wp-content\/uploads\/2023\/03\/dom-prirode-9-350x350.jpg 350w, https:\/\/tztz.ba\/ba\/wp-content\/uploads\/2023\/03\/dom-prirode-9-400x400.jpg 400w\" sizes=\"auto, (max-width: 150px) 100vw, 150px\" \/><\/a>\n\t\t\t<\/dt><\/dl><dl class='gallery-item'>\n\t\t\t<dt class='gallery-icon landscape'>\n\t\t\t\t<a href='https:\/\/tztz.ba\/ba\/wp-content\/uploads\/2023\/03\/dom-prirode-16.jpg'><img loading=\"lazy\" decoding=\"async\" width=\"150\" height=\"150\" src=\"https:\/\/tztz.ba\/ba\/wp-content\/uploads\/2023\/03\/dom-prirode-16-150x150.jpg\" class=\"attachment-thumbnail size-thumbnail\" alt=\"\" srcset=\"https:\/\/tztz.ba\/ba\/wp-content\/uploads\/2023\/03\/dom-prirode-16-150x150.jpg 150w, https:\/\/tztz.ba\/ba\/wp-content\/uploads\/2023\/03\/dom-prirode-16-350x350.jpg 350w, https:\/\/tztz.ba\/ba\/wp-content\/uploads\/2023\/03\/dom-prirode-16-400x400.jpg 400w\" sizes=\"auto, (max-width: 150px) 100vw, 150px\" \/><\/a>\n\t\t\t<\/dt><\/dl><dl class='gallery-item'>\n\t\t\t<dt class='gallery-icon landscape'>\n\t\t\t\t<a href='https:\/\/tztz.ba\/ba\/wp-content\/uploads\/2023\/03\/dom-prirode-48.jpg'><img loading=\"lazy\" decoding=\"async\" width=\"150\" height=\"150\" src=\"https:\/\/tztz.ba\/ba\/wp-content\/uploads\/2023\/03\/dom-prirode-48-150x150.jpg\" class=\"attachment-thumbnail size-thumbnail\" alt=\"\" srcset=\"https:\/\/tztz.ba\/ba\/wp-content\/uploads\/2023\/03\/dom-prirode-48-150x150.jpg 150w, https:\/\/tztz.ba\/ba\/wp-content\/uploads\/2023\/03\/dom-prirode-48-350x350.jpg 350w, https:\/\/tztz.ba\/ba\/wp-content\/uploads\/2023\/03\/dom-prirode-48-400x400.jpg 400w\" sizes=\"auto, (max-width: 150px) 100vw, 150px\" \/><\/a>\n\t\t\t<\/dt><\/dl><br style=\"clear: both\" \/><dl class='gallery-item'>\n\t\t\t<dt class='gallery-icon landscape'>\n\t\t\t\t<a href='https:\/\/tztz.ba\/ba\/wp-content\/uploads\/2024\/11\/464936802_589733433395764_1354981831352999699_n-1.jpg'><img loading=\"lazy\" decoding=\"async\" width=\"150\" height=\"150\" src=\"https:\/\/tztz.ba\/ba\/wp-content\/uploads\/2024\/11\/464936802_589733433395764_1354981831352999699_n-1-150x150.jpg\" class=\"attachment-thumbnail size-thumbnail\" alt=\"\" srcset=\"https:\/\/tztz.ba\/ba\/wp-content\/uploads\/2024\/11\/464936802_589733433395764_1354981831352999699_n-1-150x150.jpg 150w, https:\/\/tztz.ba\/ba\/wp-content\/uploads\/2024\/11\/464936802_589733433395764_1354981831352999699_n-1-300x300.jpg 300w, https:\/\/tztz.ba\/ba\/wp-content\/uploads\/2024\/11\/464936802_589733433395764_1354981831352999699_n-1-768x768.jpg 768w, https:\/\/tztz.ba\/ba\/wp-content\/uploads\/2024\/11\/464936802_589733433395764_1354981831352999699_n-1-1024x1024.jpg 1024w, https:\/\/tztz.ba\/ba\/wp-content\/uploads\/2024\/11\/464936802_589733433395764_1354981831352999699_n-1-350x350.jpg 350w, https:\/\/tztz.ba\/ba\/wp-content\/uploads\/2024\/11\/464936802_589733433395764_1354981831352999699_n-1-400x400.jpg 400w, https:\/\/tztz.ba\/ba\/wp-content\/uploads\/2024\/11\/464936802_589733433395764_1354981831352999699_n-1.jpg 2048w\" sizes=\"auto, (max-width: 150px) 100vw, 150px\" \/><\/a>\n\t\t\t<\/dt><\/dl><dl class='gallery-item'>\n\t\t\t<dt class='gallery-icon landscape'>\n\t\t\t\t<a href='https:\/\/tztz.ba\/ba\/wp-content\/uploads\/2024\/11\/464960885_589733670062407_5101993427071493153_n-1.jpg'><img loading=\"lazy\" decoding=\"async\" width=\"150\" height=\"150\" src=\"https:\/\/tztz.ba\/ba\/wp-content\/uploads\/2024\/11\/464960885_589733670062407_5101993427071493153_n-1-150x150.jpg\" class=\"attachment-thumbnail size-thumbnail\" alt=\"\" srcset=\"https:\/\/tztz.ba\/ba\/wp-content\/uploads\/2024\/11\/464960885_589733670062407_5101993427071493153_n-1-150x150.jpg 150w, https:\/\/tztz.ba\/ba\/wp-content\/uploads\/2024\/11\/464960885_589733670062407_5101993427071493153_n-1-300x300.jpg 300w, https:\/\/tztz.ba\/ba\/wp-content\/uploads\/2024\/11\/464960885_589733670062407_5101993427071493153_n-1-768x768.jpg 768w, https:\/\/tztz.ba\/ba\/wp-content\/uploads\/2024\/11\/464960885_589733670062407_5101993427071493153_n-1-1024x1024.jpg 1024w, https:\/\/tztz.ba\/ba\/wp-content\/uploads\/2024\/11\/464960885_589733670062407_5101993427071493153_n-1-350x350.jpg 350w, https:\/\/tztz.ba\/ba\/wp-content\/uploads\/2024\/11\/464960885_589733670062407_5101993427071493153_n-1-400x400.jpg 400w, https:\/\/tztz.ba\/ba\/wp-content\/uploads\/2024\/11\/464960885_589733670062407_5101993427071493153_n-1.jpg 2048w\" sizes=\"auto, (max-width: 150px) 100vw, 150px\" \/><\/a>\n\t\t\t<\/dt><\/dl><dl class='gallery-item'>\n\t\t\t<dt class='gallery-icon landscape'>\n\t\t\t\t<a href='https:\/\/tztz.ba\/ba\/wp-content\/uploads\/2024\/11\/MG_0755-1.jpg'><img loading=\"lazy\" decoding=\"async\" width=\"150\" height=\"150\" src=\"https:\/\/tztz.ba\/ba\/wp-content\/uploads\/2024\/11\/MG_0755-1-150x150.jpg\" class=\"attachment-thumbnail size-thumbnail\" alt=\"\" srcset=\"https:\/\/tztz.ba\/ba\/wp-content\/uploads\/2024\/11\/MG_0755-1-150x150.jpg 150w, https:\/\/tztz.ba\/ba\/wp-content\/uploads\/2024\/11\/MG_0755-1-350x350.jpg 350w, https:\/\/tztz.ba\/ba\/wp-content\/uploads\/2024\/11\/MG_0755-1-400x400.jpg 400w\" sizes=\"auto, (max-width: 150px) 100vw, 150px\" \/><\/a>\n\t\t\t<\/dt><\/dl><br style=\"clear: both\" \/><dl class='gallery-item'>\n\t\t\t<dt class='gallery-icon landscape'>\n\t\t\t\t<a href='https:\/\/tztz.ba\/ba\/wp-content\/uploads\/2024\/11\/MG_0759-1.jpg'><img loading=\"lazy\" decoding=\"async\" width=\"150\" height=\"150\" src=\"https:\/\/tztz.ba\/ba\/wp-content\/uploads\/2024\/11\/MG_0759-1-150x150.jpg\" class=\"attachment-thumbnail size-thumbnail\" alt=\"\" srcset=\"https:\/\/tztz.ba\/ba\/wp-content\/uploads\/2024\/11\/MG_0759-1-150x150.jpg 150w, https:\/\/tztz.ba\/ba\/wp-content\/uploads\/2024\/11\/MG_0759-1-350x350.jpg 350w, https:\/\/tztz.ba\/ba\/wp-content\/uploads\/2024\/11\/MG_0759-1-400x400.jpg 400w\" sizes=\"auto, (max-width: 150px) 100vw, 150px\" \/><\/a>\n\t\t\t<\/dt><\/dl><dl class='gallery-item'>\n\t\t\t<dt class='gallery-icon landscape'>\n\t\t\t\t<a href='https:\/\/tztz.ba\/ba\/wp-content\/uploads\/2024\/11\/MG_0765-1.jpg'><img loading=\"lazy\" decoding=\"async\" width=\"150\" height=\"150\" src=\"https:\/\/tztz.ba\/ba\/wp-content\/uploads\/2024\/11\/MG_0765-1-150x150.jpg\" class=\"attachment-thumbnail size-thumbnail\" alt=\"\" srcset=\"https:\/\/tztz.ba\/ba\/wp-content\/uploads\/2024\/11\/MG_0765-1-150x150.jpg 150w, https:\/\/tztz.ba\/ba\/wp-content\/uploads\/2024\/11\/MG_0765-1-350x350.jpg 350w, https:\/\/tztz.ba\/ba\/wp-content\/uploads\/2024\/11\/MG_0765-1-400x400.jpg 400w\" sizes=\"auto, (max-width: 150px) 100vw, 150px\" \/><\/a>\n\t\t\t<\/dt><\/dl><dl class='gallery-item'>\n\t\t\t<dt class='gallery-icon landscape'>\n\t\t\t\t<a href='https:\/\/tztz.ba\/ba\/wp-content\/uploads\/2024\/11\/MG_1052-1.jpg'><img loading=\"lazy\" decoding=\"async\" width=\"150\" height=\"150\" src=\"https:\/\/tztz.ba\/ba\/wp-content\/uploads\/2024\/11\/MG_1052-1-150x150.jpg\" class=\"attachment-thumbnail size-thumbnail\" alt=\"\" srcset=\"https:\/\/tztz.ba\/ba\/wp-content\/uploads\/2024\/11\/MG_1052-1-150x150.jpg 150w, https:\/\/tztz.ba\/ba\/wp-content\/uploads\/2024\/11\/MG_1052-1-350x350.jpg 350w, https:\/\/tztz.ba\/ba\/wp-content\/uploads\/2024\/11\/MG_1052-1-400x400.jpg 400w\" sizes=\"auto, (max-width: 150px) 100vw, 150px\" \/><\/a>\n\t\t\t<\/dt><\/dl><br style=\"clear: both\" \/><dl class='gallery-item'>\n\t\t\t<dt class='gallery-icon portrait'>\n\t\t\t\t<a href='https:\/\/tztz.ba\/ba\/wp-content\/uploads\/2024\/11\/NERDA-Open-Air-Everywhere-007.jpg'><img loading=\"lazy\" decoding=\"async\" width=\"150\" height=\"150\" src=\"https:\/\/tztz.ba\/ba\/wp-content\/uploads\/2024\/11\/NERDA-Open-Air-Everywhere-007-150x150.jpg\" class=\"attachment-thumbnail size-thumbnail\" alt=\"\" srcset=\"https:\/\/tztz.ba\/ba\/wp-content\/uploads\/2024\/11\/NERDA-Open-Air-Everywhere-007-150x150.jpg 150w, https:\/\/tztz.ba\/ba\/wp-content\/uploads\/2024\/11\/NERDA-Open-Air-Everywhere-007-350x350.jpg 350w, https:\/\/tztz.ba\/ba\/wp-content\/uploads\/2024\/11\/NERDA-Open-Air-Everywhere-007-400x400.jpg 400w\" sizes=\"auto, (max-width: 150px) 100vw, 150px\" \/><\/a>\n\t\t\t<\/dt><\/dl><dl class='gallery-item'>\n\t\t\t<dt class='gallery-icon portrait'>\n\t\t\t\t<a href='https:\/\/tztz.ba\/ba\/wp-content\/uploads\/2024\/11\/NERDA-Open-Air-Everywhere-022.jpg'><img loading=\"lazy\" decoding=\"async\" width=\"150\" height=\"150\" src=\"https:\/\/tztz.ba\/ba\/wp-content\/uploads\/2024\/11\/NERDA-Open-Air-Everywhere-022-150x150.jpg\" class=\"attachment-thumbnail size-thumbnail\" alt=\"\" srcset=\"https:\/\/tztz.ba\/ba\/wp-content\/uploads\/2024\/11\/NERDA-Open-Air-Everywhere-022-150x150.jpg 150w, https:\/\/tztz.ba\/ba\/wp-content\/uploads\/2024\/11\/NERDA-Open-Air-Everywhere-022-350x350.jpg 350w, https:\/\/tztz.ba\/ba\/wp-content\/uploads\/2024\/11\/NERDA-Open-Air-Everywhere-022-400x400.jpg 400w\" sizes=\"auto, (max-width: 150px) 100vw, 150px\" \/><\/a>\n\t\t\t<\/dt><\/dl><dl class='gallery-item'>\n\t\t\t<dt class='gallery-icon landscape'>\n\t\t\t\t<a href='https:\/\/tztz.ba\/ba\/wp-content\/uploads\/2024\/11\/NERDA-Open-Air-Everywhere-062.jpg'><img loading=\"lazy\" decoding=\"async\" width=\"150\" height=\"150\" src=\"https:\/\/tztz.ba\/ba\/wp-content\/uploads\/2024\/11\/NERDA-Open-Air-Everywhere-062-150x150.jpg\" class=\"attachment-thumbnail size-thumbnail\" alt=\"\" srcset=\"https:\/\/tztz.ba\/ba\/wp-content\/uploads\/2024\/11\/NERDA-Open-Air-Everywhere-062-150x150.jpg 150w, https:\/\/tztz.ba\/ba\/wp-content\/uploads\/2024\/11\/NERDA-Open-Air-Everywhere-062-350x350.jpg 350w, https:\/\/tztz.ba\/ba\/wp-content\/uploads\/2024\/11\/NERDA-Open-Air-Everywhere-062-400x400.jpg 400w\" sizes=\"auto, (max-width: 150px) 100vw, 150px\" \/><\/a>\n\t\t\t<\/dt><\/dl><br style=\"clear: both\" \/><dl class='gallery-item'>\n\t\t\t<dt class='gallery-icon landscape'>\n\t\t\t\t<a href='https:\/\/tztz.ba\/ba\/wp-content\/uploads\/2024\/11\/NERDA-Open-Air-Everywhere-175.jpg'><img loading=\"lazy\" decoding=\"async\" width=\"150\" height=\"150\" src=\"https:\/\/tztz.ba\/ba\/wp-content\/uploads\/2024\/11\/NERDA-Open-Air-Everywhere-175-150x150.jpg\" class=\"attachment-thumbnail size-thumbnail\" alt=\"\" srcset=\"https:\/\/tztz.ba\/ba\/wp-content\/uploads\/2024\/11\/NERDA-Open-Air-Everywhere-175-150x150.jpg 150w, https:\/\/tztz.ba\/ba\/wp-content\/uploads\/2024\/11\/NERDA-Open-Air-Everywhere-175-350x350.jpg 350w, https:\/\/tztz.ba\/ba\/wp-content\/uploads\/2024\/11\/NERDA-Open-Air-Everywhere-175-400x400.jpg 400w\" sizes=\"auto, (max-width: 150px) 100vw, 150px\" \/><\/a>\n\t\t\t<\/dt><\/dl><dl class='gallery-item'>\n\t\t\t<dt class='gallery-icon landscape'>\n\t\t\t\t<a href='https:\/\/tztz.ba\/ba\/wp-content\/uploads\/2024\/11\/NERDA-Open-Air-Everywhere-178.jpg'><img loading=\"lazy\" decoding=\"async\" width=\"150\" height=\"150\" src=\"https:\/\/tztz.ba\/ba\/wp-content\/uploads\/2024\/11\/NERDA-Open-Air-Everywhere-178-150x150.jpg\" class=\"attachment-thumbnail size-thumbnail\" alt=\"\" srcset=\"https:\/\/tztz.ba\/ba\/wp-content\/uploads\/2024\/11\/NERDA-Open-Air-Everywhere-178-150x150.jpg 150w, https:\/\/tztz.ba\/ba\/wp-content\/uploads\/2024\/11\/NERDA-Open-Air-Everywhere-178-350x350.jpg 350w, https:\/\/tztz.ba\/ba\/wp-content\/uploads\/2024\/11\/NERDA-Open-Air-Everywhere-178-400x400.jpg 400w\" sizes=\"auto, (max-width: 150px) 100vw, 150px\" \/><\/a>\n\t\t\t<\/dt><\/dl><dl class='gallery-item'>\n\t\t\t<dt class='gallery-icon portrait'>\n\t\t\t\t<a href='https:\/\/tztz.ba\/ba\/wp-content\/uploads\/2024\/11\/NERDA-Open-Air-Everywhere-249.jpg'><img loading=\"lazy\" decoding=\"async\" width=\"150\" height=\"150\" src=\"https:\/\/tztz.ba\/ba\/wp-content\/uploads\/2024\/11\/NERDA-Open-Air-Everywhere-249-150x150.jpg\" class=\"attachment-thumbnail size-thumbnail\" alt=\"\" srcset=\"https:\/\/tztz.ba\/ba\/wp-content\/uploads\/2024\/11\/NERDA-Open-Air-Everywhere-249-150x150.jpg 150w, https:\/\/tztz.ba\/ba\/wp-content\/uploads\/2024\/11\/NERDA-Open-Air-Everywhere-249-350x350.jpg 350w, https:\/\/tztz.ba\/ba\/wp-content\/uploads\/2024\/11\/NERDA-Open-Air-Everywhere-249-400x400.jpg 400w\" sizes=\"auto, (max-width: 150px) 100vw, 150px\" \/><\/a>\n\t\t\t<\/dt><\/dl><br style=\"clear: both\" \/><dl class='gallery-item'>\n\t\t\t<dt class='gallery-icon portrait'>\n\t\t\t\t<a href='https:\/\/tztz.ba\/ba\/wp-content\/uploads\/2024\/11\/NERDA-Open-Air-Everywhere-257.jpg'><img loading=\"lazy\" decoding=\"async\" width=\"150\" height=\"150\" src=\"https:\/\/tztz.ba\/ba\/wp-content\/uploads\/2024\/11\/NERDA-Open-Air-Everywhere-257-150x150.jpg\" class=\"attachment-thumbnail size-thumbnail\" alt=\"\" srcset=\"https:\/\/tztz.ba\/ba\/wp-content\/uploads\/2024\/11\/NERDA-Open-Air-Everywhere-257-150x150.jpg 150w, https:\/\/tztz.ba\/ba\/wp-content\/uploads\/2024\/11\/NERDA-Open-Air-Everywhere-257-350x350.jpg 350w, https:\/\/tztz.ba\/ba\/wp-content\/uploads\/2024\/11\/NERDA-Open-Air-Everywhere-257-400x400.jpg 400w\" sizes=\"auto, (max-width: 150px) 100vw, 150px\" \/><\/a>\n\t\t\t<\/dt><\/dl><dl class='gallery-item'>\n\t\t\t<dt class='gallery-icon portrait'>\n\t\t\t\t<a href='https:\/\/tztz.ba\/ba\/wp-content\/uploads\/2024\/11\/NERDA-Open-Air-Everywhere-262.jpg'><img loading=\"lazy\" decoding=\"async\" width=\"150\" height=\"150\" src=\"https:\/\/tztz.ba\/ba\/wp-content\/uploads\/2024\/11\/NERDA-Open-Air-Everywhere-262-150x150.jpg\" class=\"attachment-thumbnail size-thumbnail\" alt=\"\" srcset=\"https:\/\/tztz.ba\/ba\/wp-content\/uploads\/2024\/11\/NERDA-Open-Air-Everywhere-262-150x150.jpg 150w, https:\/\/tztz.ba\/ba\/wp-content\/uploads\/2024\/11\/NERDA-Open-Air-Everywhere-262-350x350.jpg 350w, https:\/\/tztz.ba\/ba\/wp-content\/uploads\/2024\/11\/NERDA-Open-Air-Everywhere-262-400x400.jpg 400w\" sizes=\"auto, (max-width: 150px) 100vw, 150px\" \/><\/a>\n\t\t\t<\/dt><\/dl><dl class='gallery-item'>\n\t\t\t<dt class='gallery-icon landscape'>\n\t\t\t\t<a href='https:\/\/tztz.ba\/ba\/wp-content\/uploads\/2024\/11\/NERDA-Open-Air-Everywhere-266.jpg'><img loading=\"lazy\" decoding=\"async\" width=\"150\" height=\"150\" src=\"https:\/\/tztz.ba\/ba\/wp-content\/uploads\/2024\/11\/NERDA-Open-Air-Everywhere-266-150x150.jpg\" class=\"attachment-thumbnail size-thumbnail\" alt=\"\" srcset=\"https:\/\/tztz.ba\/ba\/wp-content\/uploads\/2024\/11\/NERDA-Open-Air-Everywhere-266-150x150.jpg 150w, https:\/\/tztz.ba\/ba\/wp-content\/uploads\/2024\/11\/NERDA-Open-Air-Everywhere-266-350x350.jpg 350w, https:\/\/tztz.ba\/ba\/wp-content\/uploads\/2024\/11\/NERDA-Open-Air-Everywhere-266-400x400.jpg 400w\" sizes=\"auto, (max-width: 150px) 100vw, 150px\" \/><\/a>\n\t\t\t<\/dt><\/dl><br style=\"clear: both\" \/><dl class='gallery-item'>\n\t\t\t<dt class='gallery-icon landscape'>\n\t\t\t\t<a href='https:\/\/tztz.ba\/ba\/wp-content\/uploads\/2024\/11\/NERDA-Open-Air-Everywhere-281.jpg'><img loading=\"lazy\" decoding=\"async\" width=\"150\" height=\"150\" src=\"https:\/\/tztz.ba\/ba\/wp-content\/uploads\/2024\/11\/NERDA-Open-Air-Everywhere-281-150x150.jpg\" class=\"attachment-thumbnail size-thumbnail\" alt=\"\" srcset=\"https:\/\/tztz.ba\/ba\/wp-content\/uploads\/2024\/11\/NERDA-Open-Air-Everywhere-281-150x150.jpg 150w, https:\/\/tztz.ba\/ba\/wp-content\/uploads\/2024\/11\/NERDA-Open-Air-Everywhere-281-350x350.jpg 350w, https:\/\/tztz.ba\/ba\/wp-content\/uploads\/2024\/11\/NERDA-Open-Air-Everywhere-281-400x400.jpg 400w\" sizes=\"auto, (max-width: 150px) 100vw, 150px\" \/><\/a>\n\t\t\t<\/dt><\/dl><dl class='gallery-item'>\n\t\t\t<dt class='gallery-icon landscape'>\n\t\t\t\t<a href='https:\/\/tztz.ba\/ba\/wp-content\/uploads\/2024\/11\/NERDA-Open-Air-Everywhere-307.jpg'><img loading=\"lazy\" decoding=\"async\" width=\"150\" height=\"150\" src=\"https:\/\/tztz.ba\/ba\/wp-content\/uploads\/2024\/11\/NERDA-Open-Air-Everywhere-307-150x150.jpg\" class=\"attachment-thumbnail size-thumbnail\" alt=\"\" srcset=\"https:\/\/tztz.ba\/ba\/wp-content\/uploads\/2024\/11\/NERDA-Open-Air-Everywhere-307-150x150.jpg 150w, https:\/\/tztz.ba\/ba\/wp-content\/uploads\/2024\/11\/NERDA-Open-Air-Everywhere-307-350x350.jpg 350w, https:\/\/tztz.ba\/ba\/wp-content\/uploads\/2024\/11\/NERDA-Open-Air-Everywhere-307-400x400.jpg 400w\" sizes=\"auto, (max-width: 150px) 100vw, 150px\" \/><\/a>\n\t\t\t<\/dt><\/dl><dl class='gallery-item'>\n\t\t\t<dt class='gallery-icon landscape'>\n\t\t\t\t<a href='https:\/\/tztz.ba\/ba\/wp-content\/uploads\/2024\/11\/NERDA-Open-Air-Everywhere-335.jpg'><img loading=\"lazy\" decoding=\"async\" width=\"150\" height=\"150\" src=\"https:\/\/tztz.ba\/ba\/wp-content\/uploads\/2024\/11\/NERDA-Open-Air-Everywhere-335-150x150.jpg\" class=\"attachment-thumbnail size-thumbnail\" alt=\"\" srcset=\"https:\/\/tztz.ba\/ba\/wp-content\/uploads\/2024\/11\/NERDA-Open-Air-Everywhere-335-150x150.jpg 150w, https:\/\/tztz.ba\/ba\/wp-content\/uploads\/2024\/11\/NERDA-Open-Air-Everywhere-335-350x350.jpg 350w, https:\/\/tztz.ba\/ba\/wp-content\/uploads\/2024\/11\/NERDA-Open-Air-Everywhere-335-400x400.jpg 400w\" sizes=\"auto, (max-width: 150px) 100vw, 150px\" \/><\/a>\n\t\t\t<\/dt><\/dl><br style=\"clear: both\" \/>\n\t\t<\/div>\n\n","protected":false},"excerpt":{"rendered":"<p>Izleti\u0161te Iin\u010dica je smje\u0161teno 2 kilometra ju\u017eno od sredi\u0161ta Tuzle. Nalazi se na nadmorskoj visini&#8230;<\/p>\n","protected":false},"author":1,"featured_media":24116,"parent":0,"menu_order":0,"comment_status":"closed","ping_status":"closed","template":"","meta":{"footnotes":""},"class_list":["post-18317","page","type-page","status-publish","has-post-thumbnail","hentry"],"_links":{"self":[{"href":"https:\/\/tztz.ba\/ba\/wp-json\/wp\/v2\/pages\/18317","targetHints":{"allow":["GET"]}}],"collection":[{"href":"https:\/\/tztz.ba\/ba\/wp-json\/wp\/v2\/pages"}],"about":[{"href":"https:\/\/tztz.ba\/ba\/wp-json\/wp\/v2\/types\/page"}],"author":[{"embeddable":true,"href":"https:\/\/tztz.ba\/ba\/wp-json\/wp\/v2\/users\/1"}],"replies":[{"embeddable":true,"href":"https:\/\/tztz.ba\/ba\/wp-json\/wp\/v2\/comments?post=18317"}],"version-history":[{"count":6,"href":"https:\/\/tztz.ba\/ba\/wp-json\/wp\/v2\/pages\/18317\/revisions"}],"predecessor-version":[{"id":24121,"href":"https:\/\/tztz.ba\/ba\/wp-json\/wp\/v2\/pages\/18317\/revisions\/24121"}],"wp:featuredmedia":[{"embeddable":true,"href":"https:\/\/tztz.ba\/ba\/wp-json\/wp\/v2\/media\/24116"}],"wp:attachment":[{"href":"https:\/\/tztz.ba\/ba\/wp-json\/wp\/v2\/media?parent=18317"}],"curies":[{"name":"wp","href":"https:\/\/api.w.org\/{rel}","templated":true}]}}