{"id":18397,"date":"2023-03-28T11:40:46","date_gmt":"2023-03-28T11:40:46","guid":{"rendered":"https:\/\/tztz.ba\/ba\/?page_id=18397"},"modified":"2023-03-28T11:40:46","modified_gmt":"2023-03-28T11:40:46","slug":"kuca-bosanskog-jezika","status":"publish","type":"page","link":"https:\/\/tztz.ba\/ba\/kuca-bosanskog-jezika\/","title":{"rendered":"Ku\u0107a bosanskog jezika"},"content":{"rendered":"<p style=\"font-weight: 400;\">Ku\u0107a bosanskog jezika je stalna muzejska postavka posve\u0107ena bogatoj historiji bosanskog jezika i bosanskohercegova\u010dke kulture. Nastala je na inicijativu Gradona\u010delnika grada Tuzla, Jasmina Imamovi\u0107a i njena stalna muzejska postavka se sastoji iz dvije cjeline. Prva cjelina donosi sadr\u017eaje (povelje, epigrafske natpise, pisma, rukopise, \u0161tampane knjige) od Povelje Kulina bana (29. avgust 1189.) do Ustava Federacije Bosne i Hercegovine iz 1994. godine kada se bosanski jezik, nakon ukidanja njegovog naziva 1907. godine, ponovo vra\u0107a u slu\u017ebenu upotrebu. Pored spomenutih dokumenata iz bogate bosanskohercegova\u010dke jezi\u010dke tradicije, javnosti su predstavljeni sadr\u017eaji Povelje bana Stjepana II Kotromani\u0107a, Kunovski zapis, Huma\u010dka plo\u010da, Pismo Gazi-Husrev bega, zatim naslovne stranice knjiga Matije Divkovi\u0107a, Nauk krstjanski i prevod djela Ispovjedaonik, fra Stjepana Matijevi\u0107a sa latinskog na bosanski jezik, tekst fra Antuna Kne\u017eevi\u0107a objavljen u \u010dasopisu \u201eBosanski prijatelj\u201c 1870. godine, kao i slu\u017ebene evidencije iz austrougarskog perioda (1878-1918), te reprint izdanje \u201eGramatika bosanskog jezika\u201c iz 1890. godine. Druga cjelina je posve\u0107ena autoru prvog bosansko-turskog rje\u010dnika, Muhamedu Hevaiji Uskufiju, koji se u literaturi naziva Maqbuli Arif i\/ili Potur \u0160ahidija. Djelo je nastalo 1631. godine i predstavlja vrijedno djelo slavenske lingvistike i pravu vrijednost u historiji slavistike. Ovaj rje\u010dnik predstavlja materijalni dokaz i kulturni spomenik o vi\u0161estoljetnoj kulturnoj pro\u0161losti bosanskog jezika i Bosne i Hercegovine.<\/p>\n<p style=\"font-weight: 400;\">Posjete se mogu organizirati uz prethodnu najavu na info telefone i kontakt e-mail adrese JU Centar za kulturu Tuzla:<\/p>\n<p style=\"font-weight: 400;\">+387<a href=\"https:\/\/www.google.com\/search?q=dom+knji%C5%BEevnosti+tuzla&amp;oq=dom+knji%C5%BEevnosti+tuzla&amp;aqs=chrome..69i57.3472j0j7&amp;sourceid=chrome&amp;ie=UTF-8\" data-saferedirecturl=\"https:\/\/www.google.com\/url?q=https:\/\/www.google.com\/search?q%3Ddom%2Bknji%25C5%25BEevnosti%2Btuzla%26oq%3Ddom%2Bknji%25C5%25BEevnosti%2Btuzla%26aqs%3Dchrome..69i57.3472j0j7%26sourceid%3Dchrome%26ie%3DUTF-8&amp;source=gmail&amp;ust=1680089586757000&amp;usg=AOvVaw251xNFGNeoFYf_7kdoiEwD\">\u00a035 258 022<\/a><\/p>\n<p style=\"font-weight: 400;\">+387 35 276 150<\/p>\n<p style=\"font-weight: 400;\"><a href=\"mailto:portparol@centarzakulturutuzla.ba\">portparol@centarzakulturutuzla.ba<\/a><\/p>\n<p style=\"font-weight: 400;\"><a href=\"mailto:direktor@centarzakulturutuzla.ba\">direktor@centarzakulturutuzla.ba<\/a><\/p>\n<p>&nbsp;<\/p>\n\n\t\t<style type=\"text\/css\">\n\t\t\t#gallery-1 {\n\t\t\t\tmargin: auto;\n\t\t\t}\n\t\t\t#gallery-1 .gallery-item {\n\t\t\t\tfloat: left;\n\t\t\t\tmargin-top: 10px;\n\t\t\t\ttext-align: center;\n\t\t\t\twidth: 33%;\n\t\t\t}\n\t\t\t#gallery-1 img {\n\t\t\t\tborder: 2px solid #cfcfcf;\n\t\t\t}\n\t\t\t#gallery-1 .gallery-caption {\n\t\t\t\tmargin-left: 0;\n\t\t\t}\n\t\t\t\/* see gallery_shortcode() in wp-includes\/media.php *\/\n\t\t<\/style>\n\t\t<div id='gallery-1' class='gallery galleryid-18397 gallery-columns-3 gallery-size-thumbnail'><dl class='gallery-item'>\n\t\t\t<dt class='gallery-icon portrait'>\n\t\t\t\t<a href='https:\/\/tztz.ba\/ba\/wp-content\/uploads\/2023\/03\/20230221_111022.jpg'><img loading=\"lazy\" decoding=\"async\" width=\"150\" height=\"150\" src=\"https:\/\/tztz.ba\/ba\/wp-content\/uploads\/2023\/03\/20230221_111022-150x150.jpg\" class=\"attachment-thumbnail size-thumbnail\" alt=\"\" srcset=\"https:\/\/tztz.ba\/ba\/wp-content\/uploads\/2023\/03\/20230221_111022-150x150.jpg 150w, https:\/\/tztz.ba\/ba\/wp-content\/uploads\/2023\/03\/20230221_111022-350x350.jpg 350w, https:\/\/tztz.ba\/ba\/wp-content\/uploads\/2023\/03\/20230221_111022-400x400.jpg 400w\" sizes=\"auto, (max-width: 150px) 100vw, 150px\" \/><\/a>\n\t\t\t<\/dt><\/dl><dl class='gallery-item'>\n\t\t\t<dt class='gallery-icon landscape'>\n\t\t\t\t<a href='https:\/\/tztz.ba\/ba\/wp-content\/uploads\/2023\/03\/20230221_111037.jpg'><img loading=\"lazy\" decoding=\"async\" width=\"150\" height=\"150\" src=\"https:\/\/tztz.ba\/ba\/wp-content\/uploads\/2023\/03\/20230221_111037-150x150.jpg\" class=\"attachment-thumbnail size-thumbnail\" alt=\"\" srcset=\"https:\/\/tztz.ba\/ba\/wp-content\/uploads\/2023\/03\/20230221_111037-150x150.jpg 150w, https:\/\/tztz.ba\/ba\/wp-content\/uploads\/2023\/03\/20230221_111037-350x350.jpg 350w, https:\/\/tztz.ba\/ba\/wp-content\/uploads\/2023\/03\/20230221_111037-400x400.jpg 400w\" sizes=\"auto, (max-width: 150px) 100vw, 150px\" \/><\/a>\n\t\t\t<\/dt><\/dl><dl class='gallery-item'>\n\t\t\t<dt class='gallery-icon landscape'>\n\t\t\t\t<a href='https:\/\/tztz.ba\/ba\/wp-content\/uploads\/2023\/03\/20230221_111111.jpg'><img loading=\"lazy\" decoding=\"async\" width=\"150\" height=\"150\" src=\"https:\/\/tztz.ba\/ba\/wp-content\/uploads\/2023\/03\/20230221_111111-150x150.jpg\" class=\"attachment-thumbnail size-thumbnail\" alt=\"\" srcset=\"https:\/\/tztz.ba\/ba\/wp-content\/uploads\/2023\/03\/20230221_111111-150x150.jpg 150w, https:\/\/tztz.ba\/ba\/wp-content\/uploads\/2023\/03\/20230221_111111-350x350.jpg 350w, https:\/\/tztz.ba\/ba\/wp-content\/uploads\/2023\/03\/20230221_111111-400x400.jpg 400w\" sizes=\"auto, (max-width: 150px) 100vw, 150px\" \/><\/a>\n\t\t\t<\/dt><\/dl><br style=\"clear: both\" \/><dl class='gallery-item'>\n\t\t\t<dt class='gallery-icon landscape'>\n\t\t\t\t<a href='https:\/\/tztz.ba\/ba\/wp-content\/uploads\/2023\/03\/20230221_111116.jpg'><img loading=\"lazy\" decoding=\"async\" width=\"150\" height=\"150\" src=\"https:\/\/tztz.ba\/ba\/wp-content\/uploads\/2023\/03\/20230221_111116-150x150.jpg\" class=\"attachment-thumbnail size-thumbnail\" alt=\"\" srcset=\"https:\/\/tztz.ba\/ba\/wp-content\/uploads\/2023\/03\/20230221_111116-150x150.jpg 150w, https:\/\/tztz.ba\/ba\/wp-content\/uploads\/2023\/03\/20230221_111116-350x350.jpg 350w, https:\/\/tztz.ba\/ba\/wp-content\/uploads\/2023\/03\/20230221_111116-400x400.jpg 400w\" sizes=\"auto, (max-width: 150px) 100vw, 150px\" \/><\/a>\n\t\t\t<\/dt><\/dl><dl class='gallery-item'>\n\t\t\t<dt class='gallery-icon landscape'>\n\t\t\t\t<a href='https:\/\/tztz.ba\/ba\/wp-content\/uploads\/2023\/03\/20230221_111123.jpg'><img loading=\"lazy\" decoding=\"async\" width=\"150\" height=\"150\" src=\"https:\/\/tztz.ba\/ba\/wp-content\/uploads\/2023\/03\/20230221_111123-150x150.jpg\" class=\"attachment-thumbnail size-thumbnail\" alt=\"\" srcset=\"https:\/\/tztz.ba\/ba\/wp-content\/uploads\/2023\/03\/20230221_111123-150x150.jpg 150w, https:\/\/tztz.ba\/ba\/wp-content\/uploads\/2023\/03\/20230221_111123-350x350.jpg 350w, https:\/\/tztz.ba\/ba\/wp-content\/uploads\/2023\/03\/20230221_111123-400x400.jpg 400w\" sizes=\"auto, (max-width: 150px) 100vw, 150px\" \/><\/a>\n\t\t\t<\/dt><\/dl><dl class='gallery-item'>\n\t\t\t<dt class='gallery-icon landscape'>\n\t\t\t\t<a href='https:\/\/tztz.ba\/ba\/wp-content\/uploads\/2023\/03\/20230221_111140.jpg'><img loading=\"lazy\" decoding=\"async\" width=\"150\" height=\"150\" src=\"https:\/\/tztz.ba\/ba\/wp-content\/uploads\/2023\/03\/20230221_111140-150x150.jpg\" class=\"attachment-thumbnail size-thumbnail\" alt=\"\" srcset=\"https:\/\/tztz.ba\/ba\/wp-content\/uploads\/2023\/03\/20230221_111140-150x150.jpg 150w, https:\/\/tztz.ba\/ba\/wp-content\/uploads\/2023\/03\/20230221_111140-350x350.jpg 350w, https:\/\/tztz.ba\/ba\/wp-content\/uploads\/2023\/03\/20230221_111140-400x400.jpg 400w\" sizes=\"auto, (max-width: 150px) 100vw, 150px\" \/><\/a>\n\t\t\t<\/dt><\/dl><br style=\"clear: both\" \/><dl class='gallery-item'>\n\t\t\t<dt class='gallery-icon landscape'>\n\t\t\t\t<a href='https:\/\/tztz.ba\/ba\/wp-content\/uploads\/2023\/03\/20230221_111201.jpg'><img loading=\"lazy\" decoding=\"async\" width=\"150\" height=\"150\" src=\"https:\/\/tztz.ba\/ba\/wp-content\/uploads\/2023\/03\/20230221_111201-150x150.jpg\" class=\"attachment-thumbnail size-thumbnail\" alt=\"\" srcset=\"https:\/\/tztz.ba\/ba\/wp-content\/uploads\/2023\/03\/20230221_111201-150x150.jpg 150w, https:\/\/tztz.ba\/ba\/wp-content\/uploads\/2023\/03\/20230221_111201-350x350.jpg 350w, https:\/\/tztz.ba\/ba\/wp-content\/uploads\/2023\/03\/20230221_111201-400x400.jpg 400w\" sizes=\"auto, (max-width: 150px) 100vw, 150px\" \/><\/a>\n\t\t\t<\/dt><\/dl><dl class='gallery-item'>\n\t\t\t<dt class='gallery-icon landscape'>\n\t\t\t\t<a href='https:\/\/tztz.ba\/ba\/wp-content\/uploads\/2023\/03\/20230221_111208-1.jpg'><img loading=\"lazy\" decoding=\"async\" width=\"150\" height=\"150\" src=\"https:\/\/tztz.ba\/ba\/wp-content\/uploads\/2023\/03\/20230221_111208-1-150x150.jpg\" class=\"attachment-thumbnail size-thumbnail\" alt=\"\" srcset=\"https:\/\/tztz.ba\/ba\/wp-content\/uploads\/2023\/03\/20230221_111208-1-150x150.jpg 150w, https:\/\/tztz.ba\/ba\/wp-content\/uploads\/2023\/03\/20230221_111208-1-350x350.jpg 350w, https:\/\/tztz.ba\/ba\/wp-content\/uploads\/2023\/03\/20230221_111208-1-400x400.jpg 400w\" sizes=\"auto, (max-width: 150px) 100vw, 150px\" \/><\/a>\n\t\t\t<\/dt><\/dl><dl class='gallery-item'>\n\t\t\t<dt class='gallery-icon landscape'>\n\t\t\t\t<a href='https:\/\/tztz.ba\/ba\/wp-content\/uploads\/2023\/03\/20230221_111208.jpg'><img loading=\"lazy\" decoding=\"async\" width=\"150\" height=\"150\" src=\"https:\/\/tztz.ba\/ba\/wp-content\/uploads\/2023\/03\/20230221_111208-150x150.jpg\" class=\"attachment-thumbnail size-thumbnail\" alt=\"\" srcset=\"https:\/\/tztz.ba\/ba\/wp-content\/uploads\/2023\/03\/20230221_111208-150x150.jpg 150w, https:\/\/tztz.ba\/ba\/wp-content\/uploads\/2023\/03\/20230221_111208-350x350.jpg 350w, https:\/\/tztz.ba\/ba\/wp-content\/uploads\/2023\/03\/20230221_111208-400x400.jpg 400w\" sizes=\"auto, (max-width: 150px) 100vw, 150px\" \/><\/a>\n\t\t\t<\/dt><\/dl><br style=\"clear: both\" \/><dl class='gallery-item'>\n\t\t\t<dt class='gallery-icon portrait'>\n\t\t\t\t<a href='https:\/\/tztz.ba\/ba\/wp-content\/uploads\/2023\/03\/20230221_111214.jpg'><img loading=\"lazy\" decoding=\"async\" width=\"150\" height=\"150\" src=\"https:\/\/tztz.ba\/ba\/wp-content\/uploads\/2023\/03\/20230221_111214-150x150.jpg\" class=\"attachment-thumbnail size-thumbnail\" alt=\"\" srcset=\"https:\/\/tztz.ba\/ba\/wp-content\/uploads\/2023\/03\/20230221_111214-150x150.jpg 150w, https:\/\/tztz.ba\/ba\/wp-content\/uploads\/2023\/03\/20230221_111214-350x350.jpg 350w, https:\/\/tztz.ba\/ba\/wp-content\/uploads\/2023\/03\/20230221_111214-400x400.jpg 400w\" sizes=\"auto, (max-width: 150px) 100vw, 150px\" \/><\/a>\n\t\t\t<\/dt><\/dl>\n\t\t\t<br style='clear: both' \/>\n\t\t<\/div>\n\n","protected":false},"excerpt":{"rendered":"<p>Ku\u0107a bosanskog jezika je stalna muzejska postavka posve\u0107ena bogatoj historiji bosanskog jezika i bosanskohercegova\u010dke kulture&#8230;.<\/p>\n","protected":false},"author":1,"featured_media":18399,"parent":0,"menu_order":0,"comment_status":"closed","ping_status":"closed","template":"","meta":{"footnotes":""},"class_list":["post-18397","page","type-page","status-publish","has-post-thumbnail","hentry"],"_links":{"self":[{"href":"https:\/\/tztz.ba\/ba\/wp-json\/wp\/v2\/pages\/18397","targetHints":{"allow":["GET"]}}],"collection":[{"href":"https:\/\/tztz.ba\/ba\/wp-json\/wp\/v2\/pages"}],"about":[{"href":"https:\/\/tztz.ba\/ba\/wp-json\/wp\/v2\/types\/page"}],"author":[{"embeddable":true,"href":"https:\/\/tztz.ba\/ba\/wp-json\/wp\/v2\/users\/1"}],"replies":[{"embeddable":true,"href":"https:\/\/tztz.ba\/ba\/wp-json\/wp\/v2\/comments?post=18397"}],"version-history":[{"count":1,"href":"https:\/\/tztz.ba\/ba\/wp-json\/wp\/v2\/pages\/18397\/revisions"}],"predecessor-version":[{"id":18408,"href":"https:\/\/tztz.ba\/ba\/wp-json\/wp\/v2\/pages\/18397\/revisions\/18408"}],"wp:featuredmedia":[{"embeddable":true,"href":"https:\/\/tztz.ba\/ba\/wp-json\/wp\/v2\/media\/18399"}],"wp:attachment":[{"href":"https:\/\/tztz.ba\/ba\/wp-json\/wp\/v2\/media?parent=18397"}],"curies":[{"name":"wp","href":"https:\/\/api.w.org\/{rel}","templated":true}]}}