{"id":18409,"date":"2023-03-28T11:42:03","date_gmt":"2023-03-28T11:42:03","guid":{"rendered":"https:\/\/tztz.ba\/ba\/?page_id=18409"},"modified":"2026-01-29T12:57:06","modified_gmt":"2026-01-29T12:57:06","slug":"kuca-sporta","status":"publish","type":"page","link":"https:\/\/tztz.ba\/ba\/kuca-sporta\/","title":{"rendered":"Ku\u0107a sporta"},"content":{"rendered":"<p style=\"font-weight: 400;\">Ku\u0107a sporta nalazi se u samom centru grada Tuzla, pored Kapije. Ulaz u Ku\u0107u sporta krase crno-crvena zastavu i grb RSD Slobode. Ova jedinstvena multimedijalna izlo\u017ebena postavka je inspirisana stogodi\u0161njom tradicijom Slobode, njenih klubova i takmi\u010dara, ali i svih koji su doprinijeli da RSD Sloboda opstane usprkos svim izazovima. U Ku\u0107i sporta mo\u017eete na\u0107i informavije o 14 klubova, sportistima, rekorderima, navija\u010dima, pobjedama i vrhunskim rezultatima.<\/p>\n<p style=\"font-weight: 400;\">Postavka Ku\u0107e sporta je i interaktivna: otkrijte Mirzu Deliba\u0161i\u0107a u prirodnoj veli\u010dini, uporedite otisak svoje ruke sa evropskim \u0161ampionom, budite dio pobjedni\u010dke atmosfere u Mejdanu ili prona\u0111ite kako se 100 godina ponosa pi\u0161e Morseovom abecedom. Osim dragocjenih utisaka, sa sobom mo\u017eete ponijeti i ekskluzivne suvenire dostupne u suvenirnici.<\/p>\n<p style=\"font-weight: 400;\">Foto: Agencija Anadolija<\/p>\n<p style=\"font-weight: 400;\">Ukoliko \u017eelite pristupiti dodatnim informacijama mo\u017eete posjetiti i virtuelnu postavku na\u00a0<a href=\"http:\/\/www.kucasporta.ba\/\" data-saferedirecturl=\"https:\/\/www.google.com\/url?q=http:\/\/www.kucasporta.ba&amp;source=gmail&amp;ust=1680089586754000&amp;usg=AOvVaw3Xnjbue3KtcoX7qh6EtPMP\">www.kucasporta.ba<\/a><\/p>\n<p style=\"font-weight: 400;\">Adresa: Jevrejska br.2<\/p>\n<p style=\"font-weight: 400;\">Telefon: 035\/271-281<\/p>\n<p style=\"font-weight: 400;\"><a href=\"mailto:info@kucasporta.ba\">info@kucasporta.ba<\/a><\/p>\n\n\t\t<style type=\"text\/css\">\n\t\t\t#gallery-1 {\n\t\t\t\tmargin: auto;\n\t\t\t}\n\t\t\t#gallery-1 .gallery-item {\n\t\t\t\tfloat: left;\n\t\t\t\tmargin-top: 10px;\n\t\t\t\ttext-align: center;\n\t\t\t\twidth: 33%;\n\t\t\t}\n\t\t\t#gallery-1 img {\n\t\t\t\tborder: 2px solid #cfcfcf;\n\t\t\t}\n\t\t\t#gallery-1 .gallery-caption {\n\t\t\t\tmargin-left: 0;\n\t\t\t}\n\t\t\t\/* see gallery_shortcode() in wp-includes\/media.php *\/\n\t\t<\/style>\n\t\t<div id='gallery-1' class='gallery galleryid-18409 gallery-columns-3 gallery-size-thumbnail'><dl class='gallery-item'>\n\t\t\t<dt class='gallery-icon landscape'>\n\t\t\t\t<a href='https:\/\/tztz.ba\/ba\/wp-content\/uploads\/2023\/03\/20211001-2-50264855-69258567-1633116574.jpg'><img loading=\"lazy\" decoding=\"async\" width=\"150\" height=\"150\" src=\"https:\/\/tztz.ba\/ba\/wp-content\/uploads\/2023\/03\/20211001-2-50264855-69258567-1633116574-150x150.jpg\" class=\"attachment-thumbnail size-thumbnail\" alt=\"\" srcset=\"https:\/\/tztz.ba\/ba\/wp-content\/uploads\/2023\/03\/20211001-2-50264855-69258567-1633116574-150x150.jpg 150w, https:\/\/tztz.ba\/ba\/wp-content\/uploads\/2023\/03\/20211001-2-50264855-69258567-1633116574-350x350.jpg 350w, https:\/\/tztz.ba\/ba\/wp-content\/uploads\/2023\/03\/20211001-2-50264855-69258567-1633116574-400x400.jpg 400w\" sizes=\"auto, (max-width: 150px) 100vw, 150px\" \/><\/a>\n\t\t\t<\/dt><\/dl><dl class='gallery-item'>\n\t\t\t<dt class='gallery-icon landscape'>\n\t\t\t\t<a href='https:\/\/tztz.ba\/ba\/wp-content\/uploads\/2023\/03\/20211001-2-50264855-69258568-1633116574.jpg'><img loading=\"lazy\" decoding=\"async\" width=\"150\" height=\"150\" src=\"https:\/\/tztz.ba\/ba\/wp-content\/uploads\/2023\/03\/20211001-2-50264855-69258568-1633116574-150x150.jpg\" class=\"attachment-thumbnail size-thumbnail\" alt=\"\" srcset=\"https:\/\/tztz.ba\/ba\/wp-content\/uploads\/2023\/03\/20211001-2-50264855-69258568-1633116574-150x150.jpg 150w, https:\/\/tztz.ba\/ba\/wp-content\/uploads\/2023\/03\/20211001-2-50264855-69258568-1633116574-350x350.jpg 350w, https:\/\/tztz.ba\/ba\/wp-content\/uploads\/2023\/03\/20211001-2-50264855-69258568-1633116574-400x400.jpg 400w\" sizes=\"auto, (max-width: 150px) 100vw, 150px\" \/><\/a>\n\t\t\t<\/dt><\/dl><dl class='gallery-item'>\n\t\t\t<dt class='gallery-icon landscape'>\n\t\t\t\t<a href='https:\/\/tztz.ba\/ba\/wp-content\/uploads\/2023\/03\/20211001-2-50264855-69258569-1633116574.jpg'><img loading=\"lazy\" decoding=\"async\" width=\"150\" height=\"150\" src=\"https:\/\/tztz.ba\/ba\/wp-content\/uploads\/2023\/03\/20211001-2-50264855-69258569-1633116574-150x150.jpg\" class=\"attachment-thumbnail size-thumbnail\" alt=\"\" srcset=\"https:\/\/tztz.ba\/ba\/wp-content\/uploads\/2023\/03\/20211001-2-50264855-69258569-1633116574-150x150.jpg 150w, https:\/\/tztz.ba\/ba\/wp-content\/uploads\/2023\/03\/20211001-2-50264855-69258569-1633116574-350x350.jpg 350w, https:\/\/tztz.ba\/ba\/wp-content\/uploads\/2023\/03\/20211001-2-50264855-69258569-1633116574-400x400.jpg 400w\" sizes=\"auto, (max-width: 150px) 100vw, 150px\" \/><\/a>\n\t\t\t<\/dt><\/dl><br style=\"clear: both\" \/><dl class='gallery-item'>\n\t\t\t<dt class='gallery-icon landscape'>\n\t\t\t\t<a href='https:\/\/tztz.ba\/ba\/wp-content\/uploads\/2023\/03\/20211001-2-50264855-69258573-1633116574.jpg'><img loading=\"lazy\" decoding=\"async\" width=\"150\" height=\"150\" src=\"https:\/\/tztz.ba\/ba\/wp-content\/uploads\/2023\/03\/20211001-2-50264855-69258573-1633116574-150x150.jpg\" class=\"attachment-thumbnail size-thumbnail\" alt=\"\" srcset=\"https:\/\/tztz.ba\/ba\/wp-content\/uploads\/2023\/03\/20211001-2-50264855-69258573-1633116574-150x150.jpg 150w, https:\/\/tztz.ba\/ba\/wp-content\/uploads\/2023\/03\/20211001-2-50264855-69258573-1633116574-350x350.jpg 350w, https:\/\/tztz.ba\/ba\/wp-content\/uploads\/2023\/03\/20211001-2-50264855-69258573-1633116574-400x400.jpg 400w\" sizes=\"auto, (max-width: 150px) 100vw, 150px\" \/><\/a>\n\t\t\t<\/dt><\/dl>\n\t\t\t<br style='clear: both' \/>\n\t\t<\/div>\n\n","protected":false},"excerpt":{"rendered":"<p>Ku\u0107a sporta nalazi se u samom centru grada Tuzla, pored Kapije. Ulaz u Ku\u0107u sporta&#8230;<\/p>\n","protected":false},"author":1,"featured_media":18410,"parent":0,"menu_order":0,"comment_status":"closed","ping_status":"closed","template":"","meta":{"footnotes":""},"class_list":["post-18409","page","type-page","status-publish","has-post-thumbnail","hentry"],"_links":{"self":[{"href":"https:\/\/tztz.ba\/ba\/wp-json\/wp\/v2\/pages\/18409","targetHints":{"allow":["GET"]}}],"collection":[{"href":"https:\/\/tztz.ba\/ba\/wp-json\/wp\/v2\/pages"}],"about":[{"href":"https:\/\/tztz.ba\/ba\/wp-json\/wp\/v2\/types\/page"}],"author":[{"embeddable":true,"href":"https:\/\/tztz.ba\/ba\/wp-json\/wp\/v2\/users\/1"}],"replies":[{"embeddable":true,"href":"https:\/\/tztz.ba\/ba\/wp-json\/wp\/v2\/comments?post=18409"}],"version-history":[{"count":2,"href":"https:\/\/tztz.ba\/ba\/wp-json\/wp\/v2\/pages\/18409\/revisions"}],"predecessor-version":[{"id":28348,"href":"https:\/\/tztz.ba\/ba\/wp-json\/wp\/v2\/pages\/18409\/revisions\/28348"}],"wp:featuredmedia":[{"embeddable":true,"href":"https:\/\/tztz.ba\/ba\/wp-json\/wp\/v2\/media\/18410"}],"wp:attachment":[{"href":"https:\/\/tztz.ba\/ba\/wp-json\/wp\/v2\/media?parent=18409"}],"curies":[{"name":"wp","href":"https:\/\/api.w.org\/{rel}","templated":true}]}}