{"id":18415,"date":"2023-03-28T11:46:17","date_gmt":"2023-03-28T11:46:17","guid":{"rendered":"https:\/\/tztz.ba\/ba\/?page_id=18415"},"modified":"2023-03-29T09:17:36","modified_gmt":"2023-03-29T09:17:36","slug":"vidikovac-kicelj","status":"publish","type":"page","link":"https:\/\/tztz.ba\/ba\/vidikovac-kicelj\/","title":{"rendered":"Vidikovac Kicelj"},"content":{"rendered":"<p style=\"font-weight: 400;\">U samom sredi\u0161tu grada nedaleko od pje\u0161a\u010dke zone nalazi se vidikovac Kicelj koji omogu\u0107ava \u0161iroku vizuru i panoramu grada, \u010dije je projekat ure\u0111enja reailizovala Turisti\u010dka zajednica grada Tuzle ,te time dodatno obogatila turisti\u010dku ponudu grada.<\/p>\n<p style=\"font-weight: 400;\">Do vidikovca su postavljeni putokazi, a na samom Kicelju se nalazi tabla koja ozna\u010dava arheolo\u0161ki lokalitet \u2013 ranosrednjevijekovne nekropole Kicelj. Pored toga, na platou je postavljeno i 3D srce sa LED osvjetljenjem, koje je ovaj lokalitet u\u010dinilo jo\u0161 atraktivnijim za posjetioce i one koji \u017eele napraviti privla\u010dne i \u201einstagrami\u010dne\u201c fotografije Tuzle.<\/p>\n<p>Foto: Ceycky<\/p>\n\n\t\t<style type=\"text\/css\">\n\t\t\t#gallery-1 {\n\t\t\t\tmargin: auto;\n\t\t\t}\n\t\t\t#gallery-1 .gallery-item {\n\t\t\t\tfloat: left;\n\t\t\t\tmargin-top: 10px;\n\t\t\t\ttext-align: center;\n\t\t\t\twidth: 33%;\n\t\t\t}\n\t\t\t#gallery-1 img {\n\t\t\t\tborder: 2px solid #cfcfcf;\n\t\t\t}\n\t\t\t#gallery-1 .gallery-caption {\n\t\t\t\tmargin-left: 0;\n\t\t\t}\n\t\t\t\/* see gallery_shortcode() in wp-includes\/media.php *\/\n\t\t<\/style>\n\t\t<div id='gallery-1' class='gallery galleryid-18415 gallery-columns-3 gallery-size-thumbnail'><dl class='gallery-item'>\n\t\t\t<dt class='gallery-icon landscape'>\n\t\t\t\t<a href='https:\/\/tztz.ba\/ba\/wp-content\/uploads\/2023\/03\/Arheolos\u030cki-lokalitet-Kicelj.jpg'><img loading=\"lazy\" decoding=\"async\" width=\"150\" height=\"150\" src=\"https:\/\/tztz.ba\/ba\/wp-content\/uploads\/2023\/03\/Arheolos\u030cki-lokalitet-Kicelj-150x150.jpg\" class=\"attachment-thumbnail size-thumbnail\" alt=\"\" srcset=\"https:\/\/tztz.ba\/ba\/wp-content\/uploads\/2023\/03\/Arheolos\u030cki-lokalitet-Kicelj-150x150.jpg 150w, https:\/\/tztz.ba\/ba\/wp-content\/uploads\/2023\/03\/Arheolos\u030cki-lokalitet-Kicelj-350x350.jpg 350w, https:\/\/tztz.ba\/ba\/wp-content\/uploads\/2023\/03\/Arheolos\u030cki-lokalitet-Kicelj-400x400.jpg 400w\" sizes=\"auto, (max-width: 150px) 100vw, 150px\" \/><\/a>\n\t\t\t<\/dt><\/dl><dl class='gallery-item'>\n\t\t\t<dt class='gallery-icon landscape'>\n\t\t\t\t<a href='https:\/\/tztz.ba\/ba\/wp-content\/uploads\/2023\/03\/DSCN7528-1024x768-1.jpg'><img loading=\"lazy\" decoding=\"async\" width=\"150\" height=\"150\" src=\"https:\/\/tztz.ba\/ba\/wp-content\/uploads\/2023\/03\/DSCN7528-1024x768-1-150x150.jpg\" class=\"attachment-thumbnail size-thumbnail\" alt=\"\" srcset=\"https:\/\/tztz.ba\/ba\/wp-content\/uploads\/2023\/03\/DSCN7528-1024x768-1-150x150.jpg 150w, https:\/\/tztz.ba\/ba\/wp-content\/uploads\/2023\/03\/DSCN7528-1024x768-1-350x350.jpg 350w, https:\/\/tztz.ba\/ba\/wp-content\/uploads\/2023\/03\/DSCN7528-1024x768-1-400x400.jpg 400w\" sizes=\"auto, (max-width: 150px) 100vw, 150px\" \/><\/a>\n\t\t\t<\/dt><\/dl><dl class='gallery-item'>\n\t\t\t<dt class='gallery-icon landscape'>\n\t\t\t\t<a href='https:\/\/tztz.ba\/ba\/wp-content\/uploads\/2023\/03\/kicelj-1.jpg'><img loading=\"lazy\" decoding=\"async\" width=\"150\" height=\"150\" src=\"https:\/\/tztz.ba\/ba\/wp-content\/uploads\/2023\/03\/kicelj-1-150x150.jpg\" class=\"attachment-thumbnail size-thumbnail\" alt=\"\" srcset=\"https:\/\/tztz.ba\/ba\/wp-content\/uploads\/2023\/03\/kicelj-1-150x150.jpg 150w, https:\/\/tztz.ba\/ba\/wp-content\/uploads\/2023\/03\/kicelj-1-350x350.jpg 350w, https:\/\/tztz.ba\/ba\/wp-content\/uploads\/2023\/03\/kicelj-1-400x400.jpg 400w\" sizes=\"auto, (max-width: 150px) 100vw, 150px\" \/><\/a>\n\t\t\t<\/dt><\/dl><br style=\"clear: both\" \/><dl class='gallery-item'>\n\t\t\t<dt class='gallery-icon landscape'>\n\t\t\t\t<a href='https:\/\/tztz.ba\/ba\/wp-content\/uploads\/2023\/03\/viber_image_2023-03-22_12-49-12-604.jpg'><img loading=\"lazy\" decoding=\"async\" width=\"150\" height=\"150\" src=\"https:\/\/tztz.ba\/ba\/wp-content\/uploads\/2023\/03\/viber_image_2023-03-22_12-49-12-604-150x150.jpg\" class=\"attachment-thumbnail size-thumbnail\" alt=\"\" srcset=\"https:\/\/tztz.ba\/ba\/wp-content\/uploads\/2023\/03\/viber_image_2023-03-22_12-49-12-604-150x150.jpg 150w, https:\/\/tztz.ba\/ba\/wp-content\/uploads\/2023\/03\/viber_image_2023-03-22_12-49-12-604-350x350.jpg 350w, https:\/\/tztz.ba\/ba\/wp-content\/uploads\/2023\/03\/viber_image_2023-03-22_12-49-12-604-400x400.jpg 400w\" sizes=\"auto, (max-width: 150px) 100vw, 150px\" \/><\/a>\n\t\t\t<\/dt><\/dl>\n\t\t\t<br style='clear: both' \/>\n\t\t<\/div>\n\n","protected":false},"excerpt":{"rendered":"<p>U samom sredi\u0161tu grada nedaleko od pje\u0161a\u010dke zone nalazi se vidikovac Kicelj koji omogu\u0107ava \u0161iroku&#8230;<\/p>\n","protected":false},"author":1,"featured_media":18420,"parent":0,"menu_order":0,"comment_status":"closed","ping_status":"closed","template":"","meta":{"footnotes":""},"class_list":["post-18415","page","type-page","status-publish","has-post-thumbnail","hentry"],"_links":{"self":[{"href":"https:\/\/tztz.ba\/ba\/wp-json\/wp\/v2\/pages\/18415","targetHints":{"allow":["GET"]}}],"collection":[{"href":"https:\/\/tztz.ba\/ba\/wp-json\/wp\/v2\/pages"}],"about":[{"href":"https:\/\/tztz.ba\/ba\/wp-json\/wp\/v2\/types\/page"}],"author":[{"embeddable":true,"href":"https:\/\/tztz.ba\/ba\/wp-json\/wp\/v2\/users\/1"}],"replies":[{"embeddable":true,"href":"https:\/\/tztz.ba\/ba\/wp-json\/wp\/v2\/comments?post=18415"}],"version-history":[{"count":2,"href":"https:\/\/tztz.ba\/ba\/wp-json\/wp\/v2\/pages\/18415\/revisions"}],"predecessor-version":[{"id":18433,"href":"https:\/\/tztz.ba\/ba\/wp-json\/wp\/v2\/pages\/18415\/revisions\/18433"}],"wp:featuredmedia":[{"embeddable":true,"href":"https:\/\/tztz.ba\/ba\/wp-json\/wp\/v2\/media\/18420"}],"wp:attachment":[{"href":"https:\/\/tztz.ba\/ba\/wp-json\/wp\/v2\/media?parent=18415"}],"curies":[{"name":"wp","href":"https:\/\/api.w.org\/{rel}","templated":true}]}}