{"id":1865,"date":"2018-09-20T07:35:34","date_gmt":"2018-09-20T07:35:34","guid":{"rendered":"https:\/\/tztz.ba\/ba\/?page_id=1865"},"modified":"2019-01-23T22:20:02","modified_gmt":"2019-01-23T22:20:02","slug":"eko-golf-park","status":"publish","type":"page","link":"https:\/\/tztz.ba\/ba\/eko-golf-park\/","title":{"rendered":"Eko GOLF park"},"content":{"rendered":"<p style=\"text-align: justify;\"><strong><a href=\"https:\/\/www.facebook.com\/golfklubtuzla\/\" target=\"_blank\" rel=\"noopener\">\u201eEko GOLF park\u201c<\/a><\/strong> je avanturisti\u010dki park prirode smje\u0161ten u malom slikovitom mjestu Bre\u0161ke na obroncima planine Majevice u neposrednoj blizini Tuzle na nadmorskoj visini od preko 500 metara. Idealna je destinacija koja, nakon svakodnevnih obaveza, pru\u017ea avanturistima, znati\u017eeljnicima i putnicima namjernicima odmor i relaksaciju u prekrasnom prirodnom okru\u017eenju istinske seoske idile.<\/p>\n<p style=\"text-align: justify;\">U okviru parka nalaze se avanturisti\u010dka igrali\u0161ta golfa pogodna za igru, zabavu i rekreaciju. Dvije vrste avanturisti\u010dkog golfa (mini i putting) sa po 12 polja pru\u017eaju igra\u010dima osje\u0107aj igranja pravog golfa bez da im je potrebno prethodno iskustvo i znanje za igranje golfa. Igra avanturisti\u010dkog golfa je opu\u0161taju\u0107a i zabavna i namijenjena je rekreativcima koji \u017eele da se realksiraju u prirodi, a mogu je igrati osobe svih uzrasta od djece do starijih osoba. Pored golfa posjetitelji mogu igrati i razne druge igre koje se igraju u prirodnom okru\u017eenju.<\/p>\n<p style=\"text-align: justify;\">Nakon igre golfa mogu\u0107e je osvje\u017eiti se uz kafu i pi\u0107e na terasi \u201eKu\u0107ice na drvetu\u201c- \u201eTreehouse cafe\u201c sa koje se pru\u017ea panoramski pogled na oblji\u017enja brda i planine. Ku\u0107ica na drvetu, kroz koju prolaze \u010detiri stabla, smje\u0161tena je pored \u0161ume i daje posjetiteljima mogu\u0107nost avanturisti\u010dko-rombizonskog u\u017eivanja u prirodi.<\/p>\n<p style=\"text-align: justify;\">Eko golf park ispunjen je razli\u010ditim vodenim povr\u0161inama (potocima i jezerima), prirodnim stijenama, stazama i drvenim mostovima. Park je okru\u017een zelenilom i \u0161umom i pru\u017ea mogu\u0107nost da ponekad ugledate ne\u0161to od autohtone divlja\u010di (jelen, srna, zec, fazan, lisica) i brojnih ptica. Zbog nadmorske visine na kojoj se nalazi i prirodnog okru\u017eenja Eko GOLF park predstvlja jednu vrstu \u201ezra\u010dne banje\u201c i idealno mjesto za udisanje \u010distog zraka.<\/p>\n<p style=\"text-align: justify;\">Eko GOLF park pogodno je mjesto za igranje avantiuristi\u010dkog golfa, organizaciju izleta za porodice sa djecom, proslavu ro\u0111endana za djecu i odrasle u prirodi na otvorenom, proslavu raznih sve\u010danosti na otvorenom, organizaciju stru\u010dnih posjeta i izleta za \u0161kole, organizaciju poslovnih sastanaka i razvoja timskog rada &#8211; tim building za organizacije i firme.<br \/>\nJednom rije\u010dju Eko GOLF park je \u201ezelena oaza\u201c u kojoj se mo\u017eete odmarati i u\u017eivati u igri i zabavi.<\/p>\n<p><a href=\"https:\/\/tztz.ba\/ba\/wp-content\/uploads\/2018\/09\/golfmapa.jpg\"><img loading=\"lazy\" decoding=\"async\" class=\"aligncenter size-large wp-image-1870\" src=\"https:\/\/tztz.ba\/ba\/wp-content\/uploads\/2018\/09\/golfmapa-1024x472.jpg\" alt=\"\" width=\"1024\" height=\"472\" srcset=\"https:\/\/tztz.ba\/ba\/wp-content\/uploads\/2018\/09\/golfmapa-1024x472.jpg 1024w, https:\/\/tztz.ba\/ba\/wp-content\/uploads\/2018\/09\/golfmapa-300x138.jpg 300w, https:\/\/tztz.ba\/ba\/wp-content\/uploads\/2018\/09\/golfmapa-768x354.jpg 768w, https:\/\/tztz.ba\/ba\/wp-content\/uploads\/2018\/09\/golfmapa.jpg 1200w\" sizes=\"auto, (max-width: 1024px) 100vw, 1024px\" \/><\/a><\/p>\n","protected":false},"excerpt":{"rendered":"<p>\u201eEko GOLF park\u201c je avanturisti\u010dki park prirode smje\u0161ten u malom slikovitom mjestu Bre\u0161ke na obroncima&#8230;<\/p>\n","protected":false},"author":1,"featured_media":1869,"parent":0,"menu_order":0,"comment_status":"closed","ping_status":"closed","template":"","meta":{"footnotes":""},"class_list":["post-1865","page","type-page","status-publish","has-post-thumbnail","hentry"],"_links":{"self":[{"href":"https:\/\/tztz.ba\/ba\/wp-json\/wp\/v2\/pages\/1865","targetHints":{"allow":["GET"]}}],"collection":[{"href":"https:\/\/tztz.ba\/ba\/wp-json\/wp\/v2\/pages"}],"about":[{"href":"https:\/\/tztz.ba\/ba\/wp-json\/wp\/v2\/types\/page"}],"author":[{"embeddable":true,"href":"https:\/\/tztz.ba\/ba\/wp-json\/wp\/v2\/users\/1"}],"replies":[{"embeddable":true,"href":"https:\/\/tztz.ba\/ba\/wp-json\/wp\/v2\/comments?post=1865"}],"version-history":[{"count":3,"href":"https:\/\/tztz.ba\/ba\/wp-json\/wp\/v2\/pages\/1865\/revisions"}],"predecessor-version":[{"id":1872,"href":"https:\/\/tztz.ba\/ba\/wp-json\/wp\/v2\/pages\/1865\/revisions\/1872"}],"wp:featuredmedia":[{"embeddable":true,"href":"https:\/\/tztz.ba\/ba\/wp-json\/wp\/v2\/media\/1869"}],"wp:attachment":[{"href":"https:\/\/tztz.ba\/ba\/wp-json\/wp\/v2\/media?parent=1865"}],"curies":[{"name":"wp","href":"https:\/\/api.w.org\/{rel}","templated":true}]}}