{"id":190,"date":"2018-07-07T07:32:27","date_gmt":"2018-07-07T07:32:27","guid":{"rendered":"https:\/\/tztz.ba\/ba\/?page_id=190"},"modified":"2026-01-29T12:28:34","modified_gmt":"2026-01-29T12:28:34","slug":"soni-trg-tuzla-jedno-od-najstarijih-naselja-u-evropi","status":"publish","type":"page","link":"https:\/\/tztz.ba\/ba\/soni-trg-tuzla-jedno-od-najstarijih-naselja-u-evropi\/","title":{"rendered":"Soni Trg: Tuzla jedno od najstarijih naselja u Evropi"},"content":{"rendered":"<p style=\"text-align: justify;\">Turisti\u010dka ponuda grada je oboga\u0107ena ure\u0111enjem Sonog trga kao muzejsko-turisti\u010dkog kompleksa na kojem se u vrijeme turske vlasti vr\u0161ila eksploatacija soli pri \u010demu su za\u0161ti\u0107eni i u\u010denjeni dostupnim za razgledanje ostaci glavnog sonog bunara kori\u0161tenog u vrijeme turske vladavine.<\/p>\n<p style=\"text-align: justify;\">Centralno mjesto na Sonom trgu je fontana, poklon grada Ravene, izgra\u0111ena u obliku stilizirane neolitske posude za iskuhavanje soli, te obra\u0111ena mozaikom u realizaciji Instituto d\u2019arte Severini i svjetski priznatog majstora za mozaik Felice Nittola.<\/p>\n<p style=\"text-align: justify;\">Na Sonom trgu,u granit su uklesane rije\u010di:\u201cTuzla je jedno od najstarijih naselja u Evropi. Sedam hiljada godina od neolita do danas,ljudi proizvode so i \u017eive na ovom prostoru. Gradjani Tuzle obnovi\u0161e Soni trg 2004.godine,sa vjerom da je ljubav izvor nastanka i vje\u010ditog trajanja svijeta.\u201c<\/p>\n<p style=\"text-align: justify;\">Na Trgu se nalazi i replika neolitske posude za isoljavanje, koja je sastavni dio fontane, ukra\u0161ene mozaikom iz Ravenne, svjetske prijestonice mozai\u010dne umjetnosti. Na Sonom trgu se mo\u017ee pogledati i muzejska postavka predmeta iz doba neolita i drugih historijskih razdoblja, prona\u0111enih na lokalitetima u i oko Tuzle.<\/p>\n<p style=\"text-align: justify;\">Soni trg je nekada bio sredi\u0161nja ta\u010dka (pazari\u0161te) oko koje su se dalje gradili brojni vjerski i javni objekti. Ovo mjesto i danas predstavlja centar historijskog dijela grada, oko kojeg se ni\u017eu desetine uskih, granitom poplo\u010danih uli\u010dica, uvijek punih \u017eivota i mladosti.<\/p>\n<p style=\"text-align: justify;\">Proizvodnja soli i prihodi od nje bili su klju\u010dni faktor koji je utemeljio Tuzlu kao kasabu. Do organizovane proizvodnje i prodaje soli dolazi kopanjem sonog bunara na dana\u0161njem Sonom trgu 1476. i progla\u0161enjem Tuzle \u00abcarskim hasom\u00bb, 1477. godine. Na\u010din proizvodnje soli razabire se iz samih imena kojima su te solane dolaskom osmanlija nazivane: Solane na drvo, (Agac Tuzla, Memleha-i cob) \u010dime je nagla\u0161ena razlika izme\u0111u ovih i morskih solana.<\/p>\n<p style=\"text-align: justify;\">Na Sonom trgu nalazilo se i do 80 tava u kojima se iskuhavala slana voda sa sonog bunara. Ispo\u010detka su se proizvodile skromne koli\u010dine soli, a s vremenom se to pove\u0107avalo. Razlog tome nije toliko u tehni\u010dko-tehnolo\u0161kom napretku, koliko u porastu stanovni\u0161tva Tuzle, koje je bilo vezano uz proizvodnju soli. Za tuzlansku so se znalo i izvan Bosanskog ejaleta. U 17. st. francuski kralj Luj XIV je preko svojih trgovaca nabavljao so iz Tuzle za svoj dvor. Dokaz tome je francuski kovani novac sa likom i imenom Luja XIV, prona\u0111en na podru\u010dju Tuzle. So je povezivala razli\u010dite zemlje, kulture i civilizacije toga vremena. Tuzlanska so je bila jedan od osnovnih artikala kojim se Bosanski ejalet predstavio na Me\u0111unarodnoj privrednoj izlo\u017ebi u Filadelfiji 1876. godine.<\/p>\n<p style=\"text-align: justify;\">Forma kulturnog turizma je uobli\u010dena i predstavljena javnosti kroz mogu\u0107nost posjeta arheolo\u0161kim lokacijama u Gornjoj Tuzli (neolit), na Gradovrhu u Solini i Kre\u0161i\u0107a Gradini u Gornjem Par Selu (kasno bronzano doba) kojima su pridodati obilasci velikom broju kulturno-istorijskih spomenika na podru\u010dju Tuzle (evidentiran je 381 spomenik). Sva ova bogata turisti\u010dka ponuda grada Tuzle i okoline se promovira radom Turisti\u010dke zajednice Grada Tuzla.<\/p>\n","protected":false},"excerpt":{"rendered":"<p>Turisti\u010dka ponuda grada je oboga\u0107ena ure\u0111enjem Sonog trga kao muzejsko-turisti\u010dkog kompleksa na kojem se u&#8230;<\/p>\n","protected":false},"author":1,"featured_media":191,"parent":0,"menu_order":0,"comment_status":"closed","ping_status":"closed","template":"","meta":{"footnotes":""},"class_list":["post-190","page","type-page","status-publish","has-post-thumbnail","hentry"],"_links":{"self":[{"href":"https:\/\/tztz.ba\/ba\/wp-json\/wp\/v2\/pages\/190","targetHints":{"allow":["GET"]}}],"collection":[{"href":"https:\/\/tztz.ba\/ba\/wp-json\/wp\/v2\/pages"}],"about":[{"href":"https:\/\/tztz.ba\/ba\/wp-json\/wp\/v2\/types\/page"}],"author":[{"embeddable":true,"href":"https:\/\/tztz.ba\/ba\/wp-json\/wp\/v2\/users\/1"}],"replies":[{"embeddable":true,"href":"https:\/\/tztz.ba\/ba\/wp-json\/wp\/v2\/comments?post=190"}],"version-history":[{"count":3,"href":"https:\/\/tztz.ba\/ba\/wp-json\/wp\/v2\/pages\/190\/revisions"}],"predecessor-version":[{"id":28343,"href":"https:\/\/tztz.ba\/ba\/wp-json\/wp\/v2\/pages\/190\/revisions\/28343"}],"wp:featuredmedia":[{"embeddable":true,"href":"https:\/\/tztz.ba\/ba\/wp-json\/wp\/v2\/media\/191"}],"wp:attachment":[{"href":"https:\/\/tztz.ba\/ba\/wp-json\/wp\/v2\/media?parent=190"}],"curies":[{"name":"wp","href":"https:\/\/api.w.org\/{rel}","templated":true}]}}