{"id":19654,"date":"2023-08-25T06:10:09","date_gmt":"2023-08-25T06:10:09","guid":{"rendered":"https:\/\/tztz.ba\/ba\/?page_id=19654"},"modified":"2023-09-15T10:45:08","modified_gmt":"2023-09-15T10:45:08","slug":"apartman-slatina","status":"publish","type":"page","link":"https:\/\/tztz.ba\/ba\/sobe-i-apartmani\/apartman-slatina\/","title":{"rendered":"Apartman Slatina"},"content":{"rendered":"<p><span style=\"font-weight: 400;\">Za kvalitetan odmor ba\u0161 kad je\u00a0najpotrebnije dobro nam do\u0161li.\u00a0<\/span><\/p>\n<p><span style=\"font-weight: 400;\">Tuzla grad soli, odmora, komfora i zadovoljstva.\u00a0<\/span><\/p>\n<p><span style=\"font-weight: 400;\">Stan u centra grada naselje Slatina. Stan je opremljen svim savremenim ure\u0111ajima. Stan se sastoji od dnevnog boravka, spavace sobe sa bracnim krevetom, kuhinjom, trpezarijom i kupatilom. U blizini Panonska jezera, stari dio grada \u0161etali\u0161te.\u00a0<\/span><\/p>\n<p><span style=\"font-weight: 400;\">Stan posjeduje -INTERNET I TV -KLIMU<\/span><\/p>\n<p><span style=\"font-weight: 400;\">\u00a0Cijena boravka u stanu na bazi dnevnog boravka i no\u0107enja.\u00a0<\/span><\/p>\n<p><span style=\"font-weight: 400;\">Dnevni boravak Nocenje Ulazak u stan od 13h Izlazak do 11h zadnji dan boravka Stan je pogodan za porodice\u00a0 zbog same lokacije .<\/span><\/p>\n<p><span style=\"font-weight: 400;\">\u00a0STROGO ZABRANJENE \u017dURKE I PROSLAVE!!!\u00a0<\/span><\/p>\n<p><span style=\"font-weight: 400;\">INFO NA <\/span><span style=\"font-weight: 400;\">061 282 633 i 061 961 653\u00a0<\/span><\/p>\n<p><span style=\"font-weight: 400;\">Dobro nam do\u0161li !!!!!<\/span><\/p>\n<p><span style=\"font-weight: 400;\">Zgrada je opremljena video nadzorom.\u00a0<\/span><\/p>\n<p><span style=\"font-weight: 400;\">Stan je prilagodjen za 2+2 osobe\u00a0 sa prostranim kupatilom.\u00a0<\/span><\/p>\n<p><span style=\"font-weight: 400;\">Marketi, stadion hitna pomo\u0107, privatni doktori, pekare, apoteke, restorani, mnogo brojni caffe , slasti\u010darne, trafike, gradski prevoz i taxi stajali\u0161te se nalaze na udaljenosti od 5 metara od stana. Panonska jezera 5 minuta lagana \u0161etnja, bolnica Gradina i Medical Institute Bayer (Centar za srce) su i dostupni su autom, taksijem ili \u0161etnjom<\/span><\/p>\n<p><span style=\"font-weight: 400;\">MAIL: hasandzikovic@gmail.com<\/span><\/p>\n<p>&nbsp;<\/p>\n\n\t\t<style type=\"text\/css\">\n\t\t\t#gallery-1 {\n\t\t\t\tmargin: auto;\n\t\t\t}\n\t\t\t#gallery-1 .gallery-item {\n\t\t\t\tfloat: left;\n\t\t\t\tmargin-top: 10px;\n\t\t\t\ttext-align: center;\n\t\t\t\twidth: 33%;\n\t\t\t}\n\t\t\t#gallery-1 img {\n\t\t\t\tborder: 2px solid #cfcfcf;\n\t\t\t}\n\t\t\t#gallery-1 .gallery-caption {\n\t\t\t\tmargin-left: 0;\n\t\t\t}\n\t\t\t\/* see gallery_shortcode() in wp-includes\/media.php *\/\n\t\t<\/style>\n\t\t<div id='gallery-1' class='gallery galleryid-19654 gallery-columns-3 gallery-size-thumbnail'><dl class='gallery-item'>\n\t\t\t<dt class='gallery-icon portrait'>\n\t\t\t\t<a href='https:\/\/tztz.ba\/ba\/wp-content\/uploads\/2023\/08\/367690406_4399349330290226_4739020663774481757_n.jpg'><img loading=\"lazy\" decoding=\"async\" width=\"150\" height=\"150\" src=\"https:\/\/tztz.ba\/ba\/wp-content\/uploads\/2023\/08\/367690406_4399349330290226_4739020663774481757_n-150x150.jpg\" class=\"attachment-thumbnail size-thumbnail\" alt=\"\" srcset=\"https:\/\/tztz.ba\/ba\/wp-content\/uploads\/2023\/08\/367690406_4399349330290226_4739020663774481757_n-150x150.jpg 150w, https:\/\/tztz.ba\/ba\/wp-content\/uploads\/2023\/08\/367690406_4399349330290226_4739020663774481757_n-350x350.jpg 350w, https:\/\/tztz.ba\/ba\/wp-content\/uploads\/2023\/08\/367690406_4399349330290226_4739020663774481757_n-400x400.jpg 400w\" sizes=\"auto, (max-width: 150px) 100vw, 150px\" \/><\/a>\n\t\t\t<\/dt><\/dl><dl class='gallery-item'>\n\t\t\t<dt class='gallery-icon portrait'>\n\t\t\t\t<a href='https:\/\/tztz.ba\/ba\/wp-content\/uploads\/2023\/08\/367695816_1028651101645145_7369514212269815383_n.jpg'><img loading=\"lazy\" decoding=\"async\" width=\"150\" height=\"150\" src=\"https:\/\/tztz.ba\/ba\/wp-content\/uploads\/2023\/08\/367695816_1028651101645145_7369514212269815383_n-150x150.jpg\" class=\"attachment-thumbnail size-thumbnail\" alt=\"\" srcset=\"https:\/\/tztz.ba\/ba\/wp-content\/uploads\/2023\/08\/367695816_1028651101645145_7369514212269815383_n-150x150.jpg 150w, https:\/\/tztz.ba\/ba\/wp-content\/uploads\/2023\/08\/367695816_1028651101645145_7369514212269815383_n-350x350.jpg 350w, https:\/\/tztz.ba\/ba\/wp-content\/uploads\/2023\/08\/367695816_1028651101645145_7369514212269815383_n-400x400.jpg 400w\" sizes=\"auto, (max-width: 150px) 100vw, 150px\" \/><\/a>\n\t\t\t<\/dt><\/dl><dl class='gallery-item'>\n\t\t\t<dt class='gallery-icon portrait'>\n\t\t\t\t<a href='https:\/\/tztz.ba\/ba\/wp-content\/uploads\/2023\/08\/367706242_259911373572188_1241232596361263507_n.jpg'><img loading=\"lazy\" decoding=\"async\" width=\"150\" height=\"150\" src=\"https:\/\/tztz.ba\/ba\/wp-content\/uploads\/2023\/08\/367706242_259911373572188_1241232596361263507_n-150x150.jpg\" class=\"attachment-thumbnail size-thumbnail\" alt=\"\" srcset=\"https:\/\/tztz.ba\/ba\/wp-content\/uploads\/2023\/08\/367706242_259911373572188_1241232596361263507_n-150x150.jpg 150w, https:\/\/tztz.ba\/ba\/wp-content\/uploads\/2023\/08\/367706242_259911373572188_1241232596361263507_n-350x350.jpg 350w, https:\/\/tztz.ba\/ba\/wp-content\/uploads\/2023\/08\/367706242_259911373572188_1241232596361263507_n-400x400.jpg 400w\" sizes=\"auto, (max-width: 150px) 100vw, 150px\" \/><\/a>\n\t\t\t<\/dt><\/dl><br style=\"clear: both\" \/><dl class='gallery-item'>\n\t\t\t<dt class='gallery-icon portrait'>\n\t\t\t\t<a href='https:\/\/tztz.ba\/ba\/wp-content\/uploads\/2023\/08\/367733011_322867000265516_13112676407053490_n.jpg'><img loading=\"lazy\" decoding=\"async\" width=\"150\" height=\"150\" src=\"https:\/\/tztz.ba\/ba\/wp-content\/uploads\/2023\/08\/367733011_322867000265516_13112676407053490_n-150x150.jpg\" class=\"attachment-thumbnail size-thumbnail\" alt=\"\" srcset=\"https:\/\/tztz.ba\/ba\/wp-content\/uploads\/2023\/08\/367733011_322867000265516_13112676407053490_n-150x150.jpg 150w, https:\/\/tztz.ba\/ba\/wp-content\/uploads\/2023\/08\/367733011_322867000265516_13112676407053490_n-350x350.jpg 350w, https:\/\/tztz.ba\/ba\/wp-content\/uploads\/2023\/08\/367733011_322867000265516_13112676407053490_n-400x400.jpg 400w\" sizes=\"auto, (max-width: 150px) 100vw, 150px\" \/><\/a>\n\t\t\t<\/dt><\/dl><dl class='gallery-item'>\n\t\t\t<dt class='gallery-icon portrait'>\n\t\t\t\t<a href='https:\/\/tztz.ba\/ba\/wp-content\/uploads\/2023\/08\/367743581_233884642967336_4048927406862590963_n.jpg'><img loading=\"lazy\" decoding=\"async\" width=\"150\" height=\"150\" src=\"https:\/\/tztz.ba\/ba\/wp-content\/uploads\/2023\/08\/367743581_233884642967336_4048927406862590963_n-150x150.jpg\" class=\"attachment-thumbnail size-thumbnail\" alt=\"\" srcset=\"https:\/\/tztz.ba\/ba\/wp-content\/uploads\/2023\/08\/367743581_233884642967336_4048927406862590963_n-150x150.jpg 150w, https:\/\/tztz.ba\/ba\/wp-content\/uploads\/2023\/08\/367743581_233884642967336_4048927406862590963_n-350x350.jpg 350w, https:\/\/tztz.ba\/ba\/wp-content\/uploads\/2023\/08\/367743581_233884642967336_4048927406862590963_n-400x400.jpg 400w\" sizes=\"auto, (max-width: 150px) 100vw, 150px\" \/><\/a>\n\t\t\t<\/dt><\/dl><dl class='gallery-item'>\n\t\t\t<dt class='gallery-icon portrait'>\n\t\t\t\t<a href='https:\/\/tztz.ba\/ba\/wp-content\/uploads\/2023\/08\/367749776_1249252135792964_8142609598392224866_n.jpg'><img loading=\"lazy\" decoding=\"async\" width=\"150\" height=\"150\" src=\"https:\/\/tztz.ba\/ba\/wp-content\/uploads\/2023\/08\/367749776_1249252135792964_8142609598392224866_n-150x150.jpg\" class=\"attachment-thumbnail size-thumbnail\" alt=\"\" srcset=\"https:\/\/tztz.ba\/ba\/wp-content\/uploads\/2023\/08\/367749776_1249252135792964_8142609598392224866_n-150x150.jpg 150w, https:\/\/tztz.ba\/ba\/wp-content\/uploads\/2023\/08\/367749776_1249252135792964_8142609598392224866_n-350x350.jpg 350w, https:\/\/tztz.ba\/ba\/wp-content\/uploads\/2023\/08\/367749776_1249252135792964_8142609598392224866_n-400x400.jpg 400w\" sizes=\"auto, (max-width: 150px) 100vw, 150px\" \/><\/a>\n\t\t\t<\/dt><\/dl><br style=\"clear: both\" \/><dl class='gallery-item'>\n\t\t\t<dt class='gallery-icon portrait'>\n\t\t\t\t<a href='https:\/\/tztz.ba\/ba\/wp-content\/uploads\/2023\/08\/367755726_1245485862832611_1462146038957649327_n.jpg'><img loading=\"lazy\" decoding=\"async\" width=\"150\" height=\"150\" src=\"https:\/\/tztz.ba\/ba\/wp-content\/uploads\/2023\/08\/367755726_1245485862832611_1462146038957649327_n-150x150.jpg\" class=\"attachment-thumbnail size-thumbnail\" alt=\"\" srcset=\"https:\/\/tztz.ba\/ba\/wp-content\/uploads\/2023\/08\/367755726_1245485862832611_1462146038957649327_n-150x150.jpg 150w, https:\/\/tztz.ba\/ba\/wp-content\/uploads\/2023\/08\/367755726_1245485862832611_1462146038957649327_n-350x350.jpg 350w, https:\/\/tztz.ba\/ba\/wp-content\/uploads\/2023\/08\/367755726_1245485862832611_1462146038957649327_n-400x400.jpg 400w\" sizes=\"auto, (max-width: 150px) 100vw, 150px\" \/><\/a>\n\t\t\t<\/dt><\/dl><dl class='gallery-item'>\n\t\t\t<dt class='gallery-icon portrait'>\n\t\t\t\t<a href='https:\/\/tztz.ba\/ba\/wp-content\/uploads\/2023\/08\/367862379_815497373458133_7482196890793624285_n.jpg'><img loading=\"lazy\" decoding=\"async\" width=\"150\" height=\"150\" src=\"https:\/\/tztz.ba\/ba\/wp-content\/uploads\/2023\/08\/367862379_815497373458133_7482196890793624285_n-150x150.jpg\" class=\"attachment-thumbnail size-thumbnail\" alt=\"\" srcset=\"https:\/\/tztz.ba\/ba\/wp-content\/uploads\/2023\/08\/367862379_815497373458133_7482196890793624285_n-150x150.jpg 150w, https:\/\/tztz.ba\/ba\/wp-content\/uploads\/2023\/08\/367862379_815497373458133_7482196890793624285_n-350x350.jpg 350w, https:\/\/tztz.ba\/ba\/wp-content\/uploads\/2023\/08\/367862379_815497373458133_7482196890793624285_n-400x400.jpg 400w\" sizes=\"auto, (max-width: 150px) 100vw, 150px\" \/><\/a>\n\t\t\t<\/dt><\/dl><dl class='gallery-item'>\n\t\t\t<dt class='gallery-icon portrait'>\n\t\t\t\t<a href='https:\/\/tztz.ba\/ba\/wp-content\/uploads\/2023\/08\/368026445_1938246826549031_3220644675585503196_n.jpg'><img loading=\"lazy\" decoding=\"async\" width=\"150\" height=\"150\" src=\"https:\/\/tztz.ba\/ba\/wp-content\/uploads\/2023\/08\/368026445_1938246826549031_3220644675585503196_n-150x150.jpg\" class=\"attachment-thumbnail size-thumbnail\" alt=\"\" srcset=\"https:\/\/tztz.ba\/ba\/wp-content\/uploads\/2023\/08\/368026445_1938246826549031_3220644675585503196_n-150x150.jpg 150w, https:\/\/tztz.ba\/ba\/wp-content\/uploads\/2023\/08\/368026445_1938246826549031_3220644675585503196_n-350x350.jpg 350w, https:\/\/tztz.ba\/ba\/wp-content\/uploads\/2023\/08\/368026445_1938246826549031_3220644675585503196_n-400x400.jpg 400w\" sizes=\"auto, (max-width: 150px) 100vw, 150px\" \/><\/a>\n\t\t\t<\/dt><\/dl><br style=\"clear: both\" \/>\n\t\t<\/div>\n\n","protected":false},"excerpt":{"rendered":"<p>Za kvalitetan odmor ba\u0161 kad je\u00a0najpotrebnije dobro nam do\u0161li.\u00a0 Tuzla grad soli, odmora, komfora i&#8230;<\/p>\n","protected":false},"author":1,"featured_media":19663,"parent":16056,"menu_order":0,"comment_status":"closed","ping_status":"closed","template":"templates\/smjestaj.php","meta":{"footnotes":""},"class_list":["post-19654","page","type-page","status-publish","has-post-thumbnail","hentry"],"_links":{"self":[{"href":"https:\/\/tztz.ba\/ba\/wp-json\/wp\/v2\/pages\/19654","targetHints":{"allow":["GET"]}}],"collection":[{"href":"https:\/\/tztz.ba\/ba\/wp-json\/wp\/v2\/pages"}],"about":[{"href":"https:\/\/tztz.ba\/ba\/wp-json\/wp\/v2\/types\/page"}],"author":[{"embeddable":true,"href":"https:\/\/tztz.ba\/ba\/wp-json\/wp\/v2\/users\/1"}],"replies":[{"embeddable":true,"href":"https:\/\/tztz.ba\/ba\/wp-json\/wp\/v2\/comments?post=19654"}],"version-history":[{"count":2,"href":"https:\/\/tztz.ba\/ba\/wp-json\/wp\/v2\/pages\/19654\/revisions"}],"predecessor-version":[{"id":20088,"href":"https:\/\/tztz.ba\/ba\/wp-json\/wp\/v2\/pages\/19654\/revisions\/20088"}],"up":[{"embeddable":true,"href":"https:\/\/tztz.ba\/ba\/wp-json\/wp\/v2\/pages\/16056"}],"wp:featuredmedia":[{"embeddable":true,"href":"https:\/\/tztz.ba\/ba\/wp-json\/wp\/v2\/media\/19663"}],"wp:attachment":[{"href":"https:\/\/tztz.ba\/ba\/wp-json\/wp\/v2\/media?parent=19654"}],"curies":[{"name":"wp","href":"https:\/\/api.w.org\/{rel}","templated":true}]}}