{"id":19972,"date":"2023-09-01T20:53:44","date_gmt":"2023-09-01T20:53:44","guid":{"rendered":"https:\/\/tztz.ba\/ba\/?page_id=19972"},"modified":"2024-04-02T05:46:21","modified_gmt":"2024-04-02T05:46:21","slug":"hotel-salis","status":"publish","type":"page","link":"https:\/\/tztz.ba\/ba\/hoteli\/hotel-salis\/","title":{"rendered":"Hotel Salis"},"content":{"rendered":"<p><b>Hotel Salis<\/b><span style=\"font-weight: 400;\">\u00a0(lat. Salis \u2013 so) nazvan je po tuzlanskom najve\u0107em obilje\u017eju- soli. Nalazi se u zapadnom dijelu Tuzle, 3 km od centra grada, 3 km od Panonskih jezera i svega 1 km od najve\u0107eg shopping mall-a u Tuzlanskom kantonu, Bingo City Centera.<\/span><\/p>\n<p><span style=\"font-weight: 400;\">Moderan indistrijski dizajn, prirodna hladovina visokih stabala i kvalitetna gradnja, zadovoljit \u0107e svakog gosta i pru\u017eiti mu mir i udobnost.\u00a0<\/span><\/p>\n<p><b>Hotel Salis<\/b><span style=\"font-weight: 400;\">\u00a0raspola\u017ee sa 56 moderno opremljenih dvokrevetnih soba raspore\u0111enih na \u010detiri sprata, od kojih je 8 apartmana (1 apartman za osobe sa ograni\u010denim sposobnostima). Sve sobe su klimatizirane, imaju wi-fi, kao i televizore ravnog ekrana sa raznovrsnom ponudom kanala. Sobe su opremljene kuhalom, su\u0111em za \u010daj i kafu, fenom za kosu, te mini barom.<\/span><\/p>\n<p><span style=\"font-weight: 400;\">U apartmanima su gostima dostupne pegla i daska za peglanje. Sve sobe i apartmani su nepu\u0161a\u010dki.<\/span><\/p>\n\n\t\t<style type=\"text\/css\">\n\t\t\t#gallery-1 {\n\t\t\t\tmargin: auto;\n\t\t\t}\n\t\t\t#gallery-1 .gallery-item {\n\t\t\t\tfloat: left;\n\t\t\t\tmargin-top: 10px;\n\t\t\t\ttext-align: center;\n\t\t\t\twidth: 50%;\n\t\t\t}\n\t\t\t#gallery-1 img {\n\t\t\t\tborder: 2px solid #cfcfcf;\n\t\t\t}\n\t\t\t#gallery-1 .gallery-caption {\n\t\t\t\tmargin-left: 0;\n\t\t\t}\n\t\t\t\/* see gallery_shortcode() in wp-includes\/media.php *\/\n\t\t<\/style>\n\t\t<div id='gallery-1' class='gallery galleryid-19972 gallery-columns-2 gallery-size-full'><dl class='gallery-item'>\n\t\t\t<dt class='gallery-icon landscape'>\n\t\t\t\t<a href='https:\/\/tztz.ba\/ba\/wp-content\/uploads\/2023\/09\/0U0A8962_InPixio.jpg'><img loading=\"lazy\" decoding=\"async\" width=\"380\" height=\"220\" src=\"https:\/\/tztz.ba\/ba\/wp-content\/uploads\/2023\/09\/0U0A8962_InPixio.jpg\" class=\"attachment-full size-full\" alt=\"\" srcset=\"https:\/\/tztz.ba\/ba\/wp-content\/uploads\/2023\/09\/0U0A8962_InPixio.jpg 380w, https:\/\/tztz.ba\/ba\/wp-content\/uploads\/2023\/09\/0U0A8962_InPixio-300x174.jpg 300w\" sizes=\"auto, (max-width: 380px) 100vw, 380px\" \/><\/a>\n\t\t\t<\/dt><\/dl><dl class='gallery-item'>\n\t\t\t<dt class='gallery-icon landscape'>\n\t\t\t\t<a href='https:\/\/tztz.ba\/ba\/wp-content\/uploads\/2023\/09\/006.jpg'><img loading=\"lazy\" decoding=\"async\" width=\"380\" height=\"220\" src=\"https:\/\/tztz.ba\/ba\/wp-content\/uploads\/2023\/09\/006.jpg\" class=\"attachment-full size-full\" alt=\"\" srcset=\"https:\/\/tztz.ba\/ba\/wp-content\/uploads\/2023\/09\/006.jpg 380w, https:\/\/tztz.ba\/ba\/wp-content\/uploads\/2023\/09\/006-300x174.jpg 300w\" sizes=\"auto, (max-width: 380px) 100vw, 380px\" \/><\/a>\n\t\t\t<\/dt><\/dl><br style=\"clear: both\" \/><dl class='gallery-item'>\n\t\t\t<dt class='gallery-icon landscape'>\n\t\t\t\t<a href='https:\/\/tztz.ba\/ba\/wp-content\/uploads\/2023\/09\/soba1.jpg'><img loading=\"lazy\" decoding=\"async\" width=\"380\" height=\"220\" src=\"https:\/\/tztz.ba\/ba\/wp-content\/uploads\/2023\/09\/soba1.jpg\" class=\"attachment-full size-full\" alt=\"\" srcset=\"https:\/\/tztz.ba\/ba\/wp-content\/uploads\/2023\/09\/soba1.jpg 380w, https:\/\/tztz.ba\/ba\/wp-content\/uploads\/2023\/09\/soba1-300x174.jpg 300w\" sizes=\"auto, (max-width: 380px) 100vw, 380px\" \/><\/a>\n\t\t\t<\/dt><\/dl>\n\t\t\t<br style='clear: both' \/>\n\t\t<\/div>\n\n","protected":false},"excerpt":{"rendered":"<p>Hotel Salis\u00a0(lat. Salis \u2013 so) nazvan je po tuzlanskom najve\u0107em obilje\u017eju- soli. Nalazi se u&#8230;<\/p>\n","protected":false},"author":1,"featured_media":19974,"parent":465,"menu_order":1,"comment_status":"closed","ping_status":"closed","template":"templates\/smjestaj.php","meta":{"footnotes":""},"class_list":["post-19972","page","type-page","status-publish","has-post-thumbnail","hentry"],"_links":{"self":[{"href":"https:\/\/tztz.ba\/ba\/wp-json\/wp\/v2\/pages\/19972","targetHints":{"allow":["GET"]}}],"collection":[{"href":"https:\/\/tztz.ba\/ba\/wp-json\/wp\/v2\/pages"}],"about":[{"href":"https:\/\/tztz.ba\/ba\/wp-json\/wp\/v2\/types\/page"}],"author":[{"embeddable":true,"href":"https:\/\/tztz.ba\/ba\/wp-json\/wp\/v2\/users\/1"}],"replies":[{"embeddable":true,"href":"https:\/\/tztz.ba\/ba\/wp-json\/wp\/v2\/comments?post=19972"}],"version-history":[{"count":1,"href":"https:\/\/tztz.ba\/ba\/wp-json\/wp\/v2\/pages\/19972\/revisions"}],"predecessor-version":[{"id":19976,"href":"https:\/\/tztz.ba\/ba\/wp-json\/wp\/v2\/pages\/19972\/revisions\/19976"}],"up":[{"embeddable":true,"href":"https:\/\/tztz.ba\/ba\/wp-json\/wp\/v2\/pages\/465"}],"wp:featuredmedia":[{"embeddable":true,"href":"https:\/\/tztz.ba\/ba\/wp-json\/wp\/v2\/media\/19974"}],"wp:attachment":[{"href":"https:\/\/tztz.ba\/ba\/wp-json\/wp\/v2\/media?parent=19972"}],"curies":[{"name":"wp","href":"https:\/\/api.w.org\/{rel}","templated":true}]}}