{"id":20035,"date":"2023-09-08T04:39:23","date_gmt":"2023-09-08T04:39:23","guid":{"rendered":"https:\/\/tztz.ba\/ba\/?page_id=20035"},"modified":"2023-09-08T04:39:23","modified_gmt":"2023-09-08T04:39:23","slug":"sedmica-gitare-tuzla","status":"publish","type":"page","link":"https:\/\/tztz.ba\/ba\/sedmica-gitare-tuzla\/","title":{"rendered":"Sedmica gitare Tuzla"},"content":{"rendered":"<p>Tuzla Guitar Week \/ Sedmica gitare Tuzla_ je nastala iz potrebe da se prije svega mladim gitaristima pru\u017ei prilika da preko ljeta i \u0161kolskog raspusta rade sa vrhunskim profesorima gitare iz Europe i svijeta.<\/p>\n<p>Ciljna grupa su u\u010denici osnovnih i srednjih muzi\u010dkih \u0161kola, studenti te svi oni koji se gitarom bave iz hobija te bi sviranje gitare \u017eeljeli usavr\u0161iti. Sedmica gitare Tuzla, pored pomenutih majstorskih radionica, svakoga ljeta gra\u0111anima Tuzle donosi \u010detiri koncerta na kojima nastupaju probrana svjetska imena iz svijeta klasi\u010dne gitare. Tuzla na ovaj na\u010din mo\u017ee ponosno stati rame uz rame sa svjetskim kulturnim centrima kada je ovaj instrument u pitanju.<\/p>\n<p>Web:\u00a0<a href=\"http:\/\/www.guitarweek.ba\/\" target=\"_blank\" rel=\"noopener noreferrer\" data-saferedirecturl=\"https:\/\/www.google.com\/url?q=http:\/\/www.guitarweek.ba&amp;source=gmail&amp;ust=1694234121147000&amp;usg=AOvVaw2dMFs7HVElgLMXgK1yveRg\">www.guitarweek.ba<\/a><br \/>\nFacebook:\u00a0<a href=\"https:\/\/www.facebook.com\/tuzlaguitarweek\" target=\"_blank\" rel=\"noopener noreferrer\" data-saferedirecturl=\"https:\/\/www.google.com\/url?q=https:\/\/www.facebook.com\/tuzlaguitarweek&amp;source=gmail&amp;ust=1694234121148000&amp;usg=AOvVaw0F9lvn6HAqnObVhcqinJB8\">https:\/\/www.facebook.com\/<wbr \/>tuzlaguitarweek<\/a><br \/>\nInstagram:\u00a0<a href=\"https:\/\/www.instagram.com\/tuzlaguitarweek\" target=\"_blank\" rel=\"noopener noreferrer\" data-saferedirecturl=\"https:\/\/www.google.com\/url?q=https:\/\/www.instagram.com\/tuzlaguitarweek&amp;source=gmail&amp;ust=1694234121148000&amp;usg=AOvVaw33XRNkuFIJx5sdAFTneHtU\">https:\/\/www.instagram.com\/<wbr \/>tuzlaguitarweek<\/a><\/p>\n<p>&nbsp;<\/p>\n\n\t\t<style type=\"text\/css\">\n\t\t\t#gallery-1 {\n\t\t\t\tmargin: auto;\n\t\t\t}\n\t\t\t#gallery-1 .gallery-item {\n\t\t\t\tfloat: left;\n\t\t\t\tmargin-top: 10px;\n\t\t\t\ttext-align: center;\n\t\t\t\twidth: 50%;\n\t\t\t}\n\t\t\t#gallery-1 img {\n\t\t\t\tborder: 2px solid #cfcfcf;\n\t\t\t}\n\t\t\t#gallery-1 .gallery-caption {\n\t\t\t\tmargin-left: 0;\n\t\t\t}\n\t\t\t\/* see gallery_shortcode() in wp-includes\/media.php *\/\n\t\t<\/style>\n\t\t<div id='gallery-1' class='gallery galleryid-20035 gallery-columns-2 gallery-size-thumbnail'><dl class='gallery-item'>\n\t\t\t<dt class='gallery-icon landscape'>\n\t\t\t\t<a href='https:\/\/tztz.ba\/ba\/wp-content\/uploads\/2023\/09\/C19A9051.jpg'><img loading=\"lazy\" decoding=\"async\" width=\"150\" height=\"150\" src=\"https:\/\/tztz.ba\/ba\/wp-content\/uploads\/2023\/09\/C19A9051-150x150.jpg\" class=\"attachment-thumbnail size-thumbnail\" alt=\"\" srcset=\"https:\/\/tztz.ba\/ba\/wp-content\/uploads\/2023\/09\/C19A9051-150x150.jpg 150w, https:\/\/tztz.ba\/ba\/wp-content\/uploads\/2023\/09\/C19A9051-350x350.jpg 350w, https:\/\/tztz.ba\/ba\/wp-content\/uploads\/2023\/09\/C19A9051-400x400.jpg 400w\" sizes=\"auto, (max-width: 150px) 100vw, 150px\" \/><\/a>\n\t\t\t<\/dt><\/dl><dl class='gallery-item'>\n\t\t\t<dt class='gallery-icon landscape'>\n\t\t\t\t<a href='https:\/\/tztz.ba\/ba\/wp-content\/uploads\/2023\/09\/C19A8989.jpg'><img loading=\"lazy\" decoding=\"async\" width=\"150\" height=\"150\" src=\"https:\/\/tztz.ba\/ba\/wp-content\/uploads\/2023\/09\/C19A8989-150x150.jpg\" class=\"attachment-thumbnail size-thumbnail\" alt=\"\" srcset=\"https:\/\/tztz.ba\/ba\/wp-content\/uploads\/2023\/09\/C19A8989-150x150.jpg 150w, https:\/\/tztz.ba\/ba\/wp-content\/uploads\/2023\/09\/C19A8989-350x350.jpg 350w, https:\/\/tztz.ba\/ba\/wp-content\/uploads\/2023\/09\/C19A8989-400x400.jpg 400w\" sizes=\"auto, (max-width: 150px) 100vw, 150px\" \/><\/a>\n\t\t\t<\/dt><\/dl><br style=\"clear: both\" \/><dl class='gallery-item'>\n\t\t\t<dt class='gallery-icon landscape'>\n\t\t\t\t<a href='https:\/\/tztz.ba\/ba\/wp-content\/uploads\/2023\/09\/C19A8712.jpg'><img loading=\"lazy\" decoding=\"async\" width=\"150\" height=\"150\" src=\"https:\/\/tztz.ba\/ba\/wp-content\/uploads\/2023\/09\/C19A8712-150x150.jpg\" class=\"attachment-thumbnail size-thumbnail\" alt=\"\" srcset=\"https:\/\/tztz.ba\/ba\/wp-content\/uploads\/2023\/09\/C19A8712-150x150.jpg 150w, https:\/\/tztz.ba\/ba\/wp-content\/uploads\/2023\/09\/C19A8712-350x350.jpg 350w, https:\/\/tztz.ba\/ba\/wp-content\/uploads\/2023\/09\/C19A8712-400x400.jpg 400w\" sizes=\"auto, (max-width: 150px) 100vw, 150px\" \/><\/a>\n\t\t\t<\/dt><\/dl><dl class='gallery-item'>\n\t\t\t<dt class='gallery-icon landscape'>\n\t\t\t\t<a href='https:\/\/tztz.ba\/ba\/wp-content\/uploads\/2023\/09\/C19A8699.jpg'><img loading=\"lazy\" decoding=\"async\" width=\"150\" height=\"150\" src=\"https:\/\/tztz.ba\/ba\/wp-content\/uploads\/2023\/09\/C19A8699-150x150.jpg\" class=\"attachment-thumbnail size-thumbnail\" alt=\"\" srcset=\"https:\/\/tztz.ba\/ba\/wp-content\/uploads\/2023\/09\/C19A8699-150x150.jpg 150w, https:\/\/tztz.ba\/ba\/wp-content\/uploads\/2023\/09\/C19A8699-350x350.jpg 350w, https:\/\/tztz.ba\/ba\/wp-content\/uploads\/2023\/09\/C19A8699-400x400.jpg 400w\" sizes=\"auto, (max-width: 150px) 100vw, 150px\" \/><\/a>\n\t\t\t<\/dt><\/dl><br style=\"clear: both\" \/>\n\t\t<\/div>\n\n","protected":false},"excerpt":{"rendered":"<p>Tuzla Guitar Week \/ Sedmica gitare Tuzla_ je nastala iz potrebe da se prije svega&#8230;<\/p>\n","protected":false},"author":1,"featured_media":20038,"parent":0,"menu_order":0,"comment_status":"closed","ping_status":"closed","template":"","meta":{"footnotes":""},"class_list":["post-20035","page","type-page","status-publish","has-post-thumbnail","hentry"],"_links":{"self":[{"href":"https:\/\/tztz.ba\/ba\/wp-json\/wp\/v2\/pages\/20035","targetHints":{"allow":["GET"]}}],"collection":[{"href":"https:\/\/tztz.ba\/ba\/wp-json\/wp\/v2\/pages"}],"about":[{"href":"https:\/\/tztz.ba\/ba\/wp-json\/wp\/v2\/types\/page"}],"author":[{"embeddable":true,"href":"https:\/\/tztz.ba\/ba\/wp-json\/wp\/v2\/users\/1"}],"replies":[{"embeddable":true,"href":"https:\/\/tztz.ba\/ba\/wp-json\/wp\/v2\/comments?post=20035"}],"version-history":[{"count":1,"href":"https:\/\/tztz.ba\/ba\/wp-json\/wp\/v2\/pages\/20035\/revisions"}],"predecessor-version":[{"id":20041,"href":"https:\/\/tztz.ba\/ba\/wp-json\/wp\/v2\/pages\/20035\/revisions\/20041"}],"wp:featuredmedia":[{"embeddable":true,"href":"https:\/\/tztz.ba\/ba\/wp-json\/wp\/v2\/media\/20038"}],"wp:attachment":[{"href":"https:\/\/tztz.ba\/ba\/wp-json\/wp\/v2\/media?parent=20035"}],"curies":[{"name":"wp","href":"https:\/\/api.w.org\/{rel}","templated":true}]}}