{"id":216,"date":"2018-07-08T12:29:25","date_gmt":"2018-07-08T12:29:25","guid":{"rendered":"https:\/\/tztz.ba\/ba\/?page_id=216"},"modified":"2023-07-19T13:58:34","modified_gmt":"2023-07-19T13:58:34","slug":"spomenici-i-znamenitosti","status":"publish","type":"page","link":"https:\/\/tztz.ba\/ba\/spomenici-i-znamenitosti\/","title":{"rendered":"Spomenici i znamenitosti"},"content":{"rendered":"<p style=\"font-weight: 400; text-align: justify;\">U Tuzli je osamnaest\u00a0nacionalnih spomenika BiH.\u00a0To su:<\/p>\n<ul>\n<li><a href=\"https:\/\/bastina.ba\/bugilovica-kuca-u-gornjoj-tuzli-historijska-gradevina\/\">Bugilovi\u0107a ku\u0107a u Gornjoj Tuzli, historijska gra\u0111evina<\/a><\/li>\n<li><a href=\"https:\/\/bastina.ba\/dzindijska-husein-caus-dzamija-u-tuzli-graditeljska-cjelina\/\">D\u017eindijska (Husein-\u010cau\u0161) d\u017eamija u Tuzli, graditeljska cjelina<\/a><\/li>\n<li><a href=\"https:\/\/bastina.ba\/jevrejsko-groblje-na-lokalitetu-boric-u-tuzli-grobljanska-cjelina\/\">Jevrejsko groblje na lokalitetu Bori\u0107 u Tuzli, grobljanska cjelina<\/a><\/li>\n<li><a href=\"https:\/\/bastina.ba\/fondovi-i-zbirke-ju-arhiv-tuzanskog-kantona-u-tuzli-pokretno-dobro\/\">Fondovi i zbirke JU Arhiv Tuzanskog kantona u Tuzli, pokretno dobro<\/a><\/li>\n<li><a href=\"https:\/\/bastina.ba\/hastahana-prva-javna-bolnica-historijski-spomenik\/\">Hastahana (prva javna bolnica), historijski spomenik<\/a><\/li>\n<li><a href=\"https:\/\/bastina.ba\/kino-centar\/\">Kino Centar<\/a><\/li>\n<li><a href=\"https:\/\/bastina.ba\/nekropola-sa-stecima-u-starim-kuama-donje-breke-historijsko-podruje\/\">Nekropola sa ste\u0107cima u Starim ku\u0107ama, Donje Bre\u0161ke, historijsko podru\u010dje<\/a><\/li>\n<li><a href=\"https:\/\/bastina.ba\/poljska-turalibegova-damija-sa-grebljem-i-turbetom-graditeljska-cjelina\/\">Poljska (Turalibegova) d\u017eamija sa grobljem i turbetom, graditeljska cjelina<\/a><\/li>\n<li><a href=\"https:\/\/bastina.ba\/dvor-srpskopravoslavne-zvorniko-tuzlanske-eparhije-sa-pokretnim-naslijeem-historijska-graevina\/\">Dvor Srpskopravoslavne zvorni\u010dko-tuzlanske eparhije sa pokretnim naslije\u0111em, historijska gra\u0111evina<\/a><\/li>\n<li><a href=\"https:\/\/bastina.ba\/pravoslavna-crkva-svetog-velikomuenika-georgija-sa-grobljem-na-trnovcu-graditeljska-cjelina\/\">Pravoslavna crkva svetog velikomu\u010denika Georgija sa grobljem na Trnovcu, graditeljska cjelina<\/a><\/li>\n<li><a href=\"https:\/\/bastina.ba\/pravoslavna-crkva-vaznesenja-gospodnjeg-u-poarnici-sa-starim-hrastom-prirodno-graditeljska-cjelina\/\">Pravoslavna crkva Vaznesenja Gospodnjeg u Po\u017earnici sa starim hrastom, prirodno-graditeljska cjelina<\/a><\/li>\n<li><a href=\"https:\/\/bastina.ba\/proizvodnja-soli-u-tuzli-industrijsko-naslijee\/\">Proizvodnja soli u Tuzli, industrijsko naslije\u0111e<\/a><\/li>\n<li><a href=\"https:\/\/bastina.ba\/saborni-hram-uspenja-presvete-bogorodice-sa-pokretnim-naslijeem-historijska-graevina\/\">Saborni hram Uspenja Presvete Bogorodice sa pokretnim naslije\u0111em, historijska gra\u0111evina<\/a><\/li>\n<li><a href=\"https:\/\/bastina.ba\/samostan-sestara-keri-boje-ljubavi-josipovac-historijski-spomenik\/\">Samostan sestara K\u0107eri Bo\u017eje ljubavi Josipovac, historijski spomenik<\/a><\/li>\n<li><a href=\"https:\/\/bastina.ba\/arena-asna-atik-gradska-behram-begova-damija-sa-haremom-ulazni-portal-i-mjesto-behram-begove-medrese-graditeljska-cjelina\/\">\u0160arena (\u010casna, Atik, Gradska, Behram-begova) d\u017eamija sa haremom, ulazni portal i mjesto Behram-begove medrese, graditeljska cjelina<\/a><\/li>\n<li><a href=\"https:\/\/bastina.ba\/zbirka-slika-ismeta-mujezinovia-u-meunarodnoj-galeriji-portreta-tuzla\/\">Zbirka slika Ismeta Mujezinovi\u0107a u Me\u0111unarodnoj galeriji portreta Tuzla<\/a><\/li>\n<li><a href=\"https:\/\/bastina.ba\/zbirka-tito-u-djelima-likovnih-umjetnika-jugoslavije\/\">Zbirka Tito u djelima likovnih umjetnika Jugoslavije u Me\u0111unarodnoj galeriji portreta Tuzla, pokretno dobro<\/a><\/li>\n<li><a href=\"https:\/\/bastina.ba\/kapela-gospe-lipnicke\/\">Kapela Gospe Lipni\u010dke<\/a><\/li>\n<\/ul>\n<p style=\"font-weight: 400; text-align: justify;\">U Tuzli su sagra\u0111ene tako\u0111er Mejdanska d\u017eamija iz 1644., Mehmedagina (Jalska) d\u017eamija (oko 1600) i Huseina \u010cau\u0161a (D\u017eindijska) d\u017eamija (17. st.)<\/p>\n<p style=\"font-weight: 400; text-align: justify;\">Memorijalnu ba\u0161tinu \u010dine groblja. Katoli\u010dko je groblje na Bori\u0107u, Josipovcu \/ Slavinovi\u0107ima, pravoslavno na Trnovcu, \u017eidovsko na Bukov\u010di\u0107u. Katoli\u010dko groblje na Bori\u0107u posljednje je po\u010divali\u0161te brojnih generacija Hrvata Soli, ali i pripadnika drugih katoli\u010dkih naroda koji su ovdje do\u0161li otkako je grad Tuzla kulturno i industrijski procvao dolaskom savremene zapadne civilizacije s Austro-Ugarskom koncem 19. i po\u010detkom 20. stolje\u0107a.\u00a0\u00a0<a href=\"https:\/\/hr.wikipedia.org\/wiki\/Zgrada_Barok_u_Tuzli\" data-saferedirecturl=\"https:\/\/www.google.com\/url?q=https:\/\/hr.wikipedia.org\/wiki\/Zgrada_Barok_u_Tuzli&amp;source=gmail&amp;ust=1531030037453000&amp;usg=AFQjCNHVloajBKUCfrA3VWHOw0Ihy68p7g\">Zgrada Barok<\/a>\u00a0iz 1900., obnovljena 2009., prete\u010da je dana\u0161njih trgova\u010dkih centara.<\/p>\n<p style=\"font-weight: 400; text-align: justify;\">Izgradnja spomenika na javnim povr\u0161inama u Tuzli i okolini, mo\u017ee se pratiti kroz pro\u0161lost od vremena austrougarske vladavine do danas. Spomenici su predmeti koji slu\u017ee za sje\u0107anje na pojedine li\u010dnosti ili doga\u0111aje. Naj\u010de\u0161\u0107e se radi o umjetni\u010dkim predmetima (kipovi, skulpture i fontane), a osim njih postoje i spomen-parkovi, obelisci, stele, spomen plo\u010de, \u010desme, nadgrobne plo\u010de itd.<\/p>\n<p style=\"font-weight: 400; text-align: justify;\">Intenzitet izgradnje, karakter spomenika, vrste materijala i tehnike izgradnje, su se bitno mijenjali kroz razli\u010dite historijske periode. U Bosni i Hercegovini, a samim time i u Tuzli mo\u0163e se pratiti nekoliko faza vezanih za izgradnju spomenika. One su usko vezane za promjenu politi\u010dkih sistema (dr\u017eavnih i dru\u0161tvenih).<\/p>\n<p style=\"font-weight: 400; text-align: justify;\">Tako se name\u0107e podjela od \u010detiri razli\u010dita perioda:<\/p>\n<ul style=\"text-align: justify;\">\n<li style=\"font-weight: 400;\">Period austrougarske vladavine;<\/li>\n<li style=\"font-weight: 400;\">Doba Kraljevine Jugoslavije;<\/li>\n<li style=\"font-weight: 400;\">Period socijalisti\u010dke izgradnje poslije Drugog svjetskog rata;<\/li>\n<li style=\"font-weight: 400;\">Period nakon Odbrambeno-oslobodila\u010dkog rata 1992-1995.<\/li>\n<\/ul>\n<p style=\"font-weight: 400; text-align: justify;\"><strong>Period austrougarske vladavine<\/strong>\u00a0(1878-1918) obilje\u0163en je intenzivnom izgradnjom javnih, ali i privatnih objekata u Tuzli i njenoj \u0161iroj okolini. Nije zabilje\u0163en neki ve\u0107i broj javnih spomenika, osim onog koji se nalazio na dana\u0161njem Trgu Oslobo\u0111enja (Appel Platz), na kojem se nalazio jedan obelisk, posve\u0107en austrougarskoj vlasti u Tuzli.<\/p>\n<p style=\"font-weight: 400; text-align: justify;\"><strong>Period Kraljevine Jugoslavije<\/strong>\u00a0(1918-1941) obilje\u017een je intenzivnijom izgradnjom spomenika, pa se tako isti postavljaju ispred \u0161kola, na odmarali\u0161tima npr. na Slanoj Banji, Lederova Fontana, Most sa kipovima itd. Zanimljivo je spomenuti da je ponekad veliki broj umjetnika radio na jednom mjestu kako bi ukrasio prostor (kako enterijer tako i eksterijer) objekta. U konkretnom slu\u010daju radi se o Sokolskom domu, kojeg je izgradio arhitekta Bogdan \u0110uki\u0107, a \u010diju su unutra\u0161njost ukrasili Ismet Mujezinovi\u0107, Anto Matkovi\u0107, Dragi\u0161a Trifkovi\u0107, Franjo Leder, Kristijan Krekovi\u0107 i mnogi drugi. Danas se od cijelog objekta sa\u010duvala samo dva reljefa Franje Ledera, koji se nalaze ispred ulaza na Fakultet za tjelesni odgoj i sport Tuzla, na Slanoj Banji. Osim Sokolskog doma, kojeg vi\u0161e nema, zanimljiv je i podatak da je vajar Sreten Stojanovi\u0107 (1898\u20131960), autor spomenika kralju Aleksandru Kara\u0111or\u0111evi\u0107u, koji se nalazio na prostoru dana\u0161nje Kapije u periodu izme\u0111u dva svjetska rata. Statua kralja Aleksandra je uni\u0161tena uspostavom Nezavisne dr\u017eave Hrvatske u aprilu mjesecu 1941. godine. U ovom periodu do po\u010detka Drugog svjetskog rata, umjetnici anga\u017eovani na poslovima izrade javnih spomenika nisu puno odstupali od europskih kretanja u navedenoj oblasti skultpure, jer su mnogi od njih bili u\u010denici europskih centara za umjetnost (Pariz, Be\u010d, Berlin, Rim itd).<\/p>\n<p style=\"font-weight: 400; text-align: justify;\"><strong>Period socijalisti\u010dke izgradnje<\/strong>\u00a0(1945-1990) donosi neke nove pravce u umjetnosti, ali dolazi i do pove\u0107ane produkcije izgradnje spomenika u razli\u010ditim formama (spomen plo\u010de, spomen ku\u0107e, biste, skulpture, portreti, spomen parkovi itd). Naj\u010de\u0161\u0107a forma u kojoj su vajari radili bile su biste i portreti narodnih heroja. Biste su ukra\u0161avale javne povr\u0161ine i javne ustanove od dru\u0161tvenog zna\u010daja, kao i upravne zgrade preduze\u0107a. Tako se od kraja pedesetih godina XX stolje\u0107a, pojavljuju najzna\u010dajniji spomenici koji i danas svjedo\u010de o pro\u0161losti iz Drugog svjetskog rata i sje\u0107anju na radni\u010dki pokret iz vremena kraljevine Jugoslavije. Jedan od najzna\u010dajnijih spomenika iz ovog perioda je Husinski rudar kod BKC-a (nekada Dom Mo\u0161a Pijade), Ivana Saboli\u0107a kao i spomen park na Husinu, istog autora. Druga velika spomeni\u010dka cjelina nastala je u u\u017eem podru\u010dju grada Tuzla, na \u0161etali\u0161tu Slana Banja. Na padinama ispod Gradine, podignuto je partizansko groblje, koje simbolizuje zahvalnost grada Tuzle za \u017ertve boraca iz Drugog svjetskog rata. Partizansko spomen groblje kao cjelinu sa\u010dinjavaju ulazno stepeni\u0161te sa platoom, spomenik, zajedni\u010dka grobnica, vidikovci i odmarali\u0161ta, \u010desma, bunar, staze itd. Jedan od najmonumentalnijih spomenika na Slanoj Banji je reljef koji prikazuje tri borca, izgra\u0111en u jednom bloku od bra\u010dkog kamena. Na prednjoj strani se nalaze isklesani likovi triju boraca dok je zadnja strana ravna i na njoj se nalaze uklesan tekst o slavi palih boraca. Idejno rje\u0161enje spomenika izradili su Antun Augustin\u010di\u0107 i Ismet Mujezinovi\u0107. U njegovoj neposrednoj blizini nalaze se dvije plo\u010de autora Dragi\u0161e Trifkovi\u0107a, na kojima su ispisana imena \u017ertava fa\u0161isti\u010dkog terora. Tu se nalazi i djelo Pere Jelisi\u0107a koje se odnosi na godi\u0161njicu KPJ, koji je izra\u0111en na amorfnom kamenom postamentu. Tu se jo\u0161 nalazi i spomenik koji se svojim tematskim ali i tehni\u010dkim rje\u0161enjem razlikuje od spomenika posve\u0107enih NOB-u. Radi se o Kapitelu \u017divorada Cigli\u0107a, koji na \u010detiri razli\u010dite plohe predstavlja pro\u0161lost grada Tuzle, od prahistorijskog, preko rimskog, srednjovjekovnog i osmanskog perioda.<\/p>\n<p style=\"font-weight: 400; text-align: justify;\"><strong>Period nakon Odbrambeno-oslobodila\u010dkog rata 1992-1995.\u00a0<\/strong>karakteri\u0161e izgradnja spomen plo\u010da i spomen obilje\u0163ja posve\u0107enih poginulim borcima i \u0161ehidima, \u017ertvama agresije na Bosnu i Hercegovinu 1992-1995. Osim toga, u znak saradnje izme\u0111u gradske vlasti i sa drugim gradovima i dr\u017eavama u okru\u017eenju, ali i \u0161ire, Tuzla je oboga\u0107ena sa mnogim kvalitetnim umjetni\u010dkim sadr\u017eajima na javnim povr\u0161inama. Na prvom mjestu tu je spomenik u Centralnom gradskom parku posve\u0107en srednjovjekovnom bosanskom kralju Tvrtku I Kotromani\u0107u, zatim, biste uglednih li\u010dnosti koje karakteri\u0161e univerzalna civilizacijska vrijednost kao \u0161to je Martin Luther King. U centru grada na Korzu nalazi se\u00a0spomenik piscu Me\u0161i Selimovi\u0107u i slikaru Ismetu Mujezinovi\u0107u.\u00a0Spomenik Sv. Franje Asi\u0161kog, skulptura se nalazi ispred glavnog ulaza u Katoli\u010dki \u0161kolski centar u u\u017eem centru Tuzle. Rad je Ilije Sko\u010dibu\u0161i\u0107a, postavljen je i blagoslovljen u oktobru mjesecu 2009. godine, te spomenik umjetnika Istvana Bencsika ispred zgrade Elektrotehni\u010dkog fakulteta u Tuzli.<\/p>\n","protected":false},"excerpt":{"rendered":"<p>U Tuzli je osamnaest\u00a0nacionalnih spomenika BiH.\u00a0To su: Bugilovi\u0107a ku\u0107a u Gornjoj Tuzli, historijska gra\u0111evina D\u017eindijska&#8230;<\/p>\n","protected":false},"author":1,"featured_media":0,"parent":0,"menu_order":0,"comment_status":"closed","ping_status":"closed","template":"","meta":{"footnotes":""},"class_list":["post-216","page","type-page","status-publish","hentry"],"_links":{"self":[{"href":"https:\/\/tztz.ba\/ba\/wp-json\/wp\/v2\/pages\/216","targetHints":{"allow":["GET"]}}],"collection":[{"href":"https:\/\/tztz.ba\/ba\/wp-json\/wp\/v2\/pages"}],"about":[{"href":"https:\/\/tztz.ba\/ba\/wp-json\/wp\/v2\/types\/page"}],"author":[{"embeddable":true,"href":"https:\/\/tztz.ba\/ba\/wp-json\/wp\/v2\/users\/1"}],"replies":[{"embeddable":true,"href":"https:\/\/tztz.ba\/ba\/wp-json\/wp\/v2\/comments?post=216"}],"version-history":[{"count":7,"href":"https:\/\/tztz.ba\/ba\/wp-json\/wp\/v2\/pages\/216\/revisions"}],"predecessor-version":[{"id":19333,"href":"https:\/\/tztz.ba\/ba\/wp-json\/wp\/v2\/pages\/216\/revisions\/19333"}],"wp:attachment":[{"href":"https:\/\/tztz.ba\/ba\/wp-json\/wp\/v2\/media?parent=216"}],"curies":[{"name":"wp","href":"https:\/\/api.w.org\/{rel}","templated":true}]}}