{"id":21884,"date":"2024-02-22T16:09:08","date_gmt":"2024-02-22T16:09:08","guid":{"rendered":"https:\/\/tztz.ba\/ba\/?page_id=21884"},"modified":"2024-02-22T16:09:08","modified_gmt":"2024-02-22T16:09:08","slug":"favoris","status":"publish","type":"page","link":"https:\/\/tztz.ba\/ba\/restorani\/favoris\/","title":{"rendered":"FAVORIS"},"content":{"rendered":"<p>\u0160armantan interijer i inovativni gastronomski koncept, pru\u017eaju posjetiteljima po\u017eeljan na\u010din za ispuniti svakodnevnicu.<\/p>\n<p>Pored spomenutog Favoris nudi i bogatu ponudu najfinijih vina s etiketama iz razli\u010ditih vinogorja na\u0161e<br \/>\nregije. Opustite se uz \u010da\u0161u kvalitetnog vina i pokoji zalogaj internacionalih delicija posjetom ovog restorana. Restoran je za goste otvoren svakog dana od 7 sati do 22h.<\/p>\n<p>Restoran Favoris se nalazi na adresi Ismeta Mujezinovi\u0107a 48, Tuzla, Bosna i Hercegovina. Za rezervacije ili dodatne informacije mo\u017eete ih kontaktirati putem telefona na broj 061 733 933 ili putem e-maila na restoran.favoris@outlook.com.<\/p>\n\n\t\t<style type=\"text\/css\">\n\t\t\t#gallery-1 {\n\t\t\t\tmargin: auto;\n\t\t\t}\n\t\t\t#gallery-1 .gallery-item {\n\t\t\t\tfloat: left;\n\t\t\t\tmargin-top: 10px;\n\t\t\t\ttext-align: center;\n\t\t\t\twidth: 25%;\n\t\t\t}\n\t\t\t#gallery-1 img {\n\t\t\t\tborder: 2px solid #cfcfcf;\n\t\t\t}\n\t\t\t#gallery-1 .gallery-caption {\n\t\t\t\tmargin-left: 0;\n\t\t\t}\n\t\t\t\/* see gallery_shortcode() in wp-includes\/media.php *\/\n\t\t<\/style>\n\t\t<div id='gallery-1' class='gallery galleryid-21884 gallery-columns-4 gallery-size-thumbnail'><dl class='gallery-item'>\n\t\t\t<dt class='gallery-icon landscape'>\n\t\t\t\t<a href='https:\/\/tztz.ba\/ba\/wp-content\/uploads\/2024\/02\/306350326_100807519464304_4864490508015944236_n.jpg'><img loading=\"lazy\" decoding=\"async\" width=\"150\" height=\"150\" src=\"https:\/\/tztz.ba\/ba\/wp-content\/uploads\/2024\/02\/306350326_100807519464304_4864490508015944236_n-150x150.jpg\" class=\"attachment-thumbnail size-thumbnail\" alt=\"\" srcset=\"https:\/\/tztz.ba\/ba\/wp-content\/uploads\/2024\/02\/306350326_100807519464304_4864490508015944236_n-150x150.jpg 150w, https:\/\/tztz.ba\/ba\/wp-content\/uploads\/2024\/02\/306350326_100807519464304_4864490508015944236_n-350x350.jpg 350w, https:\/\/tztz.ba\/ba\/wp-content\/uploads\/2024\/02\/306350326_100807519464304_4864490508015944236_n-400x400.jpg 400w\" sizes=\"auto, (max-width: 150px) 100vw, 150px\" \/><\/a>\n\t\t\t<\/dt><\/dl><dl class='gallery-item'>\n\t\t\t<dt class='gallery-icon portrait'>\n\t\t\t\t<a href='https:\/\/tztz.ba\/ba\/wp-content\/uploads\/2024\/02\/310673616_115240044687718_4974317995432395221_n.jpg'><img loading=\"lazy\" decoding=\"async\" width=\"150\" height=\"150\" src=\"https:\/\/tztz.ba\/ba\/wp-content\/uploads\/2024\/02\/310673616_115240044687718_4974317995432395221_n-150x150.jpg\" class=\"attachment-thumbnail size-thumbnail\" alt=\"\" srcset=\"https:\/\/tztz.ba\/ba\/wp-content\/uploads\/2024\/02\/310673616_115240044687718_4974317995432395221_n-150x150.jpg 150w, https:\/\/tztz.ba\/ba\/wp-content\/uploads\/2024\/02\/310673616_115240044687718_4974317995432395221_n-350x350.jpg 350w, https:\/\/tztz.ba\/ba\/wp-content\/uploads\/2024\/02\/310673616_115240044687718_4974317995432395221_n-400x400.jpg 400w\" sizes=\"auto, (max-width: 150px) 100vw, 150px\" \/><\/a>\n\t\t\t<\/dt><\/dl><dl class='gallery-item'>\n\t\t\t<dt class='gallery-icon landscape'>\n\t\t\t\t<a href='https:\/\/tztz.ba\/ba\/wp-content\/uploads\/2024\/02\/359112149_241455315399523_76287517685352084_n.jpg'><img loading=\"lazy\" decoding=\"async\" width=\"150\" height=\"150\" src=\"https:\/\/tztz.ba\/ba\/wp-content\/uploads\/2024\/02\/359112149_241455315399523_76287517685352084_n-150x150.jpg\" class=\"attachment-thumbnail size-thumbnail\" alt=\"\" srcset=\"https:\/\/tztz.ba\/ba\/wp-content\/uploads\/2024\/02\/359112149_241455315399523_76287517685352084_n-150x150.jpg 150w, https:\/\/tztz.ba\/ba\/wp-content\/uploads\/2024\/02\/359112149_241455315399523_76287517685352084_n-300x300.jpg 300w, https:\/\/tztz.ba\/ba\/wp-content\/uploads\/2024\/02\/359112149_241455315399523_76287517685352084_n-768x768.jpg 768w, https:\/\/tztz.ba\/ba\/wp-content\/uploads\/2024\/02\/359112149_241455315399523_76287517685352084_n-1024x1024.jpg 1024w, https:\/\/tztz.ba\/ba\/wp-content\/uploads\/2024\/02\/359112149_241455315399523_76287517685352084_n-350x350.jpg 350w, https:\/\/tztz.ba\/ba\/wp-content\/uploads\/2024\/02\/359112149_241455315399523_76287517685352084_n-400x400.jpg 400w, https:\/\/tztz.ba\/ba\/wp-content\/uploads\/2024\/02\/359112149_241455315399523_76287517685352084_n.jpg 1440w\" sizes=\"auto, (max-width: 150px) 100vw, 150px\" \/><\/a>\n\t\t\t<\/dt><\/dl><dl class='gallery-item'>\n\t\t\t<dt class='gallery-icon portrait'>\n\t\t\t\t<a href='https:\/\/tztz.ba\/ba\/wp-content\/uploads\/2024\/02\/425652863_17922493436841931_9119676084283937782_n.jpg'><img loading=\"lazy\" decoding=\"async\" width=\"150\" height=\"150\" src=\"https:\/\/tztz.ba\/ba\/wp-content\/uploads\/2024\/02\/425652863_17922493436841931_9119676084283937782_n-150x150.jpg\" class=\"attachment-thumbnail size-thumbnail\" alt=\"\" srcset=\"https:\/\/tztz.ba\/ba\/wp-content\/uploads\/2024\/02\/425652863_17922493436841931_9119676084283937782_n-150x150.jpg 150w, https:\/\/tztz.ba\/ba\/wp-content\/uploads\/2024\/02\/425652863_17922493436841931_9119676084283937782_n-350x350.jpg 350w, https:\/\/tztz.ba\/ba\/wp-content\/uploads\/2024\/02\/425652863_17922493436841931_9119676084283937782_n-400x400.jpg 400w\" sizes=\"auto, (max-width: 150px) 100vw, 150px\" \/><\/a>\n\t\t\t<\/dt><\/dl><br style=\"clear: both\" \/>\n\t\t<\/div>\n\n","protected":false},"excerpt":{"rendered":"<p>\u0160armantan interijer i inovativni gastronomski koncept, pru\u017eaju posjetiteljima po\u017eeljan na\u010din za ispuniti svakodnevnicu. Pored spomenutog&#8230;<\/p>\n","protected":false},"author":1,"featured_media":21887,"parent":557,"menu_order":0,"comment_status":"closed","ping_status":"closed","template":"templates\/smjestaj.php","meta":{"footnotes":""},"class_list":["post-21884","page","type-page","status-publish","has-post-thumbnail","hentry"],"_links":{"self":[{"href":"https:\/\/tztz.ba\/ba\/wp-json\/wp\/v2\/pages\/21884","targetHints":{"allow":["GET"]}}],"collection":[{"href":"https:\/\/tztz.ba\/ba\/wp-json\/wp\/v2\/pages"}],"about":[{"href":"https:\/\/tztz.ba\/ba\/wp-json\/wp\/v2\/types\/page"}],"author":[{"embeddable":true,"href":"https:\/\/tztz.ba\/ba\/wp-json\/wp\/v2\/users\/1"}],"replies":[{"embeddable":true,"href":"https:\/\/tztz.ba\/ba\/wp-json\/wp\/v2\/comments?post=21884"}],"version-history":[{"count":1,"href":"https:\/\/tztz.ba\/ba\/wp-json\/wp\/v2\/pages\/21884\/revisions"}],"predecessor-version":[{"id":21889,"href":"https:\/\/tztz.ba\/ba\/wp-json\/wp\/v2\/pages\/21884\/revisions\/21889"}],"up":[{"embeddable":true,"href":"https:\/\/tztz.ba\/ba\/wp-json\/wp\/v2\/pages\/557"}],"wp:featuredmedia":[{"embeddable":true,"href":"https:\/\/tztz.ba\/ba\/wp-json\/wp\/v2\/media\/21887"}],"wp:attachment":[{"href":"https:\/\/tztz.ba\/ba\/wp-json\/wp\/v2\/media?parent=21884"}],"curies":[{"name":"wp","href":"https:\/\/api.w.org\/{rel}","templated":true}]}}