{"id":21902,"date":"2024-02-22T16:17:14","date_gmt":"2024-02-22T16:17:14","guid":{"rendered":"https:\/\/tztz.ba\/ba\/?page_id=21902"},"modified":"2024-02-23T12:17:26","modified_gmt":"2024-02-23T12:17:26","slug":"cevabdzinica-limenka","status":"publish","type":"page","link":"https:\/\/tztz.ba\/ba\/restorani\/cevabdzinica-limenka\/","title":{"rendered":"\u0106evabd\u017einica Limenka"},"content":{"rendered":"<p>Limenka je odli\u010dno mjesto ako \u017eelite u\u017eivati u savr\u0161enim \u0107evapima. Ovo mjesto se nalazi do gradskog parka u Tuzli, pored puta, do Panonskih jezera. Ovo mjesto ima vi\u0161egodi\u0161nju tradiciju, i spada u kultna mjesta Tuzle. Limenka je nekada nosila druga\u010diji naziv, ali su je gosti prozvali \u201cLimenkom\u201d zbog izgleda prija\u0161njeg objekta.<\/p>\n<p>Gradsku \u0107evabd\u017einicu \u201cLIMENKA\u201d osnovao je davne 1967. godine Ne\u0161fet Rufati. \u0106evabd\u017einica Limenka je prvobitno je napravljena od \u017eeljezne konstrukcije koja je izvana bila oblo\u017eena limom. Kasnije je ovo ime postalo brend i sam objekat je nazvan upravo Limenka.<\/p>\n<p>Limenka je mjesto gdje mo\u017eete do\u0107i sa porodicom i prijateljima, pojesti najukusnije \u0107evape, a od Limenke su vam vrlo blizu i Panonska jezera, gradski park, Trg Slobode i ostali sadr\u017eaj u Tuzli.<\/p>\n<p><strong>www.limenka.ba<\/strong><\/p>\n<p><strong>Patriotske Lige 24, Tuzla 75000<\/strong><\/p>\n<p><strong>Kontakt: 035 250 800 ; 035 250 802<\/strong><\/p>\n<p>&nbsp;<\/p>\n\n\t\t<style type=\"text\/css\">\n\t\t\t#gallery-1 {\n\t\t\t\tmargin: auto;\n\t\t\t}\n\t\t\t#gallery-1 .gallery-item {\n\t\t\t\tfloat: left;\n\t\t\t\tmargin-top: 10px;\n\t\t\t\ttext-align: center;\n\t\t\t\twidth: 50%;\n\t\t\t}\n\t\t\t#gallery-1 img {\n\t\t\t\tborder: 2px solid #cfcfcf;\n\t\t\t}\n\t\t\t#gallery-1 .gallery-caption {\n\t\t\t\tmargin-left: 0;\n\t\t\t}\n\t\t\t\/* see gallery_shortcode() in wp-includes\/media.php *\/\n\t\t<\/style>\n\t\t<div id='gallery-1' class='gallery galleryid-21902 gallery-columns-2 gallery-size-thumbnail'><dl class='gallery-item'>\n\t\t\t<dt class='gallery-icon landscape'>\n\t\t\t\t<a href='https:\/\/tztz.ba\/ba\/wp-content\/uploads\/2024\/02\/e201d36d-8fab-467f-a8c9-a896ff5dd6c3.jpg'><img loading=\"lazy\" decoding=\"async\" width=\"150\" height=\"150\" src=\"https:\/\/tztz.ba\/ba\/wp-content\/uploads\/2024\/02\/e201d36d-8fab-467f-a8c9-a896ff5dd6c3-150x150.jpg\" class=\"attachment-thumbnail size-thumbnail\" alt=\"\" srcset=\"https:\/\/tztz.ba\/ba\/wp-content\/uploads\/2024\/02\/e201d36d-8fab-467f-a8c9-a896ff5dd6c3-150x150.jpg 150w, https:\/\/tztz.ba\/ba\/wp-content\/uploads\/2024\/02\/e201d36d-8fab-467f-a8c9-a896ff5dd6c3-350x350.jpg 350w, https:\/\/tztz.ba\/ba\/wp-content\/uploads\/2024\/02\/e201d36d-8fab-467f-a8c9-a896ff5dd6c3-400x400.jpg 400w\" sizes=\"auto, (max-width: 150px) 100vw, 150px\" \/><\/a>\n\t\t\t<\/dt><\/dl><dl class='gallery-item'>\n\t\t\t<dt class='gallery-icon landscape'>\n\t\t\t\t<a href='https:\/\/tztz.ba\/ba\/wp-content\/uploads\/2024\/02\/b6ff7efc-af8b-4ea9-b980-9cb3be411c89.jpg'><img loading=\"lazy\" decoding=\"async\" width=\"150\" height=\"150\" src=\"https:\/\/tztz.ba\/ba\/wp-content\/uploads\/2024\/02\/b6ff7efc-af8b-4ea9-b980-9cb3be411c89-150x150.jpg\" class=\"attachment-thumbnail size-thumbnail\" alt=\"\" srcset=\"https:\/\/tztz.ba\/ba\/wp-content\/uploads\/2024\/02\/b6ff7efc-af8b-4ea9-b980-9cb3be411c89-150x150.jpg 150w, https:\/\/tztz.ba\/ba\/wp-content\/uploads\/2024\/02\/b6ff7efc-af8b-4ea9-b980-9cb3be411c89-350x350.jpg 350w, https:\/\/tztz.ba\/ba\/wp-content\/uploads\/2024\/02\/b6ff7efc-af8b-4ea9-b980-9cb3be411c89-400x400.jpg 400w\" sizes=\"auto, (max-width: 150px) 100vw, 150px\" \/><\/a>\n\t\t\t<\/dt><\/dl><br style=\"clear: both\" \/>\n\t\t<\/div>\n\n","protected":false},"excerpt":{"rendered":"<p>Limenka je odli\u010dno mjesto ako \u017eelite u\u017eivati u savr\u0161enim \u0107evapima. Ovo mjesto se nalazi do&#8230;<\/p>\n","protected":false},"author":1,"featured_media":21904,"parent":557,"menu_order":0,"comment_status":"closed","ping_status":"closed","template":"templates\/smjestaj.php","meta":{"footnotes":""},"class_list":["post-21902","page","type-page","status-publish","has-post-thumbnail","hentry"],"_links":{"self":[{"href":"https:\/\/tztz.ba\/ba\/wp-json\/wp\/v2\/pages\/21902","targetHints":{"allow":["GET"]}}],"collection":[{"href":"https:\/\/tztz.ba\/ba\/wp-json\/wp\/v2\/pages"}],"about":[{"href":"https:\/\/tztz.ba\/ba\/wp-json\/wp\/v2\/types\/page"}],"author":[{"embeddable":true,"href":"https:\/\/tztz.ba\/ba\/wp-json\/wp\/v2\/users\/1"}],"replies":[{"embeddable":true,"href":"https:\/\/tztz.ba\/ba\/wp-json\/wp\/v2\/comments?post=21902"}],"version-history":[{"count":3,"href":"https:\/\/tztz.ba\/ba\/wp-json\/wp\/v2\/pages\/21902\/revisions"}],"predecessor-version":[{"id":21960,"href":"https:\/\/tztz.ba\/ba\/wp-json\/wp\/v2\/pages\/21902\/revisions\/21960"}],"up":[{"embeddable":true,"href":"https:\/\/tztz.ba\/ba\/wp-json\/wp\/v2\/pages\/557"}],"wp:featuredmedia":[{"embeddable":true,"href":"https:\/\/tztz.ba\/ba\/wp-json\/wp\/v2\/media\/21904"}],"wp:attachment":[{"href":"https:\/\/tztz.ba\/ba\/wp-json\/wp\/v2\/media?parent=21902"}],"curies":[{"name":"wp","href":"https:\/\/api.w.org\/{rel}","templated":true}]}}