{"id":21906,"date":"2024-02-22T16:18:40","date_gmt":"2024-02-22T16:18:40","guid":{"rendered":"https:\/\/tztz.ba\/ba\/?page_id=21906"},"modified":"2024-02-22T16:18:40","modified_gmt":"2024-02-22T16:18:40","slug":"mozaik","status":"publish","type":"page","link":"https:\/\/tztz.ba\/ba\/restorani\/mozaik\/","title":{"rendered":"MOZAIK"},"content":{"rendered":"<p>Trgova\u010dka 4, Tuzla<br \/>\n035 257-111<br \/>\npizzeria.mozaik@gmail.com<br \/>\nhttps:\/\/www.facebook.com\/pizzeriamozaik\/about?locale=hr_HR<\/p>\n<p>U samom centru grada u pje\u0161a\u010dkoj zoni smje\u0161ten je restoran pizzeria Mozaik omiljeno okupljali\u0161te mladih.<\/p>\n\n\t\t<style type=\"text\/css\">\n\t\t\t#gallery-1 {\n\t\t\t\tmargin: auto;\n\t\t\t}\n\t\t\t#gallery-1 .gallery-item {\n\t\t\t\tfloat: left;\n\t\t\t\tmargin-top: 10px;\n\t\t\t\ttext-align: center;\n\t\t\t\twidth: 33%;\n\t\t\t}\n\t\t\t#gallery-1 img {\n\t\t\t\tborder: 2px solid #cfcfcf;\n\t\t\t}\n\t\t\t#gallery-1 .gallery-caption {\n\t\t\t\tmargin-left: 0;\n\t\t\t}\n\t\t\t\/* see gallery_shortcode() in wp-includes\/media.php *\/\n\t\t<\/style>\n\t\t<div id='gallery-1' class='gallery galleryid-21906 gallery-columns-3 gallery-size-thumbnail'><dl class='gallery-item'>\n\t\t\t<dt class='gallery-icon landscape'>\n\t\t\t\t<a href='https:\/\/tztz.ba\/ba\/wp-content\/uploads\/2024\/02\/r9ac-Mozaik-2-design.jpg'><img loading=\"lazy\" decoding=\"async\" width=\"150\" height=\"150\" src=\"https:\/\/tztz.ba\/ba\/wp-content\/uploads\/2024\/02\/r9ac-Mozaik-2-design-150x150.jpg\" class=\"attachment-thumbnail size-thumbnail\" alt=\"\" srcset=\"https:\/\/tztz.ba\/ba\/wp-content\/uploads\/2024\/02\/r9ac-Mozaik-2-design-150x150.jpg 150w, https:\/\/tztz.ba\/ba\/wp-content\/uploads\/2024\/02\/r9ac-Mozaik-2-design-350x350.jpg 350w, https:\/\/tztz.ba\/ba\/wp-content\/uploads\/2024\/02\/r9ac-Mozaik-2-design-400x400.jpg 400w\" sizes=\"auto, (max-width: 150px) 100vw, 150px\" \/><\/a>\n\t\t\t<\/dt><\/dl><dl class='gallery-item'>\n\t\t\t<dt class='gallery-icon landscape'>\n\t\t\t\t<a href='https:\/\/tztz.ba\/ba\/wp-content\/uploads\/2024\/02\/rbea-Mozaik-2-interior.jpg'><img loading=\"lazy\" decoding=\"async\" width=\"150\" height=\"150\" src=\"https:\/\/tztz.ba\/ba\/wp-content\/uploads\/2024\/02\/rbea-Mozaik-2-interior-150x150.jpg\" class=\"attachment-thumbnail size-thumbnail\" alt=\"\" srcset=\"https:\/\/tztz.ba\/ba\/wp-content\/uploads\/2024\/02\/rbea-Mozaik-2-interior-150x150.jpg 150w, https:\/\/tztz.ba\/ba\/wp-content\/uploads\/2024\/02\/rbea-Mozaik-2-interior-350x350.jpg 350w, https:\/\/tztz.ba\/ba\/wp-content\/uploads\/2024\/02\/rbea-Mozaik-2-interior-400x400.jpg 400w\" sizes=\"auto, (max-width: 150px) 100vw, 150px\" \/><\/a>\n\t\t\t<\/dt><\/dl><dl class='gallery-item'>\n\t\t\t<dt class='gallery-icon landscape'>\n\t\t\t\t<a href='https:\/\/tztz.ba\/ba\/wp-content\/uploads\/2024\/02\/rf1d-interior-Mozaik-2.jpg'><img loading=\"lazy\" decoding=\"async\" width=\"150\" height=\"150\" src=\"https:\/\/tztz.ba\/ba\/wp-content\/uploads\/2024\/02\/rf1d-interior-Mozaik-2-150x150.jpg\" class=\"attachment-thumbnail size-thumbnail\" alt=\"\" srcset=\"https:\/\/tztz.ba\/ba\/wp-content\/uploads\/2024\/02\/rf1d-interior-Mozaik-2-150x150.jpg 150w, https:\/\/tztz.ba\/ba\/wp-content\/uploads\/2024\/02\/rf1d-interior-Mozaik-2-350x350.jpg 350w, https:\/\/tztz.ba\/ba\/wp-content\/uploads\/2024\/02\/rf1d-interior-Mozaik-2-400x400.jpg 400w\" sizes=\"auto, (max-width: 150px) 100vw, 150px\" \/><\/a>\n\t\t\t<\/dt><\/dl><br style=\"clear: both\" \/>\n\t\t<\/div>\n\n","protected":false},"excerpt":{"rendered":"<p>Trgova\u010dka 4, Tuzla 035 257-111 pizzeria.mozaik@gmail.com https:\/\/www.facebook.com\/pizzeriamozaik\/about?locale=hr_HR U samom centru grada u pje\u0161a\u010dkoj zoni smje\u0161ten&#8230;<\/p>\n","protected":false},"author":1,"featured_media":21909,"parent":557,"menu_order":0,"comment_status":"closed","ping_status":"closed","template":"templates\/smjestaj.php","meta":{"footnotes":""},"class_list":["post-21906","page","type-page","status-publish","has-post-thumbnail","hentry"],"_links":{"self":[{"href":"https:\/\/tztz.ba\/ba\/wp-json\/wp\/v2\/pages\/21906","targetHints":{"allow":["GET"]}}],"collection":[{"href":"https:\/\/tztz.ba\/ba\/wp-json\/wp\/v2\/pages"}],"about":[{"href":"https:\/\/tztz.ba\/ba\/wp-json\/wp\/v2\/types\/page"}],"author":[{"embeddable":true,"href":"https:\/\/tztz.ba\/ba\/wp-json\/wp\/v2\/users\/1"}],"replies":[{"embeddable":true,"href":"https:\/\/tztz.ba\/ba\/wp-json\/wp\/v2\/comments?post=21906"}],"version-history":[{"count":1,"href":"https:\/\/tztz.ba\/ba\/wp-json\/wp\/v2\/pages\/21906\/revisions"}],"predecessor-version":[{"id":21911,"href":"https:\/\/tztz.ba\/ba\/wp-json\/wp\/v2\/pages\/21906\/revisions\/21911"}],"up":[{"embeddable":true,"href":"https:\/\/tztz.ba\/ba\/wp-json\/wp\/v2\/pages\/557"}],"wp:featuredmedia":[{"embeddable":true,"href":"https:\/\/tztz.ba\/ba\/wp-json\/wp\/v2\/media\/21909"}],"wp:attachment":[{"href":"https:\/\/tztz.ba\/ba\/wp-json\/wp\/v2\/media?parent=21906"}],"curies":[{"name":"wp","href":"https:\/\/api.w.org\/{rel}","templated":true}]}}