{"id":21912,"date":"2024-02-22T16:20:04","date_gmt":"2024-02-22T16:20:04","guid":{"rendered":"https:\/\/tztz.ba\/ba\/?page_id=21912"},"modified":"2024-02-22T16:23:12","modified_gmt":"2024-02-22T16:23:12","slug":"palacinkara-kod-bagija","status":"publish","type":"page","link":"https:\/\/tztz.ba\/ba\/restorani\/palacinkara-kod-bagija\/","title":{"rendered":"Pala\u010dinkara kod Bagija"},"content":{"rendered":"<p>Ako ste za slatke zalogaje onda svratite do Pala\u010dinkare kod Bagija koja se nalazi odmah do gradskog parka, u blizni Trga Slobode u Tuzli.<\/p>\n<p>U Pala\u010dinkari kod Bagija \u0107ete neosporno prona\u0107i najukusnije, ali i najsla\u0111e pala\u010dinke u gradu. Ovo mjesto nudi \u0161irok izbor kombinacija pala\u010dinaka, pri \u010demu nijedna porcija nije obi\u010dna. U\u017eivajte u pala\u010dinkama uz dodatak kinder \u010dokoladice, sladoleda, \u0161laga i raznih drugih kombinacija koje \u0107e vas odu\u0161eviti i natjerati da se ponovno vratite.<\/p>\n<p>Pala\u010dinkara kod Bagija je maleno mjesto gdje mo\u017eete u\u017eivati u svojim pala\u010dinkama unutar prostora ili na otvorenom. Osim fantasti\u010dnih pala\u010dinki, ovo mjesto nudi prelijep ugo\u0111aj i ljubazno osoblje koje \u0107e u\u010diniti va\u0161e posjetiteljsko iskustvo jo\u0161 ugodnijim. Ne propustite priliku posjetiti Pala\u010dinkaru kod Bagija i u\u017eivati u jedinstvenom spoju slatkih okusa i ugodne atmosfere.<\/p>\n<p>&nbsp;<\/p>\n\n\t\t<style type=\"text\/css\">\n\t\t\t#gallery-1 {\n\t\t\t\tmargin: auto;\n\t\t\t}\n\t\t\t#gallery-1 .gallery-item {\n\t\t\t\tfloat: left;\n\t\t\t\tmargin-top: 10px;\n\t\t\t\ttext-align: center;\n\t\t\t\twidth: 33%;\n\t\t\t}\n\t\t\t#gallery-1 img {\n\t\t\t\tborder: 2px solid #cfcfcf;\n\t\t\t}\n\t\t\t#gallery-1 .gallery-caption {\n\t\t\t\tmargin-left: 0;\n\t\t\t}\n\t\t\t\/* see gallery_shortcode() in wp-includes\/media.php *\/\n\t\t<\/style>\n\t\t<div id='gallery-1' class='gallery galleryid-21912 gallery-columns-3 gallery-size-thumbnail'><dl class='gallery-item'>\n\t\t\t<dt class='gallery-icon landscape'>\n\t\t\t\t<a href='https:\/\/tztz.ba\/ba\/wp-content\/uploads\/2024\/02\/5c17b631-12fd-460f-8a3f-18bc12e06379_sm.jpg'><img loading=\"lazy\" decoding=\"async\" width=\"150\" height=\"150\" src=\"https:\/\/tztz.ba\/ba\/wp-content\/uploads\/2024\/02\/5c17b631-12fd-460f-8a3f-18bc12e06379_sm-150x150.jpg\" class=\"attachment-thumbnail size-thumbnail\" alt=\"\" srcset=\"https:\/\/tztz.ba\/ba\/wp-content\/uploads\/2024\/02\/5c17b631-12fd-460f-8a3f-18bc12e06379_sm-150x150.jpg 150w, https:\/\/tztz.ba\/ba\/wp-content\/uploads\/2024\/02\/5c17b631-12fd-460f-8a3f-18bc12e06379_sm-350x350.jpg 350w, https:\/\/tztz.ba\/ba\/wp-content\/uploads\/2024\/02\/5c17b631-12fd-460f-8a3f-18bc12e06379_sm-400x400.jpg 400w\" sizes=\"auto, (max-width: 150px) 100vw, 150px\" \/><\/a>\n\t\t\t<\/dt><\/dl><dl class='gallery-item'>\n\t\t\t<dt class='gallery-icon landscape'>\n\t\t\t\t<a href='https:\/\/tztz.ba\/ba\/wp-content\/uploads\/2024\/02\/278083570_5182544255122792_7958491054511485778_n.jpg'><img loading=\"lazy\" decoding=\"async\" width=\"150\" height=\"150\" src=\"https:\/\/tztz.ba\/ba\/wp-content\/uploads\/2024\/02\/278083570_5182544255122792_7958491054511485778_n-150x150.jpg\" class=\"attachment-thumbnail size-thumbnail\" alt=\"\" srcset=\"https:\/\/tztz.ba\/ba\/wp-content\/uploads\/2024\/02\/278083570_5182544255122792_7958491054511485778_n-150x150.jpg 150w, https:\/\/tztz.ba\/ba\/wp-content\/uploads\/2024\/02\/278083570_5182544255122792_7958491054511485778_n-350x350.jpg 350w, https:\/\/tztz.ba\/ba\/wp-content\/uploads\/2024\/02\/278083570_5182544255122792_7958491054511485778_n-400x400.jpg 400w\" sizes=\"auto, (max-width: 150px) 100vw, 150px\" \/><\/a>\n\t\t\t<\/dt><\/dl><dl class='gallery-item'>\n\t\t\t<dt class='gallery-icon landscape'>\n\t\t\t\t<a href='https:\/\/tztz.ba\/ba\/wp-content\/uploads\/2024\/02\/bagi88.jpg'><img loading=\"lazy\" decoding=\"async\" width=\"150\" height=\"150\" src=\"https:\/\/tztz.ba\/ba\/wp-content\/uploads\/2024\/02\/bagi88-150x150.jpg\" class=\"attachment-thumbnail size-thumbnail\" alt=\"\" srcset=\"https:\/\/tztz.ba\/ba\/wp-content\/uploads\/2024\/02\/bagi88-150x150.jpg 150w, https:\/\/tztz.ba\/ba\/wp-content\/uploads\/2024\/02\/bagi88-350x350.jpg 350w, https:\/\/tztz.ba\/ba\/wp-content\/uploads\/2024\/02\/bagi88-400x400.jpg 400w\" sizes=\"auto, (max-width: 150px) 100vw, 150px\" \/><\/a>\n\t\t\t<\/dt><\/dl><br style=\"clear: both\" \/>\n\t\t<\/div>\n\n","protected":false},"excerpt":{"rendered":"<p>Ako ste za slatke zalogaje onda svratite do Pala\u010dinkare kod Bagija koja se nalazi odmah&#8230;<\/p>\n","protected":false},"author":1,"featured_media":21914,"parent":557,"menu_order":0,"comment_status":"closed","ping_status":"closed","template":"templates\/smjestaj.php","meta":{"footnotes":""},"class_list":["post-21912","page","type-page","status-publish","has-post-thumbnail","hentry"],"_links":{"self":[{"href":"https:\/\/tztz.ba\/ba\/wp-json\/wp\/v2\/pages\/21912","targetHints":{"allow":["GET"]}}],"collection":[{"href":"https:\/\/tztz.ba\/ba\/wp-json\/wp\/v2\/pages"}],"about":[{"href":"https:\/\/tztz.ba\/ba\/wp-json\/wp\/v2\/types\/page"}],"author":[{"embeddable":true,"href":"https:\/\/tztz.ba\/ba\/wp-json\/wp\/v2\/users\/1"}],"replies":[{"embeddable":true,"href":"https:\/\/tztz.ba\/ba\/wp-json\/wp\/v2\/comments?post=21912"}],"version-history":[{"count":1,"href":"https:\/\/tztz.ba\/ba\/wp-json\/wp\/v2\/pages\/21912\/revisions"}],"predecessor-version":[{"id":21916,"href":"https:\/\/tztz.ba\/ba\/wp-json\/wp\/v2\/pages\/21912\/revisions\/21916"}],"up":[{"embeddable":true,"href":"https:\/\/tztz.ba\/ba\/wp-json\/wp\/v2\/pages\/557"}],"wp:featuredmedia":[{"embeddable":true,"href":"https:\/\/tztz.ba\/ba\/wp-json\/wp\/v2\/media\/21914"}],"wp:attachment":[{"href":"https:\/\/tztz.ba\/ba\/wp-json\/wp\/v2\/media?parent=21912"}],"curies":[{"name":"wp","href":"https:\/\/api.w.org\/{rel}","templated":true}]}}