{"id":21928,"date":"2024-02-22T16:26:58","date_gmt":"2024-02-22T16:26:58","guid":{"rendered":"https:\/\/tztz.ba\/ba\/?page_id=21928"},"modified":"2024-02-22T16:26:58","modified_gmt":"2024-02-22T16:26:58","slug":"restoran-sedra","status":"publish","type":"page","link":"https:\/\/tztz.ba\/ba\/restorani\/restoran-sedra\/","title":{"rendered":"RESTORAN SEDRA"},"content":{"rendered":"<p>RESTORAN SEDRA, smje\u0161ten na adresi Slatina 5, 75000 Tuzla, Bosna i Hercegovina, predstavlja gastronomski biser u najprometnijem dijelu Tuzle. Nalazi se u naselju Slatina, u neposrednoj blizini Doma Zdravlja, velikog broja \u0161kola, fakulteta i drugih institucija.<\/p>\n<p>Za kontakt i rezervacije, mo\u017eete ih dobiti putem telefona na broj 035 280-900 ili posjetiti njihovu web stranicu www.sedra.ba<\/p>\n<p>Posjetitelji restorana Sedra, kako doma\u0107i tako i gosti, mogu svakodnevno u\u017eivati u \u0161irokom izboru svje\u017ee pripremljenih bosanskih jela u ugodnom ambijentu. Osim tradicionalne bosanske kuhinje, restoran nudi veliki izbor pizza i jela po narud\u017ebi, te svje\u017eih donera koji su omiljeno jelo mnogih.<\/p>\n<p>Restoran u zatvorenom dijelu ima kapacitet od 150 mjesta, dok vanjski dio raspola\u017ee s 30 mjesta, pru\u017eaju\u0107i posjetiteljima raznovrsne opcije za u\u017eivanje u hrani i atmosferi.<\/p>\n\n\t\t<style type=\"text\/css\">\n\t\t\t#gallery-1 {\n\t\t\t\tmargin: auto;\n\t\t\t}\n\t\t\t#gallery-1 .gallery-item {\n\t\t\t\tfloat: left;\n\t\t\t\tmargin-top: 10px;\n\t\t\t\ttext-align: center;\n\t\t\t\twidth: 50%;\n\t\t\t}\n\t\t\t#gallery-1 img {\n\t\t\t\tborder: 2px solid #cfcfcf;\n\t\t\t}\n\t\t\t#gallery-1 .gallery-caption {\n\t\t\t\tmargin-left: 0;\n\t\t\t}\n\t\t\t\/* see gallery_shortcode() in wp-includes\/media.php *\/\n\t\t<\/style>\n\t\t<div id='gallery-1' class='gallery galleryid-21928 gallery-columns-2 gallery-size-thumbnail'><dl class='gallery-item'>\n\t\t\t<dt class='gallery-icon portrait'>\n\t\t\t\t<a href='https:\/\/tztz.ba\/ba\/wp-content\/uploads\/2024\/02\/117327965_159028985779628_7346059126986549252_n.jpg'><img loading=\"lazy\" decoding=\"async\" width=\"150\" height=\"150\" src=\"https:\/\/tztz.ba\/ba\/wp-content\/uploads\/2024\/02\/117327965_159028985779628_7346059126986549252_n-150x150.jpg\" class=\"attachment-thumbnail size-thumbnail\" alt=\"\" srcset=\"https:\/\/tztz.ba\/ba\/wp-content\/uploads\/2024\/02\/117327965_159028985779628_7346059126986549252_n-150x150.jpg 150w, https:\/\/tztz.ba\/ba\/wp-content\/uploads\/2024\/02\/117327965_159028985779628_7346059126986549252_n-350x350.jpg 350w, https:\/\/tztz.ba\/ba\/wp-content\/uploads\/2024\/02\/117327965_159028985779628_7346059126986549252_n-400x400.jpg 400w\" sizes=\"auto, (max-width: 150px) 100vw, 150px\" \/><\/a>\n\t\t\t<\/dt><\/dl><dl class='gallery-item'>\n\t\t\t<dt class='gallery-icon landscape'>\n\t\t\t\t<a href='https:\/\/tztz.ba\/ba\/wp-content\/uploads\/2024\/02\/ezgif-3-6112b0f284.jpg'><img loading=\"lazy\" decoding=\"async\" width=\"150\" height=\"150\" src=\"https:\/\/tztz.ba\/ba\/wp-content\/uploads\/2024\/02\/ezgif-3-6112b0f284-150x150.jpg\" class=\"attachment-thumbnail size-thumbnail\" alt=\"\" srcset=\"https:\/\/tztz.ba\/ba\/wp-content\/uploads\/2024\/02\/ezgif-3-6112b0f284-150x150.jpg 150w, https:\/\/tztz.ba\/ba\/wp-content\/uploads\/2024\/02\/ezgif-3-6112b0f284-350x350.jpg 350w, https:\/\/tztz.ba\/ba\/wp-content\/uploads\/2024\/02\/ezgif-3-6112b0f284-400x400.jpg 400w\" sizes=\"auto, (max-width: 150px) 100vw, 150px\" \/><\/a>\n\t\t\t<\/dt><\/dl><br style=\"clear: both\" \/>\n\t\t<\/div>\n\n","protected":false},"excerpt":{"rendered":"<p>RESTORAN SEDRA, smje\u0161ten na adresi Slatina 5, 75000 Tuzla, Bosna i Hercegovina, predstavlja gastronomski biser&#8230;<\/p>\n","protected":false},"author":1,"featured_media":21930,"parent":557,"menu_order":0,"comment_status":"closed","ping_status":"closed","template":"templates\/smjestaj.php","meta":{"footnotes":""},"class_list":["post-21928","page","type-page","status-publish","has-post-thumbnail","hentry"],"_links":{"self":[{"href":"https:\/\/tztz.ba\/ba\/wp-json\/wp\/v2\/pages\/21928","targetHints":{"allow":["GET"]}}],"collection":[{"href":"https:\/\/tztz.ba\/ba\/wp-json\/wp\/v2\/pages"}],"about":[{"href":"https:\/\/tztz.ba\/ba\/wp-json\/wp\/v2\/types\/page"}],"author":[{"embeddable":true,"href":"https:\/\/tztz.ba\/ba\/wp-json\/wp\/v2\/users\/1"}],"replies":[{"embeddable":true,"href":"https:\/\/tztz.ba\/ba\/wp-json\/wp\/v2\/comments?post=21928"}],"version-history":[{"count":1,"href":"https:\/\/tztz.ba\/ba\/wp-json\/wp\/v2\/pages\/21928\/revisions"}],"predecessor-version":[{"id":21931,"href":"https:\/\/tztz.ba\/ba\/wp-json\/wp\/v2\/pages\/21928\/revisions\/21931"}],"up":[{"embeddable":true,"href":"https:\/\/tztz.ba\/ba\/wp-json\/wp\/v2\/pages\/557"}],"wp:featuredmedia":[{"embeddable":true,"href":"https:\/\/tztz.ba\/ba\/wp-json\/wp\/v2\/media\/21930"}],"wp:attachment":[{"href":"https:\/\/tztz.ba\/ba\/wp-json\/wp\/v2\/media?parent=21928"}],"curies":[{"name":"wp","href":"https:\/\/api.w.org\/{rel}","templated":true}]}}