{"id":22022,"date":"2024-03-04T20:59:48","date_gmt":"2024-03-04T20:59:48","guid":{"rendered":"https:\/\/tztz.ba\/ba\/?page_id=22022"},"modified":"2024-03-04T20:59:48","modified_gmt":"2024-03-04T20:59:48","slug":"cafe-bar-coffee-zone","status":"publish","type":"page","link":"https:\/\/tztz.ba\/ba\/kafici-i-klubovi\/cafe-bar-coffee-zone\/","title":{"rendered":"Cafe bar &#8220;Coffee Zone&#8221;"},"content":{"rendered":"<p>Zaronite u svijet ugodne atmosfere i neodoljivih okusa u na\u0161em kafi\u0107u.<\/p>\n<p>Neobi\u010dan interijer obavijen je ugodnim tonovima i prirodnom svjetlo\u0161\u0107u, stvaraju\u0107i mirno okru\u017eenje za opu\u0161tanje. U\u017eivajte u jedinstvenom vizualnom identitetu koji ovaj kafi\u0107 \u010dini idealnim mjestom za ispijanje kafe ili izlaska s dru\u0161tvom, posebno u toplim ljetnim danima.<\/p>\n<p>\u201eCoffe Zone\u201c je mjesto gdje se stvaraju nezaboravni trenuci s dragim osobama. Do\u0111ite i budite dio na\u0161e zajednice ljubitelja kafe i u\u017eivanja u \u017eivotu.<\/p>\n<p>&nbsp;<\/p>\n\n\t\t<style type=\"text\/css\">\n\t\t\t#gallery-1 {\n\t\t\t\tmargin: auto;\n\t\t\t}\n\t\t\t#gallery-1 .gallery-item {\n\t\t\t\tfloat: left;\n\t\t\t\tmargin-top: 10px;\n\t\t\t\ttext-align: center;\n\t\t\t\twidth: 33%;\n\t\t\t}\n\t\t\t#gallery-1 img {\n\t\t\t\tborder: 2px solid #cfcfcf;\n\t\t\t}\n\t\t\t#gallery-1 .gallery-caption {\n\t\t\t\tmargin-left: 0;\n\t\t\t}\n\t\t\t\/* see gallery_shortcode() in wp-includes\/media.php *\/\n\t\t<\/style>\n\t\t<div id='gallery-1' class='gallery galleryid-22022 gallery-columns-3 gallery-size-thumbnail'><dl class='gallery-item'>\n\t\t\t<dt class='gallery-icon landscape'>\n\t\t\t\t<a href='https:\/\/tztz.ba\/ba\/wp-content\/uploads\/2024\/03\/2019-08-08.jpg'><img loading=\"lazy\" decoding=\"async\" width=\"150\" height=\"150\" src=\"https:\/\/tztz.ba\/ba\/wp-content\/uploads\/2024\/03\/2019-08-08-150x150.jpg\" class=\"attachment-thumbnail size-thumbnail\" alt=\"\" srcset=\"https:\/\/tztz.ba\/ba\/wp-content\/uploads\/2024\/03\/2019-08-08-150x150.jpg 150w, https:\/\/tztz.ba\/ba\/wp-content\/uploads\/2024\/03\/2019-08-08-350x350.jpg 350w, https:\/\/tztz.ba\/ba\/wp-content\/uploads\/2024\/03\/2019-08-08-400x400.jpg 400w\" sizes=\"auto, (max-width: 150px) 100vw, 150px\" \/><\/a>\n\t\t\t<\/dt><\/dl><dl class='gallery-item'>\n\t\t\t<dt class='gallery-icon portrait'>\n\t\t\t\t<a href='https:\/\/tztz.ba\/ba\/wp-content\/uploads\/2024\/03\/2021-08-16.jpg'><img loading=\"lazy\" decoding=\"async\" width=\"150\" height=\"150\" src=\"https:\/\/tztz.ba\/ba\/wp-content\/uploads\/2024\/03\/2021-08-16-150x150.jpg\" class=\"attachment-thumbnail size-thumbnail\" alt=\"\" srcset=\"https:\/\/tztz.ba\/ba\/wp-content\/uploads\/2024\/03\/2021-08-16-150x150.jpg 150w, https:\/\/tztz.ba\/ba\/wp-content\/uploads\/2024\/03\/2021-08-16-350x350.jpg 350w\" sizes=\"auto, (max-width: 150px) 100vw, 150px\" \/><\/a>\n\t\t\t<\/dt><\/dl><dl class='gallery-item'>\n\t\t\t<dt class='gallery-icon portrait'>\n\t\t\t\t<a href='https:\/\/tztz.ba\/ba\/wp-content\/uploads\/2024\/03\/2022-11-12.jpg'><img loading=\"lazy\" decoding=\"async\" width=\"150\" height=\"150\" src=\"https:\/\/tztz.ba\/ba\/wp-content\/uploads\/2024\/03\/2022-11-12-150x150.jpg\" class=\"attachment-thumbnail size-thumbnail\" alt=\"\" srcset=\"https:\/\/tztz.ba\/ba\/wp-content\/uploads\/2024\/03\/2022-11-12-150x150.jpg 150w, https:\/\/tztz.ba\/ba\/wp-content\/uploads\/2024\/03\/2022-11-12-350x350.jpg 350w\" sizes=\"auto, (max-width: 150px) 100vw, 150px\" \/><\/a>\n\t\t\t<\/dt><\/dl><br style=\"clear: both\" \/><dl class='gallery-item'>\n\t\t\t<dt class='gallery-icon portrait'>\n\t\t\t\t<a href='https:\/\/tztz.ba\/ba\/wp-content\/uploads\/2024\/03\/2023-05-19.jpg'><img loading=\"lazy\" decoding=\"async\" width=\"150\" height=\"150\" src=\"https:\/\/tztz.ba\/ba\/wp-content\/uploads\/2024\/03\/2023-05-19-150x150.jpg\" class=\"attachment-thumbnail size-thumbnail\" alt=\"\" srcset=\"https:\/\/tztz.ba\/ba\/wp-content\/uploads\/2024\/03\/2023-05-19-150x150.jpg 150w, https:\/\/tztz.ba\/ba\/wp-content\/uploads\/2024\/03\/2023-05-19-350x350.jpg 350w\" sizes=\"auto, (max-width: 150px) 100vw, 150px\" \/><\/a>\n\t\t\t<\/dt><\/dl><dl class='gallery-item'>\n\t\t\t<dt class='gallery-icon portrait'>\n\t\t\t\t<a href='https:\/\/tztz.ba\/ba\/wp-content\/uploads\/2024\/03\/2018-10-25.jpg'><img loading=\"lazy\" decoding=\"async\" width=\"150\" height=\"150\" src=\"https:\/\/tztz.ba\/ba\/wp-content\/uploads\/2024\/03\/2018-10-25-150x150.jpg\" class=\"attachment-thumbnail size-thumbnail\" alt=\"\" \/><\/a>\n\t\t\t<\/dt><\/dl><dl class='gallery-item'>\n\t\t\t<dt class='gallery-icon portrait'>\n\t\t\t\t<a href='https:\/\/tztz.ba\/ba\/wp-content\/uploads\/2024\/03\/2021-08-16-1.jpg'><img loading=\"lazy\" decoding=\"async\" width=\"150\" height=\"150\" src=\"https:\/\/tztz.ba\/ba\/wp-content\/uploads\/2024\/03\/2021-08-16-1-150x150.jpg\" class=\"attachment-thumbnail size-thumbnail\" alt=\"\" srcset=\"https:\/\/tztz.ba\/ba\/wp-content\/uploads\/2024\/03\/2021-08-16-1-150x150.jpg 150w, https:\/\/tztz.ba\/ba\/wp-content\/uploads\/2024\/03\/2021-08-16-1-350x350.jpg 350w\" sizes=\"auto, (max-width: 150px) 100vw, 150px\" \/><\/a>\n\t\t\t<\/dt><\/dl><br style=\"clear: both\" \/><dl class='gallery-item'>\n\t\t\t<dt class='gallery-icon portrait'>\n\t\t\t\t<a href='https:\/\/tztz.ba\/ba\/wp-content\/uploads\/2024\/03\/2023-11-18.jpg'><img loading=\"lazy\" decoding=\"async\" width=\"150\" height=\"150\" src=\"https:\/\/tztz.ba\/ba\/wp-content\/uploads\/2024\/03\/2023-11-18-150x150.jpg\" class=\"attachment-thumbnail size-thumbnail\" alt=\"\" \/><\/a>\n\t\t\t<\/dt><\/dl>\n\t\t\t<br style='clear: both' \/>\n\t\t<\/div>\n\n","protected":false},"excerpt":{"rendered":"<p>Zaronite u svijet ugodne atmosfere i neodoljivih okusa u na\u0161em kafi\u0107u. Neobi\u010dan interijer obavijen je&#8230;<\/p>\n","protected":false},"author":1,"featured_media":22023,"parent":22020,"menu_order":0,"comment_status":"closed","ping_status":"closed","template":"templates\/smjestaj.php","meta":{"footnotes":""},"class_list":["post-22022","page","type-page","status-publish","has-post-thumbnail","hentry"],"_links":{"self":[{"href":"https:\/\/tztz.ba\/ba\/wp-json\/wp\/v2\/pages\/22022","targetHints":{"allow":["GET"]}}],"collection":[{"href":"https:\/\/tztz.ba\/ba\/wp-json\/wp\/v2\/pages"}],"about":[{"href":"https:\/\/tztz.ba\/ba\/wp-json\/wp\/v2\/types\/page"}],"author":[{"embeddable":true,"href":"https:\/\/tztz.ba\/ba\/wp-json\/wp\/v2\/users\/1"}],"replies":[{"embeddable":true,"href":"https:\/\/tztz.ba\/ba\/wp-json\/wp\/v2\/comments?post=22022"}],"version-history":[{"count":1,"href":"https:\/\/tztz.ba\/ba\/wp-json\/wp\/v2\/pages\/22022\/revisions"}],"predecessor-version":[{"id":22030,"href":"https:\/\/tztz.ba\/ba\/wp-json\/wp\/v2\/pages\/22022\/revisions\/22030"}],"up":[{"embeddable":true,"href":"https:\/\/tztz.ba\/ba\/wp-json\/wp\/v2\/pages\/22020"}],"wp:featuredmedia":[{"embeddable":true,"href":"https:\/\/tztz.ba\/ba\/wp-json\/wp\/v2\/media\/22023"}],"wp:attachment":[{"href":"https:\/\/tztz.ba\/ba\/wp-json\/wp\/v2\/media?parent=22022"}],"curies":[{"name":"wp","href":"https:\/\/api.w.org\/{rel}","templated":true}]}}