{"id":22169,"date":"2024-04-02T05:44:15","date_gmt":"2024-04-02T05:44:15","guid":{"rendered":"https:\/\/tztz.ba\/ba\/?page_id=22169"},"modified":"2024-04-02T05:44:15","modified_gmt":"2024-04-02T05:44:15","slug":"galerija-kristijan-krekovic","status":"publish","type":"page","link":"https:\/\/tztz.ba\/ba\/galerija-kristijan-krekovic\/","title":{"rendered":"GALERIJA KRISTIJAN KREKOVI\u0106"},"content":{"rendered":"<p>10.10.2006. godine u Franjeva\u010dkom samostanu Sv. Petra i Pavla u Tuzli otvorena je obnovljena Galerija \u201eKristijan Krekovi\u0107\u201c. Ovaj projekat su zajedni\u010dki realizovali Franjeva\u010dki samostan Sv. Petra i Pavla u Tuzli i HKD \u00abNAPREDAK\u00bb Tuzla. Galerija je dobila ime po velikom umjetniku iz Bosne Kristijanu Krekovi\u0107u koji je ro\u0111en 1901. godine, u selu Koprivna, a djetinjstvo i mladost proveo je u Maglaju i u Tuzli. Studirao je u Be\u010du i Parizu, a ve\u0107 godine 1928. postao je \u010dlanom francuskog Dru\u0161tva likovnih umjetnika. Iste godine nagra\u0111en je zlatnom medaljom u Bordeauxu na izlo\u017ebi me\u0111unarodne umjetnosti, za djelo Pari\u017eanka sa psom. Na temelju svojih ve\u0107 izra\u0111enih djela objavljena je u Parizu serija razglednica, me\u0111u kojima su i ovi motivi: Stare bosanske ku\u0107e, Ulica u Dubrovniku, Pastirica iz Bosne. Portretirao je mnoge poznate ministre, dr\u017eavnike i istaknute osobe. Mahatma Gandhi je bio osobni prijatelj Kristijana Krekovi\u0107a. Umro je 1985. u Palma de Mallorci, gdje se nalazi njegova znamenita galerija.<\/p>\n<p>Prostor Galerije nije velik i neobi\u010dnog je oblika. Odi\u0161e posebnom atmosferom dok sun\u010deva svjetlost koja ulazi kroz kose prozore postavljene na plafonu uljep\u0161ava sam ambijent. Od 2006. godine otvorene su mnogobrojne izlo\u017ebe a samim tim pro\u0161iren je i oplemenjen kulturnim doga\u0111ajem grad Tuzla. Osim raznovrsnih umjetni\u010dkih izlo\u017ebi u Galeriji se odr\u017eavaju i dramsko-scenski nastupi, predstavljanja knjiga te u zadnje vrijeme i studentske tribine.<\/p>\n<p><strong>FRANJEVA\u010cKI SAMOSTAN SV. PETRA I PAVLA<\/strong><br \/>\nFranjeva\u010dka 26<br \/>\n75 000 Tuzla<br \/>\nBosna i Hercegovina<br \/>\nTelefon: +387 35 266 314<br \/>\nFax: +387 35 247 611<br \/>\ne-mail: samostantuzla@fst.ba<\/p>\n\n\t\t<style type=\"text\/css\">\n\t\t\t#gallery-1 {\n\t\t\t\tmargin: auto;\n\t\t\t}\n\t\t\t#gallery-1 .gallery-item {\n\t\t\t\tfloat: left;\n\t\t\t\tmargin-top: 10px;\n\t\t\t\ttext-align: center;\n\t\t\t\twidth: 25%;\n\t\t\t}\n\t\t\t#gallery-1 img {\n\t\t\t\tborder: 2px solid #cfcfcf;\n\t\t\t}\n\t\t\t#gallery-1 .gallery-caption {\n\t\t\t\tmargin-left: 0;\n\t\t\t}\n\t\t\t\/* see gallery_shortcode() in wp-includes\/media.php *\/\n\t\t<\/style>\n\t\t<div id='gallery-1' class='gallery galleryid-22169 gallery-columns-4 gallery-size-thumbnail'><dl class='gallery-item'>\n\t\t\t<dt class='gallery-icon landscape'>\n\t\t\t\t<a href='https:\/\/tztz.ba\/ba\/wp-content\/uploads\/2024\/04\/image-470.png'><img loading=\"lazy\" decoding=\"async\" width=\"150\" height=\"150\" src=\"https:\/\/tztz.ba\/ba\/wp-content\/uploads\/2024\/04\/image-470-150x150.png\" class=\"attachment-thumbnail size-thumbnail\" alt=\"\" \/><\/a>\n\t\t\t<\/dt><\/dl><dl class='gallery-item'>\n\t\t\t<dt class='gallery-icon landscape'>\n\t\t\t\t<a href='https:\/\/tztz.ba\/ba\/wp-content\/uploads\/2024\/04\/image-452.png'><img loading=\"lazy\" decoding=\"async\" width=\"150\" height=\"150\" src=\"https:\/\/tztz.ba\/ba\/wp-content\/uploads\/2024\/04\/image-452-150x150.png\" class=\"attachment-thumbnail size-thumbnail\" alt=\"\" srcset=\"https:\/\/tztz.ba\/ba\/wp-content\/uploads\/2024\/04\/image-452-150x150.png 150w, https:\/\/tztz.ba\/ba\/wp-content\/uploads\/2024\/04\/image-452-350x350.png 350w\" sizes=\"auto, (max-width: 150px) 100vw, 150px\" \/><\/a>\n\t\t\t<\/dt><\/dl><dl class='gallery-item'>\n\t\t\t<dt class='gallery-icon landscape'>\n\t\t\t\t<a href='https:\/\/tztz.ba\/ba\/wp-content\/uploads\/2024\/04\/image-431.png'><img loading=\"lazy\" decoding=\"async\" width=\"150\" height=\"150\" src=\"https:\/\/tztz.ba\/ba\/wp-content\/uploads\/2024\/04\/image-431-150x150.png\" class=\"attachment-thumbnail size-thumbnail\" alt=\"\" \/><\/a>\n\t\t\t<\/dt><\/dl><dl class='gallery-item'>\n\t\t\t<dt class='gallery-icon landscape'>\n\t\t\t\t<a href='https:\/\/tztz.ba\/ba\/wp-content\/uploads\/2024\/04\/image-89.png'><img loading=\"lazy\" decoding=\"async\" width=\"150\" height=\"150\" src=\"https:\/\/tztz.ba\/ba\/wp-content\/uploads\/2024\/04\/image-89-150x150.png\" class=\"attachment-thumbnail size-thumbnail\" alt=\"\" \/><\/a>\n\t\t\t<\/dt><\/dl><br style=\"clear: both\" \/>\n\t\t<\/div>\n\n","protected":false},"excerpt":{"rendered":"<p>10.10.2006. godine u Franjeva\u010dkom samostanu Sv. Petra i Pavla u Tuzli otvorena je obnovljena Galerija&#8230;<\/p>\n","protected":false},"author":1,"featured_media":0,"parent":0,"menu_order":0,"comment_status":"closed","ping_status":"closed","template":"","meta":{"footnotes":""},"class_list":["post-22169","page","type-page","status-publish","hentry"],"_links":{"self":[{"href":"https:\/\/tztz.ba\/ba\/wp-json\/wp\/v2\/pages\/22169","targetHints":{"allow":["GET"]}}],"collection":[{"href":"https:\/\/tztz.ba\/ba\/wp-json\/wp\/v2\/pages"}],"about":[{"href":"https:\/\/tztz.ba\/ba\/wp-json\/wp\/v2\/types\/page"}],"author":[{"embeddable":true,"href":"https:\/\/tztz.ba\/ba\/wp-json\/wp\/v2\/users\/1"}],"replies":[{"embeddable":true,"href":"https:\/\/tztz.ba\/ba\/wp-json\/wp\/v2\/comments?post=22169"}],"version-history":[{"count":1,"href":"https:\/\/tztz.ba\/ba\/wp-json\/wp\/v2\/pages\/22169\/revisions"}],"predecessor-version":[{"id":22170,"href":"https:\/\/tztz.ba\/ba\/wp-json\/wp\/v2\/pages\/22169\/revisions\/22170"}],"wp:attachment":[{"href":"https:\/\/tztz.ba\/ba\/wp-json\/wp\/v2\/media?parent=22169"}],"curies":[{"name":"wp","href":"https:\/\/api.w.org\/{rel}","templated":true}]}}