{"id":24816,"date":"2025-01-07T07:04:23","date_gmt":"2025-01-07T07:04:23","guid":{"rendered":"https:\/\/tztz.ba\/ba\/?page_id=24816"},"modified":"2025-01-07T14:09:50","modified_gmt":"2025-01-07T14:09:50","slug":"open-air-everywhere","status":"publish","type":"page","link":"https:\/\/tztz.ba\/ba\/open-air-everywhere\/","title":{"rendered":"OPEN AIR EVERYWHERE"},"content":{"rendered":"<div class=\"grid\">\n<div class=\"grid-item\">\n<a href=\"https:\/\/tztz.ba\/ba\/wp-content\/uploads\/2025\/01\/10.Tuzla-ILINCICA.pdf\" target=\"_blank\"><br \/>\n<img decoding=\"async\" src=\"https:\/\/tztz.ba\/ba\/wp-content\/uploads\/2025\/01\/openairlogo.png\" alt=\"Eko kamping izleti\u0161te logo\" \/>ILIN\u010cICA Tuzla<br \/>\n<\/a>\n<\/div>\n<div class=\"grid-item\">\n<a href=\"https:\/\/tztz.ba\/ba\/wp-content\/uploads\/2025\/01\/1.-Arilje-VRBA.pdf\" target=\"_blank\"><br \/>\n<img decoding=\"async\" src=\"https:\/\/tztz.ba\/ba\/wp-content\/uploads\/2025\/01\/openairlogo.png\" alt=\"Eko kamping izleti\u0161te logo - VRBA Arilje\" \/>Eko kamping izleti\u0161te &#8211; VRBA Arilje<br \/>\n<\/a>\n<\/div>\n<div class=\"grid-item\">\n<a href=\"https:\/\/tztz.ba\/ba\/wp-content\/uploads\/2025\/01\/2.-Mokra-Gora-LOKOMOTIVA.pdf\" target=\"_blank\"><br \/>\n<img decoding=\"async\" src=\"https:\/\/tztz.ba\/ba\/wp-content\/uploads\/2025\/01\/openairlogo.png\" alt=\"Eko kamping izleti\u0161te logo\" \/>Eko kamping izleti\u0161te &#8211; LOKOMOTIVA Mokra Gora<br \/>\n<\/a>\n<\/div>\n<div class=\"grid-item\">\n<a href=\"https:\/\/tztz.ba\/ba\/wp-content\/uploads\/2025\/01\/3.-Sjenica-LUPOGLAV.pdf\" target=\"_blank\"><br \/>\n<img decoding=\"async\" src=\"https:\/\/tztz.ba\/ba\/wp-content\/uploads\/2025\/01\/openairlogo.png\" alt=\"Eko kamping izleti\u0161te logo\" \/>Eko kamping izleti\u0161te &#8211; LUPOGLAV Sjenica<br \/>\n<\/a>\n<\/div>\n<div class=\"grid-item\">\n<a href=\"https:\/\/tztz.ba\/ba\/wp-content\/uploads\/2025\/01\/4.-Pozega-BOR.pdf\" target=\"_blank\"><br \/>\n<img decoding=\"async\" src=\"https:\/\/tztz.ba\/ba\/wp-content\/uploads\/2025\/01\/openairlogo.png\" alt=\"Eko kamping izleti\u0161te logo\" \/>Eko kamping izleti\u0161te &#8211; BOR Po\u017eega<br \/>\n<\/a>\n<\/div>\n<div class=\"grid-item\">\n<a href=\"https:\/\/tztz.ba\/ba\/wp-content\/uploads\/2025\/01\/5.Prijepolje-SARENIKA.pdf\" target=\"_blank\"><br \/>\n<img decoding=\"async\" src=\"https:\/\/tztz.ba\/ba\/wp-content\/uploads\/2025\/01\/openairlogo.png\" alt=\"Eko kamping izleti\u0161te logo\" \/>Eko kamping izleti\u0161te &#8211; \u0160ARENIKA Prijepolje<br \/>\n<\/a>\n<\/div>\n<div class=\"grid-item\">\n<a href=\"https:\/\/tztz.ba\/ba\/wp-content\/uploads\/2025\/01\/6.Kosjeric-SKAKAVCI.pdf\" target=\"_blank\"><br \/>\n<img decoding=\"async\" src=\"https:\/\/tztz.ba\/ba\/wp-content\/uploads\/2025\/01\/openairlogo.png\" alt=\"Eko kamping izleti\u0161te logo\" \/>Eko kamping izleti\u0161te &#8211; SKAKAVCI Kosjeri\u0107<br \/>\n<\/a>\n<\/div>\n<div class=\"grid-item\">\n<a href=\"https:\/\/tztz.ba\/ba\/wp-content\/uploads\/2025\/01\/7.Nova-Varos-VILOVI.pdf\" target=\"_blank\"><br \/>\n<img decoding=\"async\" src=\"https:\/\/tztz.ba\/ba\/wp-content\/uploads\/2025\/01\/openairlogo.png\" alt=\"Eko kamping izleti\u0161te logo\" \/>Eko kamping izleti\u0161te &#8211; VILOVI Nova Varo\u0161 &#8211; Zlatar<br \/>\n<\/a>\n<\/div>\n<div class=\"grid-item\">\n<a href=\"https:\/\/tztz.ba\/ba\/wp-content\/uploads\/2025\/01\/8.Zlatibor-VODOPAD.pdf\" target=\"_blank\"><br \/>\n<img decoding=\"async\" src=\"https:\/\/tztz.ba\/ba\/wp-content\/uploads\/2025\/01\/openairlogo.png\" alt=\"Eko kamping izleti\u0161te logo\" \/>Eko kamping izleti\u0161te &#8211; VODOPAD Gostilje<br \/>\n<\/a>\n<\/div>\n<div class=\"grid-item\">\n<a href=\"https:\/\/tztz.ba\/ba\/wp-content\/uploads\/2025\/01\/9.Bajina-Basta-KANJON.pdf\" target=\"_blank\"><br \/>\n<img decoding=\"async\" src=\"https:\/\/tztz.ba\/ba\/wp-content\/uploads\/2025\/01\/openairlogo.png\" alt=\"Eko kamping izleti\u0161te logo\" \/>Eko kamping izleti\u0161te &#8211; KANJON Bajina Ba\u0161ta<br \/>\n<\/a>\n<\/div>\n<\/div>\n<p><\/p>\n","protected":false},"excerpt":{"rendered":"<p>ILIN\u010cICA Tuzla Eko kamping izleti\u0161te &#8211; VRBA Arilje Eko kamping izleti\u0161te &#8211; LOKOMOTIVA Mokra Gora&#8230;<\/p>\n","protected":false},"author":1,"featured_media":0,"parent":0,"menu_order":0,"comment_status":"closed","ping_status":"closed","template":"","meta":{"footnotes":""},"class_list":["post-24816","page","type-page","status-publish","hentry"],"_links":{"self":[{"href":"https:\/\/tztz.ba\/ba\/wp-json\/wp\/v2\/pages\/24816","targetHints":{"allow":["GET"]}}],"collection":[{"href":"https:\/\/tztz.ba\/ba\/wp-json\/wp\/v2\/pages"}],"about":[{"href":"https:\/\/tztz.ba\/ba\/wp-json\/wp\/v2\/types\/page"}],"author":[{"embeddable":true,"href":"https:\/\/tztz.ba\/ba\/wp-json\/wp\/v2\/users\/1"}],"replies":[{"embeddable":true,"href":"https:\/\/tztz.ba\/ba\/wp-json\/wp\/v2\/comments?post=24816"}],"version-history":[{"count":11,"href":"https:\/\/tztz.ba\/ba\/wp-json\/wp\/v2\/pages\/24816\/revisions"}],"predecessor-version":[{"id":24844,"href":"https:\/\/tztz.ba\/ba\/wp-json\/wp\/v2\/pages\/24816\/revisions\/24844"}],"wp:attachment":[{"href":"https:\/\/tztz.ba\/ba\/wp-json\/wp\/v2\/media?parent=24816"}],"curies":[{"name":"wp","href":"https:\/\/api.w.org\/{rel}","templated":true}]}}