{"id":275,"date":"2018-07-10T04:18:18","date_gmt":"2018-07-10T04:18:18","guid":{"rendered":"https:\/\/tztz.ba\/ba\/?page_id=275"},"modified":"2026-01-29T12:36:27","modified_gmt":"2026-01-29T12:36:27","slug":"arheoloski-park-neolitsko-sojenicko-naselje","status":"publish","type":"page","link":"https:\/\/tztz.ba\/ba\/arheoloski-park-neolitsko-sojenicko-naselje\/","title":{"rendered":"Arheolo\u0161ki park \u2013 Neolitsko sojeni\u010dko naselje"},"content":{"rendered":"<p class=\"p1\" style=\"text-align: justify;\"><span class=\"s1\">Tuzla je grad koji svoje ime i svoju pro\u0161lost ve\u017ee za sol, prirodno bogatstvo koje je ostalo ispod Tuzle, nakon povla\u010denja Panonskog mora u Crno more prije 10 miliona godina, u vidu slane vode i kamene soli. Pro\u0161lost i kulturna tradicija grada Tuzle se\u017ee daleko u pro\u0161lost, sve do neolita \u2013 mla\u0111eg kamenog doba, a mo\u017eda i dalje.<\/span><\/p>\n<p class=\"p2\" style=\"text-align: justify;\"><span class=\"s1\">Unutar Kompleksa Panonskih jezera nalazi se<span class=\"Apple-converted-space\">\u00a0 <\/span><a href=\"http:\/\/panonikasojenice.ba\" target=\"_blank\" rel=\"noopener\">Arheolo\u0161ki park- neolitsko sojeni\u010dko naselje<\/a>. Neolitsko sojeni\u010dko naselje predstavlja rekonstrukciju na\u010dina \u017eivota kakav je egzistirao na ovom podru\u010dju prije vi\u0161e od 7.000 godine, bazirano na otkrivenim predmetima iz perioda neolita, i \u010dije je vrijeme nastanka potvr\u0111eno od Arheolo\u0161kog instituta u Be\u010du upotrebom C4 metode. Ovaj, jedinstveni prostor ima vi\u0161estruko zna\u010denje, ne samo za turisti\u010dku ponudu Tuzle i regiona, nego i u pogledu valorizacije kulturno-historijskog naslije\u0111a.<\/span><\/p>\n<p class=\"p2\" style=\"text-align: justify;\"><span class=\"s1\"><a class=\"popupslika\" href=\"https:\/\/tztz.ba\/ba\/wp-content\/uploads\/2018\/07\/Foto-1-13.jpg\"><img loading=\"lazy\" decoding=\"async\" class=\"alignleft wp-image-277 size-medium\" src=\"https:\/\/tztz.ba\/ba\/wp-content\/uploads\/2018\/07\/Foto-1-13-300x150.jpg\" alt=\"\" width=\"300\" height=\"150\" srcset=\"https:\/\/tztz.ba\/ba\/wp-content\/uploads\/2018\/07\/Foto-1-13-300x150.jpg 300w, https:\/\/tztz.ba\/ba\/wp-content\/uploads\/2018\/07\/Foto-1-13.jpg 660w\" sizes=\"auto, (max-width: 300px) 100vw, 300px\" \/><\/a>Sojenice su ku\u0107e na drvenim stubovima, podignute na jezerima, obalama, rijekama ili mo\u010dvarnim i vodoplovnim terenima. Tuzlansko sojeni\u010dko naselje podugnuto je na mo\u010dvarnom terenu nastalom od izvora vode. Arheolo\u0161ka istra\u017eivanja su otkrila da je u centru dana\u0161nje Tuzle postojalo veliko i bogato neolitsko sojeni\u010dko naselje. Unutar sojenica nalazila se jedna ili dvije prostorije na sredini ku\u0107e. Na glinenom podu, nalazilo se ognji\u0161te, koje je slu\u017eilo za spremanje hrane, zagrijavanje i osvjeteljenje prostorije. Oko ognji\u0161ta se skupljala porodica. Spavalo se na krevetima od greda i dasaka, na koje se prostirala slama i \u017eivotinjska ko\u017ea. Tuzla je grad koji svoje ime i svoju pro\u0161lost ve\u017ee za sol, prirodno bogatstvo koje je ostalo ispod Tuzle, nakon povla\u010denja Panonskog mora u Crno more prije 10 miliona godina, u vidu slane vode i kamene soli. Dio Panonskog mora ponovo je vra\u0107en na povr\u0161inu Tuzle izgradnjom jedinog slanog jezera u Evropi \u2013 Panonskog jezera u strogom centru grada.<\/span><\/p>\n<p class=\"p2\" style=\"text-align: justify;\"><span class=\"s1\">Tuzla je grad koji svoje ime i svoju pro\u0161lost ve\u017ee za sol, prirodno bogatstvo koje je ostalo ispod Tuzle, nakon povla\u010denja Panonskog mora u Crno more prije 10 miliona godina, u vidu slane vode i kamene soli. Dio Panonskog mora ponovo je vra\u0107en na povr\u0161inu Tuzle izgradnjom jedinog slanog jezera u Evropi \u2013 Panonskog jezera u strogom centru grada.<\/span><\/p>\n<p class=\"p2\" style=\"text-align: justify;\"><span class=\"s1\">Pro\u0161lost i kulturna tradicija grada Tuzle se\u017ee daleko u pro\u0161lost, sve do neolita \u2013 mla\u0111eg kamenog doba, a mo\u017eda i dalje. Unutar kompleksa Panonskog jezera, u ljeto 2006 godine izgra\u0111en i otvoren je prvi Arheolo\u0161ki park neolitskog sojeni\u010dkog naselja u Bosni i Hercegovini i jugoisto\u010dnoj Evropi. Arheolo\u0161ki park predstavlja rekonstrukciju dijela neolitskog sojeni\u010dkog naselja otkrivenog u Tuzli. Park je muzej na otvorenom smje\u0161ten je u jugoisto\u010dnom dijelu kompleksa Panonskog jezera oslonjen na bre\u017euljkasto uzvi\u0161enje uz obalu Panonskog jezera koji ima za cilj da posjetiocima predstavi<a class=\"popupslika\" href=\"https:\/\/tztz.ba\/ba\/wp-content\/uploads\/2018\/07\/Foto-8-2.jpg\"><img loading=\"lazy\" decoding=\"async\" class=\"alignright wp-image-280 size-medium\" src=\"https:\/\/tztz.ba\/ba\/wp-content\/uploads\/2018\/07\/Foto-8-2-300x153.jpg\" alt=\"\" width=\"300\" height=\"153\" srcset=\"https:\/\/tztz.ba\/ba\/wp-content\/uploads\/2018\/07\/Foto-8-2-300x153.jpg 300w, https:\/\/tztz.ba\/ba\/wp-content\/uploads\/2018\/07\/Foto-8-2.jpg 675w\" sizes=\"auto, (max-width: 300px) 100vw, 300px\" \/><\/a> dio arheolo\u0161ke i historijske pro\u0161losti grada Tuzle, kao i na\u010din \u017eivota, kako materijalnog tako i duhovnog, a posebno prvu proizvodnju soli u neolitskom dobu.<br \/>\nPrilog pretpostavci da je neolitski stanovnik ekspolatisao slane izvore su i prona\u0111eni fragmenti kerami\u010dkih posuda grube frakture koje su po mi\u0161ljenju tada\u0161njih vrhunskih arheologa slu\u017eile za isoljavanje slane vode. Rekonstruisane su dvije posude od kojih je jedna datirana u vrijeme 3.500 godina prije nove ere, a druga u 5.000 godina prije nove ere. Dakle, od neolita do danas, ljudi na prostoru sada\u0161nje Tuzle proizvode so.<\/span><\/p>\n<p class=\"p1\" style=\"text-align: justify;\"><span class=\"s1\">Arheolo\u0161ki park zami\u0161ljen je kao jedinstven objekat, a \u010dini ga:<\/span><\/p>\n<ul>\n<li class=\"p1\" style=\"text-align: justify;\"><span class=\"s1\">podnica polukru\u017eno savijena oko bre\u017euljkastog uzvi\u0161enja,<\/span><\/li>\n<li class=\"p1\" style=\"text-align: justify;\"><span class=\"s1\">zaravnjeni dio bre\u017euljka ure\u0111en kao centralni plato na kojem su postavljeni totem, replika glinene pe\u0107i, stan za tkanje i sl.,<\/span><\/li>\n<li class=\"p1\" style=\"text-align: justify;\"><span class=\"s1\">5 nastambi karakteristi\u010dnih oblika i dimenzija,<\/span><\/li>\n<li class=\"p1\" style=\"text-align: justify;\"><span class=\"s1\">sa centralnom podnicom drvenim mosti\u0107ima povezane su dvije manje podnice sa jo\u0161 4 nastambe.<\/span><\/li>\n<\/ul>\n<p class=\"p1\" style=\"text-align: justify;\"><span class=\"s1\"><a class=\"popupslika\" href=\"https:\/\/tztz.ba\/ba\/wp-content\/uploads\/2018\/07\/Foto-3-9.jpg\"><img loading=\"lazy\" decoding=\"async\" class=\"alignleft wp-image-285 size-medium\" src=\"https:\/\/tztz.ba\/ba\/wp-content\/uploads\/2018\/07\/Foto-3-9-300x225.jpg\" alt=\"\" width=\"300\" height=\"225\" srcset=\"https:\/\/tztz.ba\/ba\/wp-content\/uploads\/2018\/07\/Foto-3-9-300x225.jpg 300w, https:\/\/tztz.ba\/ba\/wp-content\/uploads\/2018\/07\/Foto-3-9.jpg 448w\" sizes=\"auto, (max-width: 300px) 100vw, 300px\" \/><\/a>Prvi nalaz predmeta iz neolitskog doba u Tuzli poznat je iz 1903. godine. Tada je, prilikom radova na regulisanju Appel Placa, danas Trga slobode, iskopano ne\u0161to arheolo\u0161kog materijala, \u0161to su bile prve indicije o postojanju neolitskog naselja na podru\u010dju Tuzle. Arheolo\u0161ki materijal se sastojao od tri probu\u0161ena i polirana \u010deki\u0107a, jedne kerami\u010dke noge ra\u0111ene od zemlje sa primjesama sitnog pijeska i jedne ove\u0107e kugle koja se upotrebljavala kao tucalo za \u017eito. Poslije stru\u010dne obrade ovih predmeta Vejsil \u0106ur\u010di\u0107 je do\u0161ao do zaklju\u010dka da je na prostoru dana\u0161nje Tuzle postojalo neolitsko naselje \u010diji su stanovnici, pored tradicionalnog privre\u0111ivanja, koristili i izvore slane vode. Svoja istra\u017eivanja o neolitskom naselju u Tuzli objavio je u \u201cGlasniku Zemaljskog muzeja Bosne i Hercegovine\u201d, broj XX, iz 1908. godine.<\/span><\/p>\n<p class=\"p1\" style=\"text-align: justify;\"><span class=\"s1\">Pored interesantnosti i va\u017enosti, ovaj nalaz ipak nije bio dovoljan da pru\u017ei podrobnija obavje\u0161tenja\u00a0 o vrsti, veli\u010dini, bogatstvu i pravoj starosti naselja. Tek 1955. godine\u00a0 otkopano je u Rudarskoj ulici, dana\u0161njoj D\u017eafer mahali, dovoljno arheolo\u0161kog materijala, koji je nedvosmisleno potvrdio da je u Tuzli bilo veliko i bogato neolitsko sojeni\u010dko naselje, jedno od najstarijih u Evropi \u2013 samo je jo\u0161 u \u0160vicarskoj otkriveno neoilitsko sojeni\u010dko naselje.<\/span><\/p>\n<p class=\"p1\" style=\"text-align: justify;\"><span class=\"s1\">Pored ostataka sojeni\u010dkih nastambi u vidu hrastovih soha i jelovih greda, na ovom lokalitetu je prona\u0111en bogat arheolo\u0161ki materijal kojeg \u010dine fragmenati grube karamike (noge i dna posuda, rubovi, dijelovi trbuha posude i dr\u0161ke), zatim fino gla\u010dani fragmenti posuda od crne, sive i crvene keramike raznovrsnih ornamenata, sjekire od gla\u010danog kamena, kremeni no\u017ei\u0107i i strugalice te izra\u0111evine od kosti (\u0161ila, igla, bode\u017e, rogovi jelena).<\/span><\/p>\n<p class=\"p1\" style=\"text-align: justify;\"><span class=\"s1\">Na otkopanom dijelu naselja prona\u0111en je veliki broj \u017eivotinjskih kostiju, ostaci p\u0161enice i je\u010dma, ljuski od lje\u0161njaka, rije\u010dnih \u0161koljki \u0161to dokazuje da su se stanovnici ovog neolitskog naselja bavili lovom, sto\u010darstvom, zemljoradnjom i sakuplja\u010dkom privredom.<\/span><\/p>\n<p class=\"p1\" style=\"text-align: justify;\"><span class=\"s1\">Nastanak naselja na podru\u010dju dana\u0161nje Tuzle jo\u0161 u neolitu, mo\u017ee se dovesti u vezu sa postojanjem izvora slane vode. Potvrda ovoj pretpostavci je otkriveno sojeni\u010dko naselje \u2013 nastanbe na stubovima iznad vode. Naime, neolitskom \u010dovjeku bilo je jednostavnije graditi nastambe na suhom i \u010dvrstom terenu nego praviti sojenice na stubovima na mo\u010dvarnom tlu. Na te\u017eu varijantu gradnje, vjerovatno su uticali jaki ekonomski i strate\u0161ki razlozi. Jedan od tih razloga su izvori slane vode koji su, zajedno sa rijekom Jalom, doprinijeli da ve\u0107i dio ovog podru\u010dja bude mo\u010dvaran. Podizanjem sojenica, neolitski ljudi su se obezbje\u0111ivali od poplava, a istovremeno kontrolisali i eksploatisali slane izvore.<\/span><\/p>\n<p class=\"p1\" style=\"text-align: justify;\"><span class=\"s1\">Prilog pretpostavci da je neolitski stanovnik ekspolatisao slane izvore su i prona\u0111eni fragmenti kerami\u010dkih posuda grube frakture koje su po mi\u0161ljenju tada\u0161njih vrhunskih arheologa slu\u017eile za isoljavanje slane vode. Rekonstruisane su dvije posude od kojih je jedna datirana u vrijeme 3.500 godina prije nove ere, a druga u 5.000 godina prije nove ere. Dakle, od neolita do danas, ljudi na prostoru sada\u0161nje Tuzle proizvode so.<\/span><\/p>\n<p class=\"p1\" style=\"text-align: justify;\"><span class=\"s1\">Neolitske posude za isoljavanje slane vode su dokaz da je sojeni\u010dko naselje u Tuzli bilo prvo poznato neolitsko naselje \u010diji su stanovnici eksploatisali ovaj dragocjeni mineral. Najstarije evropske kulture koje su koristile so, datirane su u bakarno doba, \u0161to zna\u010di da neolitski nalaz u Tuzli pomjera granicu poznavanja i upotrebe soli u ljudskoj ishrani iz doba eneolita u neolit.<\/span><\/p>\n<p class=\"p1\" style=\"text-align: justify;\"><span class=\"s1\">Svi nalazi pru\u017eaju dokaz o visokoj kulturi stanovnika ovog kraja u doba cvjetanja starih kultura u Vin\u010di i Butmiru.<\/span><\/p>\n\n\t\t<style type=\"text\/css\">\n\t\t\t#gallery-1 {\n\t\t\t\tmargin: auto;\n\t\t\t}\n\t\t\t#gallery-1 .gallery-item {\n\t\t\t\tfloat: left;\n\t\t\t\tmargin-top: 10px;\n\t\t\t\ttext-align: center;\n\t\t\t\twidth: 20%;\n\t\t\t}\n\t\t\t#gallery-1 img {\n\t\t\t\tborder: 2px solid #cfcfcf;\n\t\t\t}\n\t\t\t#gallery-1 .gallery-caption {\n\t\t\t\tmargin-left: 0;\n\t\t\t}\n\t\t\t\/* see gallery_shortcode() in wp-includes\/media.php *\/\n\t\t<\/style>\n\t\t<div id='gallery-1' class='gallery galleryid-275 gallery-columns-5 gallery-size-thumbnail'><dl class='gallery-item'>\n\t\t\t<dt class='gallery-icon landscape'>\n\t\t\t\t<a href='https:\/\/tztz.ba\/ba\/wp-content\/uploads\/2018\/07\/Foto-2-7.jpg'><img loading=\"lazy\" decoding=\"async\" width=\"150\" height=\"150\" src=\"https:\/\/tztz.ba\/ba\/wp-content\/uploads\/2018\/07\/Foto-2-7-150x150.jpg\" class=\"attachment-thumbnail size-thumbnail\" alt=\"\" srcset=\"https:\/\/tztz.ba\/ba\/wp-content\/uploads\/2018\/07\/Foto-2-7-150x150.jpg 150w, https:\/\/tztz.ba\/ba\/wp-content\/uploads\/2018\/07\/Foto-2-7-350x350.jpg 350w, https:\/\/tztz.ba\/ba\/wp-content\/uploads\/2018\/07\/Foto-2-7-400x400.jpg 400w\" sizes=\"auto, (max-width: 150px) 100vw, 150px\" \/><\/a>\n\t\t\t<\/dt><\/dl><dl class='gallery-item'>\n\t\t\t<dt class='gallery-icon landscape'>\n\t\t\t\t<a href='https:\/\/tztz.ba\/ba\/wp-content\/uploads\/2018\/07\/Foto-3-9.jpg'><img loading=\"lazy\" decoding=\"async\" width=\"150\" height=\"150\" src=\"https:\/\/tztz.ba\/ba\/wp-content\/uploads\/2018\/07\/Foto-3-9-150x150.jpg\" class=\"attachment-thumbnail size-thumbnail\" alt=\"\" \/><\/a>\n\t\t\t<\/dt><\/dl><dl class='gallery-item'>\n\t\t\t<dt class='gallery-icon landscape'>\n\t\t\t\t<a href='https:\/\/tztz.ba\/ba\/wp-content\/uploads\/2018\/07\/Foto-5-6.jpg'><img loading=\"lazy\" decoding=\"async\" width=\"150\" height=\"150\" src=\"https:\/\/tztz.ba\/ba\/wp-content\/uploads\/2018\/07\/Foto-5-6-150x150.jpg\" class=\"attachment-thumbnail size-thumbnail\" alt=\"\" srcset=\"https:\/\/tztz.ba\/ba\/wp-content\/uploads\/2018\/07\/Foto-5-6-150x150.jpg 150w, https:\/\/tztz.ba\/ba\/wp-content\/uploads\/2018\/07\/Foto-5-6-350x350.jpg 350w, https:\/\/tztz.ba\/ba\/wp-content\/uploads\/2018\/07\/Foto-5-6-400x400.jpg 400w\" sizes=\"auto, (max-width: 150px) 100vw, 150px\" \/><\/a>\n\t\t\t<\/dt><\/dl><dl class='gallery-item'>\n\t\t\t<dt class='gallery-icon landscape'>\n\t\t\t\t<a href='https:\/\/tztz.ba\/ba\/wp-content\/uploads\/2018\/07\/Foto-6-3.jpg'><img loading=\"lazy\" decoding=\"async\" width=\"150\" height=\"150\" src=\"https:\/\/tztz.ba\/ba\/wp-content\/uploads\/2018\/07\/Foto-6-3-150x150.jpg\" class=\"attachment-thumbnail size-thumbnail\" alt=\"\" srcset=\"https:\/\/tztz.ba\/ba\/wp-content\/uploads\/2018\/07\/Foto-6-3-150x150.jpg 150w, https:\/\/tztz.ba\/ba\/wp-content\/uploads\/2018\/07\/Foto-6-3-350x350.jpg 350w, https:\/\/tztz.ba\/ba\/wp-content\/uploads\/2018\/07\/Foto-6-3-400x400.jpg 400w\" sizes=\"auto, (max-width: 150px) 100vw, 150px\" \/><\/a>\n\t\t\t<\/dt><\/dl><dl class='gallery-item'>\n\t\t\t<dt class='gallery-icon landscape'>\n\t\t\t\t<a href='https:\/\/tztz.ba\/ba\/wp-content\/uploads\/2018\/07\/Foto-7-4.jpg'><img loading=\"lazy\" decoding=\"async\" width=\"150\" height=\"150\" src=\"https:\/\/tztz.ba\/ba\/wp-content\/uploads\/2018\/07\/Foto-7-4-150x150.jpg\" class=\"attachment-thumbnail size-thumbnail\" alt=\"\" \/><\/a>\n\t\t\t<\/dt><\/dl><br style=\"clear: both\" \/><dl class='gallery-item'>\n\t\t\t<dt class='gallery-icon landscape'>\n\t\t\t\t<a href='https:\/\/tztz.ba\/ba\/wp-content\/uploads\/2018\/07\/Foto-9-2.jpg'><img loading=\"lazy\" decoding=\"async\" width=\"150\" height=\"150\" src=\"https:\/\/tztz.ba\/ba\/wp-content\/uploads\/2018\/07\/Foto-9-2-150x150.jpg\" class=\"attachment-thumbnail size-thumbnail\" alt=\"\" srcset=\"https:\/\/tztz.ba\/ba\/wp-content\/uploads\/2018\/07\/Foto-9-2-150x150.jpg 150w, https:\/\/tztz.ba\/ba\/wp-content\/uploads\/2018\/07\/Foto-9-2-350x350.jpg 350w, https:\/\/tztz.ba\/ba\/wp-content\/uploads\/2018\/07\/Foto-9-2-400x400.jpg 400w\" sizes=\"auto, (max-width: 150px) 100vw, 150px\" \/><\/a>\n\t\t\t<\/dt><\/dl><dl class='gallery-item'>\n\t\t\t<dt class='gallery-icon landscape'>\n\t\t\t\t<a href='https:\/\/tztz.ba\/ba\/wp-content\/uploads\/2018\/07\/Foto-11-3.jpg'><img loading=\"lazy\" decoding=\"async\" width=\"150\" height=\"150\" src=\"https:\/\/tztz.ba\/ba\/wp-content\/uploads\/2018\/07\/Foto-11-3-150x150.jpg\" class=\"attachment-thumbnail size-thumbnail\" alt=\"\" srcset=\"https:\/\/tztz.ba\/ba\/wp-content\/uploads\/2018\/07\/Foto-11-3-150x150.jpg 150w, https:\/\/tztz.ba\/ba\/wp-content\/uploads\/2018\/07\/Foto-11-3-350x350.jpg 350w, https:\/\/tztz.ba\/ba\/wp-content\/uploads\/2018\/07\/Foto-11-3-400x400.jpg 400w\" sizes=\"auto, (max-width: 150px) 100vw, 150px\" \/><\/a>\n\t\t\t<\/dt><\/dl><dl class='gallery-item'>\n\t\t\t<dt class='gallery-icon landscape'>\n\t\t\t\t<a href='https:\/\/tztz.ba\/ba\/wp-content\/uploads\/2018\/07\/Foto-14-1.jpg'><img loading=\"lazy\" decoding=\"async\" width=\"150\" height=\"150\" src=\"https:\/\/tztz.ba\/ba\/wp-content\/uploads\/2018\/07\/Foto-14-1-150x150.jpg\" class=\"attachment-thumbnail size-thumbnail\" alt=\"\" srcset=\"https:\/\/tztz.ba\/ba\/wp-content\/uploads\/2018\/07\/Foto-14-1-150x150.jpg 150w, https:\/\/tztz.ba\/ba\/wp-content\/uploads\/2018\/07\/Foto-14-1-350x350.jpg 350w, https:\/\/tztz.ba\/ba\/wp-content\/uploads\/2018\/07\/Foto-14-1-400x400.jpg 400w\" sizes=\"auto, (max-width: 150px) 100vw, 150px\" \/><\/a>\n\t\t\t<\/dt><\/dl><dl class='gallery-item'>\n\t\t\t<dt class='gallery-icon landscape'>\n\t\t\t\t<a href='https:\/\/tztz.ba\/ba\/wp-content\/uploads\/2018\/07\/Foto-15-1.jpg'><img loading=\"lazy\" decoding=\"async\" width=\"150\" height=\"150\" src=\"https:\/\/tztz.ba\/ba\/wp-content\/uploads\/2018\/07\/Foto-15-1-150x150.jpg\" class=\"attachment-thumbnail size-thumbnail\" alt=\"\" srcset=\"https:\/\/tztz.ba\/ba\/wp-content\/uploads\/2018\/07\/Foto-15-1-150x150.jpg 150w, https:\/\/tztz.ba\/ba\/wp-content\/uploads\/2018\/07\/Foto-15-1-350x350.jpg 350w, https:\/\/tztz.ba\/ba\/wp-content\/uploads\/2018\/07\/Foto-15-1-400x400.jpg 400w\" sizes=\"auto, (max-width: 150px) 100vw, 150px\" \/><\/a>\n\t\t\t<\/dt><\/dl><dl class='gallery-item'>\n\t\t\t<dt class='gallery-icon landscape'>\n\t\t\t\t<a href='https:\/\/tztz.ba\/ba\/wp-content\/uploads\/2018\/07\/Foto-13-1.jpg'><img loading=\"lazy\" decoding=\"async\" width=\"150\" height=\"150\" src=\"https:\/\/tztz.ba\/ba\/wp-content\/uploads\/2018\/07\/Foto-13-1-150x150.jpg\" class=\"attachment-thumbnail size-thumbnail\" alt=\"\" srcset=\"https:\/\/tztz.ba\/ba\/wp-content\/uploads\/2018\/07\/Foto-13-1-150x150.jpg 150w, https:\/\/tztz.ba\/ba\/wp-content\/uploads\/2018\/07\/Foto-13-1-350x350.jpg 350w, https:\/\/tztz.ba\/ba\/wp-content\/uploads\/2018\/07\/Foto-13-1-400x400.jpg 400w\" sizes=\"auto, (max-width: 150px) 100vw, 150px\" \/><\/a>\n\t\t\t<\/dt><\/dl><br style=\"clear: both\" \/>\n\t\t<\/div>\n\n<p>Kontakt:<\/p>\n<p>\u0160etali\u0161te Slana banja bb<\/p>\n<p>Za kolektivne posjete molimo poslati upit na marketing@panonika.ba ili na navedene kontakte:<\/p>\n<p><a href=\"mailto:kontakt@panonika.ba\" target=\"_blank\" rel=\"noopener\">kontakt@panonika.ba<\/a><\/p>\n<p>+387 35 246 711<\/p>\n<p>Za sve informacije:\u00a0<a href=\"http:\/\/www.panonika.ba\/\" target=\"_blank\" rel=\"noopener noreferrer\" data-saferedirecturl=\"https:\/\/www.google.com\/url?q=http:\/\/www.panonika.ba&amp;source=gmail&amp;ust=1652273262988000&amp;usg=AOvVaw20adFtTbi91L4KBe8bkBmE\">www.panonika.ba<\/a>.<\/p>\n<p><a href=\"http:\/\/www.panonikasojenice.ba\/\" target=\"_blank\" rel=\"noopener noreferrer\" data-saferedirecturl=\"https:\/\/www.google.com\/url?q=http:\/\/www.panonikasojenice.ba&amp;source=gmail&amp;ust=1652273262988000&amp;usg=AOvVaw2ig0Zzm2FbSWKjN2cv0JPV\">www.panonikasojenice.ba<\/a><\/p>\n<p><a href=\"http:\/\/www.facebook.com\/PanonikaSojeniceTuzla\" target=\"_blank\" rel=\"noopener noreferrer\" data-saferedirecturl=\"https:\/\/www.google.com\/url?q=http:\/\/www.facebook.com\/PanonikaSojeniceTuzla&amp;source=gmail&amp;ust=1652273262988000&amp;usg=AOvVaw0pEOKVuQgihq8mP7EwnaDK\">www.facebook.com\/PanonikaSojen<wbr \/>iceTuzla<\/a><\/p>\n","protected":false},"excerpt":{"rendered":"<p>Tuzla je grad koji svoje ime i svoju pro\u0161lost ve\u017ee za sol, prirodno bogatstvo koje&#8230;<\/p>\n","protected":false},"author":1,"featured_media":282,"parent":0,"menu_order":0,"comment_status":"closed","ping_status":"closed","template":"","meta":{"footnotes":""},"class_list":["post-275","page","type-page","status-publish","has-post-thumbnail","hentry"],"_links":{"self":[{"href":"https:\/\/tztz.ba\/ba\/wp-json\/wp\/v2\/pages\/275","targetHints":{"allow":["GET"]}}],"collection":[{"href":"https:\/\/tztz.ba\/ba\/wp-json\/wp\/v2\/pages"}],"about":[{"href":"https:\/\/tztz.ba\/ba\/wp-json\/wp\/v2\/types\/page"}],"author":[{"embeddable":true,"href":"https:\/\/tztz.ba\/ba\/wp-json\/wp\/v2\/users\/1"}],"replies":[{"embeddable":true,"href":"https:\/\/tztz.ba\/ba\/wp-json\/wp\/v2\/comments?post=275"}],"version-history":[{"count":15,"href":"https:\/\/tztz.ba\/ba\/wp-json\/wp\/v2\/pages\/275\/revisions"}],"predecessor-version":[{"id":28344,"href":"https:\/\/tztz.ba\/ba\/wp-json\/wp\/v2\/pages\/275\/revisions\/28344"}],"wp:featuredmedia":[{"embeddable":true,"href":"https:\/\/tztz.ba\/ba\/wp-json\/wp\/v2\/media\/282"}],"wp:attachment":[{"href":"https:\/\/tztz.ba\/ba\/wp-json\/wp\/v2\/media?parent=275"}],"curies":[{"name":"wp","href":"https:\/\/api.w.org\/{rel}","templated":true}]}}