{"id":373,"date":"2018-07-10T20:08:13","date_gmt":"2018-07-10T20:08:13","guid":{"rendered":"https:\/\/tztz.ba\/ba\/?page_id=373"},"modified":"2026-02-02T13:27:03","modified_gmt":"2026-02-02T13:27:03","slug":"tuzlanski-polumaraton","status":"publish","type":"page","link":"https:\/\/tztz.ba\/ba\/tuzlanski-polumaraton\/","title":{"rendered":"Tuzlanski polumaraton"},"content":{"rendered":"<p style=\"text-align: justify;\">Sportsko\u2013rekreativno dru\u0161tvo \u201eMaratonac\u201c djeluje na podru\u010dju grada Tuzle s ciljem razvoja i promocije rekreativnog tr\u010danja te unapre\u0111enja zdravog i aktivnog na\u010dina \u017eivota. Udru\u017eenje \u201eMaratonac\u201c djeluje na podru\u010dju grada Tuzle s misijom da kroz svoje aktivnosti okupi osobe svih uzrasta koje se \u017eele baviti tr\u010danjem, bez obzira na nivo prethodne fizi\u010dke spremnosti.<\/p>\n<p style=\"text-align: justify;\">Udru\u017eenje je pokrenulo \u0161kolu tr\u010danja za sve one koji \u017eele postati trka\u010di i na stru\u010dan i postupan na\u010din u\u0107i u svijet atletike. Kroz rekreativne treninge i zajedni\u010dka dru\u017eenja dru\u0161tvo promovira amatersko tr\u010danje i u\u010destvuje na sportskim takmi\u010denjima u Bosni i Hercegovini, regiji i inostranstvu. \u010clanovi udru\u017eenja redovno nastupaju na polumaratonskim utrkama, maratonskim i ultramaratonskim trkama, uklju\u010duju\u0107i i trke preko 50 kilometara, i svojim anga\u017emanom predstavljaju grad Tuzla kao sredinu koja podr\u017eava sportski i rekreativni duh.<\/p>\n<p style=\"text-align: justify;\">Kroz godine, \u201e<a href=\"https:\/\/tuzlanskimaraton.com\/\">Tuzlanski maraton<\/a>\u201c je postao redovna sportska manifestacija u Tuzli, koja se odr\u017eava svake godine i okuplja stotine u\u010desnika iz Bosne i Hercegovine, regije i zemalja Evropske unije. Svake godine maraton okuplja veliki broj trka\u010da iz Bosne i Hercegovine, regije, zemalja Evropske unije i Sjedinjenih Ameri\u010dkih Dr\u017eava, \u0161to potvr\u0111uje njegov me\u0111unarodni karakter. Primjeri dobrih praksi u Bosni i Hercegovini i regiji pokazuju da amaterske inicijative mogu zna\u010dajno utjecati na popularizaciju tr\u010danja i pove\u0107anje svijesti o zdravom na\u010dinu \u017eivota svih dobnih skupina. Sportsko\u2013rekreativno dru\u0161tvo \u201eMaratonac\u201c svojim resursima i primjerom doprinosi rastu broja rekreativaca u Tuzli i \u0161ire, te razvoju pozitivne sportske kulture.<\/p>\n<p style=\"text-align: justify;\">\u201eTuzlanski maraton\u201c i \u201eTuzlanski polumaraton\u201c okupljaju veliki broj trka\u010da iz Bosne i Hercegovine, regije, zemalja Evropske unije i Sjedinjenih Ameri\u010dkih Dr\u017eava. U okviru manifestacije u\u010desnici mogu birati izme\u0111u vi\u0161e distanci \u2013 maraton 42,195 km, polumaraton 21,097 km, te utrke na 10 km i 5 km, kao i programe za djecu i po\u010detnike. Zahvaljuju\u0107i organizaciji ovih doga\u0111aja, Tuzla je postala poznata kao grad koji organizira no\u0107nu polumaratonsku utrku, \u0161to je dodatno oja\u010dalo imid\u017e grada kao atraktivne trka\u010dke destinacije.<\/p>\n<div id=\"attachment_28371\" style=\"width: 1034px\" class=\"wp-caption alignnone\"><img loading=\"lazy\" decoding=\"async\" aria-describedby=\"caption-attachment-28371\" class=\"wp-image-28371 size-large\" src=\"https:\/\/tztz.ba\/ba\/wp-content\/uploads\/2026\/02\/574562735_1259408299537165_3113858598414994532_n-1024x683.jpg\" alt=\"\" width=\"1024\" height=\"683\" srcset=\"https:\/\/tztz.ba\/ba\/wp-content\/uploads\/2026\/02\/574562735_1259408299537165_3113858598414994532_n-1024x683.jpg 1024w, https:\/\/tztz.ba\/ba\/wp-content\/uploads\/2026\/02\/574562735_1259408299537165_3113858598414994532_n-300x200.jpg 300w, https:\/\/tztz.ba\/ba\/wp-content\/uploads\/2026\/02\/574562735_1259408299537165_3113858598414994532_n-768x512.jpg 768w, https:\/\/tztz.ba\/ba\/wp-content\/uploads\/2026\/02\/574562735_1259408299537165_3113858598414994532_n-1536x1024.jpg 1536w, https:\/\/tztz.ba\/ba\/wp-content\/uploads\/2026\/02\/574562735_1259408299537165_3113858598414994532_n.jpg 2048w\" sizes=\"auto, (max-width: 1024px) 100vw, 1024px\" \/><p id=\"caption-attachment-28371\" class=\"wp-caption-text\">Fotograf: Ednan Turali\u0107 (preuzeto sa https:\/\/www.facebook.com\/maratontuzla)<\/p><\/div>\n","protected":false},"excerpt":{"rendered":"<p>Sportsko\u2013rekreativno dru\u0161tvo \u201eMaratonac\u201c djeluje na podru\u010dju grada Tuzle s ciljem razvoja i promocije rekreativnog tr\u010danja&#8230;<\/p>\n","protected":false},"author":1,"featured_media":374,"parent":0,"menu_order":0,"comment_status":"closed","ping_status":"closed","template":"","meta":{"footnotes":""},"class_list":["post-373","page","type-page","status-publish","has-post-thumbnail","hentry"],"_links":{"self":[{"href":"https:\/\/tztz.ba\/ba\/wp-json\/wp\/v2\/pages\/373","targetHints":{"allow":["GET"]}}],"collection":[{"href":"https:\/\/tztz.ba\/ba\/wp-json\/wp\/v2\/pages"}],"about":[{"href":"https:\/\/tztz.ba\/ba\/wp-json\/wp\/v2\/types\/page"}],"author":[{"embeddable":true,"href":"https:\/\/tztz.ba\/ba\/wp-json\/wp\/v2\/users\/1"}],"replies":[{"embeddable":true,"href":"https:\/\/tztz.ba\/ba\/wp-json\/wp\/v2\/comments?post=373"}],"version-history":[{"count":6,"href":"https:\/\/tztz.ba\/ba\/wp-json\/wp\/v2\/pages\/373\/revisions"}],"predecessor-version":[{"id":28379,"href":"https:\/\/tztz.ba\/ba\/wp-json\/wp\/v2\/pages\/373\/revisions\/28379"}],"wp:featuredmedia":[{"embeddable":true,"href":"https:\/\/tztz.ba\/ba\/wp-json\/wp\/v2\/media\/374"}],"wp:attachment":[{"href":"https:\/\/tztz.ba\/ba\/wp-json\/wp\/v2\/media?parent=373"}],"curies":[{"name":"wp","href":"https:\/\/api.w.org\/{rel}","templated":true}]}}