{"id":384,"date":"2018-07-10T20:18:23","date_gmt":"2018-07-10T20:18:23","guid":{"rendered":"https:\/\/tztz.ba\/ba\/?page_id=384"},"modified":"2026-01-29T11:35:07","modified_gmt":"2026-01-29T11:35:07","slug":"medunarodni-aerodrom-tuzla","status":"publish","type":"page","link":"https:\/\/tztz.ba\/ba\/medunarodni-aerodrom-tuzla\/","title":{"rendered":"Me\u0111unarodni aerodrom Tuzla"},"content":{"rendered":"<p style=\"text-align: justify;\">Me\u0111unarodni aerodrom Tuzla je 15 kilomatera udaljen od Tuzle. Jedan je od \u010detiri me\u0111unarodna aerodroma u Bosni i Hercegovini.Posljednjih godina, aerodrom je do\u017eivio ekspanziju po pitanju broja putnika te se trenutno svrstava kao drugi najprometniji aerodrom u Bosni i Hercegovini, iza Me\u0111unarodnog aerodroma Sarajevo. Vi\u0161e informacija mo\u017eete na\u0107i na <a href=\"https:\/\/tuzla-airport.ba\/\">zvani\u010dnoj stranici<\/a>.<\/p>\n<p>&nbsp;<\/p>\n<p>Website:\u00a0<a href=\"https:\/\/www.tuzla-airport.ba\/\" target=\"_blank\" rel=\"noopener\">https:\/\/www.tuzla-airport.ba\/<\/a><\/p>\n","protected":false},"excerpt":{"rendered":"<p>Me\u0111unarodni aerodrom Tuzla je 15 kilomatera udaljen od Tuzle. Jedan je od \u010detiri me\u0111unarodna aerodroma&#8230;<\/p>\n","protected":false},"author":1,"featured_media":385,"parent":0,"menu_order":0,"comment_status":"closed","ping_status":"closed","template":"","meta":{"footnotes":""},"class_list":["post-384","page","type-page","status-publish","has-post-thumbnail","hentry"],"_links":{"self":[{"href":"https:\/\/tztz.ba\/ba\/wp-json\/wp\/v2\/pages\/384","targetHints":{"allow":["GET"]}}],"collection":[{"href":"https:\/\/tztz.ba\/ba\/wp-json\/wp\/v2\/pages"}],"about":[{"href":"https:\/\/tztz.ba\/ba\/wp-json\/wp\/v2\/types\/page"}],"author":[{"embeddable":true,"href":"https:\/\/tztz.ba\/ba\/wp-json\/wp\/v2\/users\/1"}],"replies":[{"embeddable":true,"href":"https:\/\/tztz.ba\/ba\/wp-json\/wp\/v2\/comments?post=384"}],"version-history":[{"count":2,"href":"https:\/\/tztz.ba\/ba\/wp-json\/wp\/v2\/pages\/384\/revisions"}],"predecessor-version":[{"id":28339,"href":"https:\/\/tztz.ba\/ba\/wp-json\/wp\/v2\/pages\/384\/revisions\/28339"}],"wp:featuredmedia":[{"embeddable":true,"href":"https:\/\/tztz.ba\/ba\/wp-json\/wp\/v2\/media\/385"}],"wp:attachment":[{"href":"https:\/\/tztz.ba\/ba\/wp-json\/wp\/v2\/media?parent=384"}],"curies":[{"name":"wp","href":"https:\/\/api.w.org\/{rel}","templated":true}]}}