{"id":390,"date":"2018-07-10T20:51:42","date_gmt":"2018-07-10T20:51:42","guid":{"rendered":"https:\/\/tztz.ba\/ba\/?page_id=390"},"modified":"2018-07-10T20:51:42","modified_gmt":"2018-07-10T20:51:42","slug":"sportsko-rekreacioni-kompleks-slana-banja","status":"publish","type":"page","link":"https:\/\/tztz.ba\/ba\/sportsko-rekreacioni-kompleks-slana-banja\/","title":{"rendered":"Sportsko-rekreacioni kompleks Slana banja"},"content":{"rendered":"<p style=\"text-align: justify;\">Kompleks Panonskih jezera se neposredno nastavlja na sportsko-rekreacioni kompleks Slana banja, koji je jedan od najprostranijih i najure\u0111enijih centralnih parkova u BiH. Pored staza za \u0161etnju i jogging, ovaj kompleks obuhvata kompleks teniskih terena, igrali\u0161te za mali nogomet i ko\u0161arku, te neka od spomen obilje\u017eja iz novije historije grada. Na ovom prostoru nalaze se spomen obilje\u017eja herojima i \u017ertvama Drugog svjetskog rata, braniteljima iz rata 1992.-1995., te civilnim \u017ertvama rata, odnosno tuzlanskoj mladosti koja je stradala na Kapiji 1995. godine. U sastavu Slane banje nalazi se Ku\u0107a Plamena mira, namijenjena aktivnostima mladih, njihovim kreativnim inicijativama i idejama, te nekoliko ugostiteljskih objekata. Centralni dio kompleksa krasi fontana sa skulpturom Leda, djelom poznatog tuzlanskog kipara Franje Ledera.<\/p>\n<p style=\"text-align: justify;\">\n","protected":false},"excerpt":{"rendered":"<p>Kompleks Panonskih jezera se neposredno nastavlja na sportsko-rekreacioni kompleks Slana banja, koji je jedan od&#8230;<\/p>\n","protected":false},"author":1,"featured_media":418,"parent":0,"menu_order":0,"comment_status":"closed","ping_status":"closed","template":"","meta":{"footnotes":""},"class_list":["post-390","page","type-page","status-publish","has-post-thumbnail","hentry"],"_links":{"self":[{"href":"https:\/\/tztz.ba\/ba\/wp-json\/wp\/v2\/pages\/390","targetHints":{"allow":["GET"]}}],"collection":[{"href":"https:\/\/tztz.ba\/ba\/wp-json\/wp\/v2\/pages"}],"about":[{"href":"https:\/\/tztz.ba\/ba\/wp-json\/wp\/v2\/types\/page"}],"author":[{"embeddable":true,"href":"https:\/\/tztz.ba\/ba\/wp-json\/wp\/v2\/users\/1"}],"replies":[{"embeddable":true,"href":"https:\/\/tztz.ba\/ba\/wp-json\/wp\/v2\/comments?post=390"}],"version-history":[{"count":1,"href":"https:\/\/tztz.ba\/ba\/wp-json\/wp\/v2\/pages\/390\/revisions"}],"predecessor-version":[{"id":419,"href":"https:\/\/tztz.ba\/ba\/wp-json\/wp\/v2\/pages\/390\/revisions\/419"}],"wp:featuredmedia":[{"embeddable":true,"href":"https:\/\/tztz.ba\/ba\/wp-json\/wp\/v2\/media\/418"}],"wp:attachment":[{"href":"https:\/\/tztz.ba\/ba\/wp-json\/wp\/v2\/media?parent=390"}],"curies":[{"name":"wp","href":"https:\/\/api.w.org\/{rel}","templated":true}]}}