{"id":451,"date":"2018-07-11T04:23:31","date_gmt":"2018-07-11T04:23:31","guid":{"rendered":"https:\/\/tztz.ba\/ba\/?page_id=451"},"modified":"2024-04-02T05:46:40","modified_gmt":"2024-04-02T05:46:40","slug":"hotel-grand","status":"publish","type":"page","link":"https:\/\/tztz.ba\/ba\/hoteli\/hotel-grand\/","title":{"rendered":"Hotel Grand"},"content":{"rendered":"<p>Hotel Grand se nalazi u Tuzli u sklopu nekada\u0161njeg hotela Tuzla. Zgrada hotela je sagra\u0111ena 1985. godine, smatrana je za jednu od najljep\u0161ih hotelskih rezidencija u biv\u0161oj Jugoslaviji, a vremenom je postala i jedan od simbola grada Tuzle.<\/p>\n<p>U junu ove godine osnovan je Hotel Grand i anga\u017eovan novi menad\u017ement sa zadatkom vra\u0107anja starog sjaja hotela.<\/p>\n<p>Trenutno hotel raspola\u017ee sa 43 obnovljene jednokrevetne i dvokrevetne, a prema potrebi trokrevetne i \u010detverokrevetne sobe, kao i ukupno 8 malih i velikih apartmana.<\/p>\n<p>Hotel Grand je kategorisan sa tri zvjezdice, te svaka soba sadr\u017ei francuski le\u017eaj, televizor, mini bar i besplatan internet. Sve sobe su klimatizirane.<\/p>\n<p><strong>U sklopu hotela gostima su na raspolaganju sljedece usluge i sadr\u017eaji:<\/strong><\/p>\n<p>&#8211; KONGRESNA SALA SA TEHNI\u010cKOM OPREMOM \u2013 KAPACITET 120 MJESTA<br \/>\n&#8211; SALA ZA SASTANKE \u2013 KAPACITET 35 MJESTA<br \/>\n&#8211; SALA ZA EVENTE \u2013 KAPACITET 100 MJESTA<br \/>\n&#8211; RESTORAN \u2013 KAPACITET 250 MJESTA<br \/>\n&#8211; USLUGE VE\u0160ERAJA<br \/>\n&#8211; PARKING PROSTOR<\/p>\n<p><strong>Dodatni sadr\u017eaji hotela:<\/strong><\/p>\n<p>&#8211; FRIZERSKI SALON<br \/>\n&#8211; TURISTI\u010cKE AGENCIJE<br \/>\n&#8211; SNACK BAR GARDEN<br \/>\n&#8211; WINTORIUS COCKATILS LOUNGE<br \/>\n&#8211; WINTORIUS CASINO<br \/>\n&#8211; MADEIRA VINOTEKA<br \/>\n&#8211; RENT A CAR<\/p>\n<p>Adresa:\u00a0ZAVNOBIH-A 13, 75000 Tuzla<\/p>\n<p>Telefon:\u00a0+387 35 366 166<\/p>\n<p>Email: info@grandhoteltuzla.ba<\/p>\n<p>www.grandhoteltuzla.ba<\/p>\n","protected":false},"excerpt":{"rendered":"<p>Hotel Grand se nalazi u Tuzli u sklopu nekada\u0161njeg hotela Tuzla. Zgrada hotela je sagra\u0111ena&#8230;<\/p>\n","protected":false},"author":1,"featured_media":18133,"parent":465,"menu_order":2,"comment_status":"closed","ping_status":"closed","template":"","meta":{"footnotes":""},"class_list":["post-451","page","type-page","status-publish","has-post-thumbnail","hentry"],"_links":{"self":[{"href":"https:\/\/tztz.ba\/ba\/wp-json\/wp\/v2\/pages\/451","targetHints":{"allow":["GET"]}}],"collection":[{"href":"https:\/\/tztz.ba\/ba\/wp-json\/wp\/v2\/pages"}],"about":[{"href":"https:\/\/tztz.ba\/ba\/wp-json\/wp\/v2\/types\/page"}],"author":[{"embeddable":true,"href":"https:\/\/tztz.ba\/ba\/wp-json\/wp\/v2\/users\/1"}],"replies":[{"embeddable":true,"href":"https:\/\/tztz.ba\/ba\/wp-json\/wp\/v2\/comments?post=451"}],"version-history":[{"count":9,"href":"https:\/\/tztz.ba\/ba\/wp-json\/wp\/v2\/pages\/451\/revisions"}],"predecessor-version":[{"id":18136,"href":"https:\/\/tztz.ba\/ba\/wp-json\/wp\/v2\/pages\/451\/revisions\/18136"}],"up":[{"embeddable":true,"href":"https:\/\/tztz.ba\/ba\/wp-json\/wp\/v2\/pages\/465"}],"wp:featuredmedia":[{"embeddable":true,"href":"https:\/\/tztz.ba\/ba\/wp-json\/wp\/v2\/media\/18133"}],"wp:attachment":[{"href":"https:\/\/tztz.ba\/ba\/wp-json\/wp\/v2\/media?parent=451"}],"curies":[{"name":"wp","href":"https:\/\/api.w.org\/{rel}","templated":true}]}}