{"id":455,"date":"2018-07-11T04:24:33","date_gmt":"2018-07-11T04:24:33","guid":{"rendered":"https:\/\/tztz.ba\/ba\/?page_id=455"},"modified":"2024-04-02T05:48:17","modified_gmt":"2024-04-02T05:48:17","slug":"hotel-tehnograd","status":"publish","type":"page","link":"https:\/\/tztz.ba\/ba\/hoteli\/hotel-tehnograd\/","title":{"rendered":"Hotel &#8216;Tehnograd&#8217;"},"content":{"rendered":"<p style=\"text-align: justify;\">Hotel &#8216;Tehnograd&#8217; smje\u0161ten je u gradskom naselju Slavinovi\u0107i i kao takav pru\u017ea ugodan boravak udaljen od gradske buke i gu\u017eve. Raspola\u017ee sa 67 soba i dva apartmana. Sve sobe imaju vlastito kupatilo, balkon, kablovsku televiziju, grijanje i besplatan pristup internetu.<\/p>\n<p style=\"text-align: justify;\">Gostima je na raspolaganju recepcija, gdje u prijatnoj atmosferi mogu popiti kafu ili neko drugo osvje\u017eenje. \u0160vedski sto za doru\u010dak je usluga koju serviraraju u zatvorenom restoranu pored hotela. Za sve goste obezbje\u0111en je besplatan parking sa video nadzorom, za mala i velika vozila. Sve\u010dani salon hotela &#8216;Tehnograd&#8217; je namijenjen za svadbe, sve\u010dane prigode, poslovne prilike, mature, ro\u0111endane, seminare, kongrese, edukacije, prezentacije i razne promocije. Svojim klijentima nude mogu\u0107nost prilago\u0111avanja raznim vrstama sve\u010danih prilika. U okviru sve\u010danog salona hotela &#8216;Tehnograd&#8217;, nalazi se i mala sala do 30 mjesta, koja je namijenjena za seminare, prezentacije, edukacije i sastanke.<\/p>\n","protected":false},"excerpt":{"rendered":"<p>Hotel &#8216;Tehnograd&#8217; smje\u0161ten je u gradskom naselju Slavinovi\u0107i i kao takav pru\u017ea ugodan boravak udaljen&#8230;<\/p>\n","protected":false},"author":1,"featured_media":447,"parent":465,"menu_order":7,"comment_status":"closed","ping_status":"closed","template":"templates\/smjestaj.php","meta":{"footnotes":""},"class_list":["post-455","page","type-page","status-publish","has-post-thumbnail","hentry"],"_links":{"self":[{"href":"https:\/\/tztz.ba\/ba\/wp-json\/wp\/v2\/pages\/455","targetHints":{"allow":["GET"]}}],"collection":[{"href":"https:\/\/tztz.ba\/ba\/wp-json\/wp\/v2\/pages"}],"about":[{"href":"https:\/\/tztz.ba\/ba\/wp-json\/wp\/v2\/types\/page"}],"author":[{"embeddable":true,"href":"https:\/\/tztz.ba\/ba\/wp-json\/wp\/v2\/users\/1"}],"replies":[{"embeddable":true,"href":"https:\/\/tztz.ba\/ba\/wp-json\/wp\/v2\/comments?post=455"}],"version-history":[{"count":1,"href":"https:\/\/tztz.ba\/ba\/wp-json\/wp\/v2\/pages\/455\/revisions"}],"predecessor-version":[{"id":456,"href":"https:\/\/tztz.ba\/ba\/wp-json\/wp\/v2\/pages\/455\/revisions\/456"}],"up":[{"embeddable":true,"href":"https:\/\/tztz.ba\/ba\/wp-json\/wp\/v2\/pages\/465"}],"wp:featuredmedia":[{"embeddable":true,"href":"https:\/\/tztz.ba\/ba\/wp-json\/wp\/v2\/media\/447"}],"wp:attachment":[{"href":"https:\/\/tztz.ba\/ba\/wp-json\/wp\/v2\/media?parent=455"}],"curies":[{"name":"wp","href":"https:\/\/api.w.org\/{rel}","templated":true}]}}