{"id":457,"date":"2018-07-11T04:25:00","date_gmt":"2018-07-11T04:25:00","guid":{"rendered":"https:\/\/tztz.ba\/ba\/?page_id=457"},"modified":"2024-04-02T05:48:27","modified_gmt":"2024-04-02T05:48:27","slug":"hotel-president","status":"publish","type":"page","link":"https:\/\/tztz.ba\/ba\/hoteli\/hotel-president\/","title":{"rendered":"Hotel &#8216;President&#8217;"},"content":{"rendered":"<p style=\"text-align: justify;\">Hotel &#8216;President&#8217; je kapaciteta 14 soba i 1 apartman. Sobe su moderno opremljene, klimatizirane. Ulaz u sobu je omogu\u0107en magnetnim karticama. Za relaksaciju, na raspolaganju je wellness centar sa bazenom, jacuzzi-jem, saunama i ostalim prate\u0107im sadr\u017eajem.<\/p>\n<p style=\"text-align: justify;\">U sklopu hotela je savremeno opremljena multifunkcionalna sala, koja predstavlja savr\u0161eno mjesto za odr\u017eavanje kongresa, panela, seminara i svih drugih vrsta sastanaka. Sala je predvi\u0111ena za grupe od 80 ljudi. Hotel President ima savremeno opremljen restoran, kapaciteta 150 ljudi i svojom raznovrsnom gastronomskom ponudom, privla\u010di goste ne samo sa podru\u010dja TK, nego i mnogo \u0161ire.<\/p>\n<p style=\"text-align: justify;\">Restoran poslu\u017euje razne specijalitete me\u0111unarodne kuhinje, po\u010dev\u0161i od gr\u010dkih, kineskih, italijanskih do tradicionalnih bosanskih jela. Hotel se nalazi na izvanrednoj lokaciji, od Tuzle je udaljen svega 10 km, a od centra \u017divinica 5 km. Pogodnosti lokacije doprinosi i blizina Me\u0111unarodnog aerodroma Tuzla.<\/p>\n","protected":false},"excerpt":{"rendered":"<p>Hotel &#8216;President&#8217; je kapaciteta 14 soba i 1 apartman. Sobe su moderno opremljene, klimatizirane. Ulaz&#8230;<\/p>\n","protected":false},"author":1,"featured_media":446,"parent":465,"menu_order":9,"comment_status":"closed","ping_status":"closed","template":"templates\/smjestaj.php","meta":{"footnotes":""},"class_list":["post-457","page","type-page","status-publish","has-post-thumbnail","hentry"],"_links":{"self":[{"href":"https:\/\/tztz.ba\/ba\/wp-json\/wp\/v2\/pages\/457","targetHints":{"allow":["GET"]}}],"collection":[{"href":"https:\/\/tztz.ba\/ba\/wp-json\/wp\/v2\/pages"}],"about":[{"href":"https:\/\/tztz.ba\/ba\/wp-json\/wp\/v2\/types\/page"}],"author":[{"embeddable":true,"href":"https:\/\/tztz.ba\/ba\/wp-json\/wp\/v2\/users\/1"}],"replies":[{"embeddable":true,"href":"https:\/\/tztz.ba\/ba\/wp-json\/wp\/v2\/comments?post=457"}],"version-history":[{"count":1,"href":"https:\/\/tztz.ba\/ba\/wp-json\/wp\/v2\/pages\/457\/revisions"}],"predecessor-version":[{"id":458,"href":"https:\/\/tztz.ba\/ba\/wp-json\/wp\/v2\/pages\/457\/revisions\/458"}],"up":[{"embeddable":true,"href":"https:\/\/tztz.ba\/ba\/wp-json\/wp\/v2\/pages\/465"}],"wp:featuredmedia":[{"embeddable":true,"href":"https:\/\/tztz.ba\/ba\/wp-json\/wp\/v2\/media\/446"}],"wp:attachment":[{"href":"https:\/\/tztz.ba\/ba\/wp-json\/wp\/v2\/media?parent=457"}],"curies":[{"name":"wp","href":"https:\/\/api.w.org\/{rel}","templated":true}]}}