{"id":469,"date":"2018-07-11T04:41:52","date_gmt":"2018-07-11T04:41:52","guid":{"rendered":"https:\/\/tztz.ba\/ba\/?page_id=469"},"modified":"2026-01-29T12:54:43","modified_gmt":"2026-01-29T12:54:43","slug":"atelje-ismet-mujezinovic-tuzla","status":"publish","type":"page","link":"https:\/\/tztz.ba\/ba\/atelje-ismet-mujezinovic-tuzla\/","title":{"rendered":"Atelje &#8216;Ismet Mujezinovi\u0107&#8217; Tuzla"},"content":{"rendered":"<p style=\"text-align: justify;\">Atelje<a href=\"https:\/\/centarzakulturutuzla.ba\/\" target=\"_blank\" rel=\"noopener\"> \u201cIsmet Mujezinovi\u0107\u201d<\/a> jedinstven po tome \u0161to je u njemu \u017eivio i radio jedan od najzna\u010dajnijih bosanskohercegova\u010dkih umjetnika, kulturnih radnika i slikara Ismet Mujezinovi\u0107, te su \u010dlanovi porodice njegovu ku\u0107u i atelje poklonili Gradu.<\/p>\n<p style=\"text-align: justify;\">Atelje Ismet Mujezinovi\u0107 je zasebna umjetni\u010dka radionica u okviru Galerije, koja okuplja umjetnike sa svih meridijana svijeta, na osnovu li\u010dnog poziva Umjetni\u010dkog savjeta Galerije kao i na principu konkursa raspisanog preko nacionalnih umjetni\u010dkih udru\u017eenja. Boravak u Me\u0111unarodnom ateljeu podrazumijeva \u0161estomjese\u010dni boravak i rad likovnih umjetnika, kao i organizaciju samostalne izlo\u017ebe radova nastalih tokom boravka u Tuzli.<\/p>\n<p style=\"text-align: justify;\">U ateljeu se odr\u017eavaju brojne likovne radionice, a osposobljen je i apartman u koji 2 do 3 puta godi\u0161nje dolaze umjetnici iz cijele Evrope.To je mjesto gdje se organizuju koncerti, izlo\u017ebe, promocije knjiga, a ba\u0161ta ateljea u centru grada prigodno je mjesto za organizaciju i mnogih drugih doga\u0111aja.<\/p>\n<p style=\"text-align: justify;\"><strong>Kolekcije<\/strong><\/p>\n<p style=\"text-align: justify;\">Galerija Ismet Mujezinovi\u0107 ustanovljena je 2. decembra 1982. godine u okviru galerije portreta, koja obuhvata crte\u017ee, akvarele, grafike i slike umjetnika nastalih u periodu od 1925. godine do kraja osme decenije dvadesetog vijeka.<\/p>\n<p style=\"text-align: justify;\">Ismet Mujezinovi\u0107 je ro\u0111en 2. decembra 1907. godine u Tuzli, gdje je i umro 7. januara 1984. godine. Zavr\u0161ava Kraljevsku akademiju za umjetnost i umjetni obrt u Zagrebu 1929. godine. U periodu od 1931. do 1933. godine boravi u Francuskoj gdje upisuje postdiplomski studiji odsjek historija umjetnosti na Sorboni. Za vrijeme boravka u Francuskoj posje\u0107uje muzeje i galerije, ateljee francuskih slikara \u2013 Lota, Ortisa i drugih. Po povratku iz Francuske boravi u Zagrebu, Bijeljini i Tuzli. Nastanjuje se u Sarajevu gdje se formiraju umjetni\u010dka udru\u017eenja \u201e\u010cetvorica\u201c i \u201eKrug\u201c, \u201eColegium artisticum\u201c u \u010dijim se akcijama zna\u010dajno anga\u017euje. U NOB-u u\u010destvuje kao borac, propagandista, novinar, glumac, reditelj.<\/p>\n<p style=\"text-align: justify;\">Za vrijeme Prvog zasjedanja AVNOJ-a dekori\u0161e dvoranu u kojoj je odr\u017eano zasjedanje. Ilustruje prva Andri\u0107eva djela. Jedan je od incijatora za osnivanje Dr\u017eavne \u0161kole za slikarstvo u Sarajevu. S grupom jugoslovenskih umjetnika 1946\/47 i 1977. u\u010destvuje u portretisanju Tita. Godine 1953. prelazi iz Sarajeva u Tuzlu gdje radi na velikim figuralnim kompozicijama iz NOB-a . Imao je veliki broj samostalnih i kolektivnih izlo\u017ebi u zemlji i inostranstvu. Bio je redovan \u010dlan Akademije nauka i umjetnosti Bosne i Hercegovine, dopisni \u010dlan Jugoslovenske znanosti i umjetnosti u Zagrebu, \u010dlan Savjeta Federacije, te prvi po\u010dasni doktor nauka Univerziteta u Tuzli i jedan od osniva\u010da Galerije portreta Tuzla.<\/p>\n<p style=\"text-align: justify;\">Tito u djelima likovnih umjetnika<\/p>\n<p style=\"text-align: justify;\">Stalna postavka \u201eTito u djelima likovnih umjetnika\u201c, spontana je inicijativa ugra\u0111enog \u010dina djelatnosti Me\u0111unarodne galerije portreta Tuzla, o\u017eivotvorenje stvarala\u010dkog zanosa zapostavljene zna\u010dajne teme likovnog stvarala\u0161tva portreta, najupe\u010datljiviji i najbogatiji doprinos usmjeravaju humanisti\u010dkog \u017eivljenja u radosti stvarala\u0161tva.<\/p>\n<p style=\"text-align: justify;\">Kolekcija savremenog portreta<\/p>\n<p style=\"text-align: justify;\">Obuhvata djela nastala jo\u0161 s krajem devetnaestog, kao i tokom dvadesetog vijeka, a dominantnu cjelinu \u010dine ostvarenja nastala potkraj sedme decenije. To su uglavnom djela koja su prezentirana na velikim revijalnim izlo\u017ebama ju\u017enoslovenskih naroda po\u010dev od 1967, od kojih se formirala vrijedna zbirka koja obuhvata crte\u017ee, grafike, akvarele, ulja i skulpture zasebne llikovne estetske validnosti uz uva\u017eavanje svih generacijskih, stilskih i likovno \u2013 problemskih usmjerenja.<\/p>\n<p style=\"text-align: justify;\"><strong>Kolekcija skulptura<\/strong><\/p>\n<p style=\"text-align: justify;\">U sklopu \u201cKolekcije savremenog portreta\u201d je i kolekcija skulptura. Ova kolekcija sadr\u017ei radove: Koste Angeli Radovania, Ibrahima Bilajaca, Stevana Bodnarova, Branka Ru\u017ei\u0107a, Ivana Saboli\u0107a, Stipe Sikirice, Dragi\u0161e Trifkovi\u0107a, Marija Ujevi\u0107a, Vanja Radu\u0161a, Franje Ledera, Aleksandra Zarina, Zdenka Grgi\u0107a, Vjekoslava Ruklja\u010de i drugih.<\/p>\n<p style=\"text-align: justify;\"><strong>Kolekcija Adela Behr Vuki\u0107<\/strong><\/p>\n<p style=\"text-align: justify;\">Kolekcija crte\u017ea, grafika, akvarela i ulja Adele Behr Vuki\u0107, prve \u017eene slikara u Tuzli i Bosni i Hercegovini, najkompletnija je zbirka ove umjetnice \u010diju zna\u010dajnu stvarala\u010dku cjelinu predstavlja grafi\u010dki opus po kojem njoj pripada pionirska uloga u formiranju umjetni\u010dke atmosfere Bosne i Hercegovine s po\u010detka dvadesetog vijeka.<\/p>\n<p style=\"text-align: justify;\"><strong>Kolekcija James (Haim) Pinto<\/strong><\/p>\n<p style=\"text-align: justify;\">Legat Haima D\u017eemsa Pinta ustanovljen je 1987. godine donacijom samog umjetnika i njegovih sestara Erne Englander i Nade Milland. Legat obuhvata 117 crte\u017ea, grafika, slika i skulptura. Ovim legatom u zna\u010dajnoj mjeri je oboga\u0107en umjetni\u010dki fondus Me\u0111unarodne galerije portreta, a time i pro\u0161irene dimenzije njenog profesionalnog interesa.<\/p>\n<p style=\"text-align: justify;\"><strong>Op\u0107a zbirka<\/strong><\/p>\n<p style=\"text-align: justify;\">Ova kolekcija sadr\u017ei radove: Ismeta Mujezinovi\u0107a, Rodoljuba Anastasova, Adele Behr Vuki\u0107, Nezira \u010corbi\u0107a, Mensura Dervi\u0161evi\u0107a, Kosta Hakman, Ljube Laha, Omera Mujad\u017ei\u0107a, Ismara Mujezinovi\u0107a, Sigo Sumereckera, Ive \u0160eremeta, Nesima Tahirovi\u0107a i drugih.<\/p>\n<p style=\"text-align: justify;\">Internacionalna zbirka portreta INTERBIFEP<\/p>\n<p style=\"text-align: justify;\">Ona \u010dini zaseban segment koji problematizira temu portreta u oblasti crte\u017ea i grafike. Nastala 1980 godine. Ova kolekcija obuhvata radove umjetnika iz razli\u010ditih kulturnih sredi\u0161ta Evrope, Azije, Afrike, Amerike kao i sa prostora biv\u0161e Jugslavije.<\/p>\n<p><strong>Kontakt:\u00a0<\/strong><\/p>\n<p>Adresa: Klosterska 19, 750.000, Tuzla (BiH)<\/p>\n<p>Radno vrijeme u radnim danima od 7:30 do 16 sati.<\/p>\n<p>E-mail adresa;\u00a0<a href=\"mailto:direktor@centarzakulturutuzla.ba\" target=\"_blank\" rel=\"noopener\">direktor@centarzakulturutuzla.<wbr \/>ba<\/a>\u00a0i\u00a0<a href=\"mailto:rukovodilacgalerijaportreta@centarzakulturutuzla.ba\" target=\"_blank\" rel=\"noopener\">rukovodilacgalerijaportreta@ce<wbr \/>ntarzakulturutuzla.ba<\/a><\/p>\n<p>Kontakt osobe: 061\/289-288\u00a0 direktor JU Centar za kulturu Tuzla Edin Jahi\u0107 i 062\/77 00 22 rukovodilac organizacione jedinice Me\u0111unarodne galerije portreta Tuzla Mirza Korlatovi\u0107.<\/p>\n<p>FB nalog:\u00a0<a href=\"https:\/\/www.facebook.com\/CentarZakulturuTuzla\/\" target=\"_blank\" rel=\"noopener noreferrer\" data-saferedirecturl=\"https:\/\/www.google.com\/url?q=https:\/\/www.facebook.com\/CentarZakulturuTuzla\/&amp;source=gmail&amp;ust=1652356679499000&amp;usg=AOvVaw3hgDT5GojbF-bTV-e2J_bs\">https:\/\/www.facebook.com\/Centa<wbr \/>rZakulturuTuzla\/<\/a>\u00a0i IG nalog:\u00a0<a href=\"https:\/\/www.instagram.com\/centarzakulturutuzla\/\" target=\"_blank\" rel=\"noopener noreferrer\" data-saferedirecturl=\"https:\/\/www.google.com\/url?q=https:\/\/www.instagram.com\/centarzakulturutuzla\/&amp;source=gmail&amp;ust=1652356679499000&amp;usg=AOvVaw2zS768VzyswTdYeGuoPerM\">https:\/\/www.instagram.com\/cent<wbr \/>arzakulturutuzla\/<\/a><\/p>\n<p>Grupne posjete se mogu organizovati radnim danima i vikendima kontaktom na mail adrese:\u00a0<a href=\"mailto:direktor@centarzakulturutuzla.ba\" target=\"_blank\" rel=\"noopener\">direktor@centarzakulturutuzla.<wbr \/>ba<\/a>\u00a0i<br \/>\n<a href=\"mailto:rukovodilacgalerijaportreta@centarzakulturutuzla.ba\" target=\"_blank\" rel=\"noopener\">rukovodilacgalerijaportreta@ce<wbr \/>ntarzakulturutuzla.ba<\/a>\u00a0ili direktno na brojeve telefona 061\/289-288, 062\/77 00 22.<\/p>\n<p>&nbsp;<\/p>\n","protected":false},"excerpt":{"rendered":"<p>Atelje \u201cIsmet Mujezinovi\u0107\u201d jedinstven po tome \u0161to je u njemu \u017eivio i radio jedan od&#8230;<\/p>\n","protected":false},"author":1,"featured_media":470,"parent":0,"menu_order":0,"comment_status":"closed","ping_status":"closed","template":"","meta":{"footnotes":""},"class_list":["post-469","page","type-page","status-publish","has-post-thumbnail","hentry"],"_links":{"self":[{"href":"https:\/\/tztz.ba\/ba\/wp-json\/wp\/v2\/pages\/469","targetHints":{"allow":["GET"]}}],"collection":[{"href":"https:\/\/tztz.ba\/ba\/wp-json\/wp\/v2\/pages"}],"about":[{"href":"https:\/\/tztz.ba\/ba\/wp-json\/wp\/v2\/types\/page"}],"author":[{"embeddable":true,"href":"https:\/\/tztz.ba\/ba\/wp-json\/wp\/v2\/users\/1"}],"replies":[{"embeddable":true,"href":"https:\/\/tztz.ba\/ba\/wp-json\/wp\/v2\/comments?post=469"}],"version-history":[{"count":6,"href":"https:\/\/tztz.ba\/ba\/wp-json\/wp\/v2\/pages\/469\/revisions"}],"predecessor-version":[{"id":28347,"href":"https:\/\/tztz.ba\/ba\/wp-json\/wp\/v2\/pages\/469\/revisions\/28347"}],"wp:featuredmedia":[{"embeddable":true,"href":"https:\/\/tztz.ba\/ba\/wp-json\/wp\/v2\/media\/470"}],"wp:attachment":[{"href":"https:\/\/tztz.ba\/ba\/wp-json\/wp\/v2\/media?parent=469"}],"curies":[{"name":"wp","href":"https:\/\/api.w.org\/{rel}","templated":true}]}}