{"id":475,"date":"2018-07-11T04:45:29","date_gmt":"2018-07-11T04:45:29","guid":{"rendered":"https:\/\/tztz.ba\/ba\/?page_id=475"},"modified":"2018-12-14T16:41:56","modified_gmt":"2018-12-14T16:41:56","slug":"centar-za-kulturu-tuzla","status":"publish","type":"page","link":"https:\/\/tztz.ba\/ba\/centar-za-kulturu-tuzla\/","title":{"rendered":"Centar za kulturu Tuzla"},"content":{"rendered":"<p style=\"text-align: justify;\"><a href=\"https:\/\/centarzakulturutuzla.ba\/\">Centar za kulturu Tuzla<\/a> ustanova je od velikog zna\u010daja za Grad Tuzlu. Spajanjem u jedinstveni Centar za kulturu Tuzla javnih ustanova \u201eMe\u0111unarodna galerija portreta Tuzla\u201c i \u201eDom mladih Tuzla\u201c, koje se bave sli\u010dnim i povezanim djelatnostima i kulturne su institucije koje su nerijetko povezane u realizaciji razli\u010ditih projekata i aktivnosti, posti\u017ee se ve\u0107a kompatibilnost u provedbi razli\u010ditih kulturnih doga\u0111aja i projekata u cilju zadovoljavanja javnog interesa gra\u0111ana Tuzle, Tuzlanskog kantona i Bosne i Hercegovine.<\/p>\n<p style=\"text-align: justify;\">Centar za kulturu Tuzla na ovaj na\u010din spaja muzejsko-galerijsku, kulturno-umjetni\u010dku, izdava\u010dku, nau\u010dnu i istra\u017eiva\u010dku djelatnost u cilju unapre\u0111enja prezentacije likovnih i primjenjenih umjetnosti, arhitekture, knji\u017eevnosti, muzike i drugih oblika umjetni\u010dkog rada i djelovanja izuzetno va\u017enih za kulturu Grada. Generalno gledano, kroz ovakvo djelovanje posti\u017ee se produktivniji i efikasniji zajedni\u010dki rad i prezentacija kulture, te se omogu\u0107ava i mladim neafirmisanim umjetnicima u svim oblastima umjetni\u010dkog djelovanja da do\u0111u do izra\u017eaja.<\/p>\n<p style=\"text-align: justify;\">Obje javne ustanove koje djeluju u okviru Centra za kulturu Tuzla \u0107e svoje djelovanje nastaviti kao i ranije, ali kao organizacione jedinice Centra, \u0161to ni u kom slu\u010daju ne umanjuje njihov pojedina\u010dni i samostalni zna\u010daj koji su i ranije imali kao posebne institucije. Obje institucije, sada ujedinjene, \u0107e i dalje nastaviti sa realizacijom projekata i aktivnosti koje su i do sada provodili, uz izuzetno va\u017eno pobolj\u0161anje obzirom da se koriste ve\u0107i i adekvatniji kapaciteti i resursi koje institucije imaju u svrhu maksimalnog kori\u0161tenja svih potencijala za zajedni\u010dku provedbu aktivnosti.<\/p>\n<p style=\"text-align: justify;\">Bolje i kvalitetnije pru\u017eanje usluga gra\u0111anima, pobolj\u0161anje rada, djelovanja i realizacije programskih aktivnosti su samo neki od razloga za spajanje u jedintvenu instituciju kulture u Gradu Tuzla. Planiranim programskim djelovanjem generalno se pobolj\u0161ava kvalitet i kvantitet kulturnih sadr\u017eaja Grada i kroz organizaciju projekata u organizacionim jedinicama, a institucije \u0107e biti jo\u0161 vi\u0161e otvorene za saradnju sa svim gra\u0111anima, organizacijama i brojnim korsnicima usluga u obje institucije, sada spojene u jedinstveni Centar za kulturu Tuzla.<\/p>\n<p><iframe class=\"fullIframe\" src=\"https:\/\/www.youtube.com\/embed\/v5RY_JRkM5k\" frameborder=\"0\" allowfullscreen=\"allowfullscreen\"><span data-mce-type=\"bookmark\" style=\"display: inline-block; width: 0px; overflow: hidden; line-height: 0;\" class=\"mce_SELRES_start\">\ufeff<\/span><\/iframe><\/p>\n<p style=\"text-align: justify;\">Tako\u0111er, integracijom dvije javne ustanove u Centar za kulturu Tuzla posti\u017ee se i adekvatnija zastupljenost potrebnih profila zanimanja koji rade u Centru, potpuna iskori\u0161tenost znanja i iskustava uposlenika koja je potrebna za adekvatno funkcioniranje, kao i potpuni anga\u017eman u realizaciji brojnih projekata i kulturnih doga\u0111aja u Gradu.<\/p>\n<p style=\"text-align: justify;\">Grad Tuzla je osniva\u010d Javne ustanove \u201eDom Mladih Tuzla\u201c, dok su kod Javne ustanove \u201eMe\u0111unarodna galerija portreta Tuzla\u201c postojala suosniva\u010dka prava Grada Tuzla i Tuzlanskog kantona. Odukom o redefinisanju statusa Me\u0111unarodne galerije portreta, nakon \u0161to je Skup\u0161tina Tuzlanskog kantona donijela Odluku o ukidanju suosniva\u010dkih prava, Gradsko vije\u0107e je preuzelo sva prava i obaveze nad radom Me\u0111unarodne galerije potreta Tuzla. Na ovaj na\u010din je ispunjen i potrebni uslov za spajanje institucija u Centar za kulturu Tuzla, jer je Grad Tuzla nosilac osniva\u010dkih prava i obaveza u odnosu na obje institucije koje su do tada djelovale samostalno.<\/p>\n<p style=\"text-align: justify;\">Tako\u0111er, Domu mladih je potrebno zna\u010dajno iskustvo, znanje i kreativnost uposlenika Galerije, a spajanjem se posti\u017ee bolja realizacija programskih sadr\u017eaja.<\/p>\n<p style=\"text-align: justify;\">Znanja i iskustva u provedbi brojnih kulturnih saadr\u017eaja i aktivnosti, kao i prostorni i kadrovski kapaciteti su spajanjem zna\u010dajno pobolj\u0161ani.<\/p>\n<p style=\"text-align: justify;\">U sklopu Centra za kulturu Tuzla sada djeluju: Me\u0111unarodna galerija potreta Tuzla, Me\u0111unarodni atelje \u201eIsmet Mujezinovi\u0107\u201c, Dom mladih Tuzla, \u0160vedska ku\u0107a solidarnosti Gornja Lipnica, Dru\u0161tveni dom Gornja Tuzla, Dom kulture Husino, Dom knji\u017eevnosti Tuzla i Kaleidoskop Tuzla.<\/p>\n<p><strong>WEBSITE:\u00a0<\/strong><a href=\"https:\/\/centarzakulturutuzla.ba\/\">https:\/\/centarzakulturutuzla.ba\/<\/a><\/p>\n","protected":false},"excerpt":{"rendered":"<p>Centar za kulturu Tuzla ustanova je od velikog zna\u010daja za Grad Tuzlu. Spajanjem u jedinstveni&#8230;<\/p>\n","protected":false},"author":1,"featured_media":476,"parent":0,"menu_order":0,"comment_status":"closed","ping_status":"closed","template":"","meta":{"footnotes":""},"class_list":["post-475","page","type-page","status-publish","has-post-thumbnail","hentry"],"_links":{"self":[{"href":"https:\/\/tztz.ba\/ba\/wp-json\/wp\/v2\/pages\/475","targetHints":{"allow":["GET"]}}],"collection":[{"href":"https:\/\/tztz.ba\/ba\/wp-json\/wp\/v2\/pages"}],"about":[{"href":"https:\/\/tztz.ba\/ba\/wp-json\/wp\/v2\/types\/page"}],"author":[{"embeddable":true,"href":"https:\/\/tztz.ba\/ba\/wp-json\/wp\/v2\/users\/1"}],"replies":[{"embeddable":true,"href":"https:\/\/tztz.ba\/ba\/wp-json\/wp\/v2\/comments?post=475"}],"version-history":[{"count":2,"href":"https:\/\/tztz.ba\/ba\/wp-json\/wp\/v2\/pages\/475\/revisions"}],"predecessor-version":[{"id":3281,"href":"https:\/\/tztz.ba\/ba\/wp-json\/wp\/v2\/pages\/475\/revisions\/3281"}],"wp:featuredmedia":[{"embeddable":true,"href":"https:\/\/tztz.ba\/ba\/wp-json\/wp\/v2\/media\/476"}],"wp:attachment":[{"href":"https:\/\/tztz.ba\/ba\/wp-json\/wp\/v2\/media?parent=475"}],"curies":[{"name":"wp","href":"https:\/\/api.w.org\/{rel}","templated":true}]}}