{"id":546,"date":"2018-07-11T20:04:39","date_gmt":"2018-07-11T20:04:39","guid":{"rendered":"https:\/\/tztz.ba\/ba\/?page_id=546"},"modified":"2024-04-02T05:55:17","modified_gmt":"2024-04-02T05:55:17","slug":"pansion-centar-tuzla","status":"publish","type":"page","link":"https:\/\/tztz.ba\/ba\/moteli-i-pansion\/pansion-centar-tuzla\/","title":{"rendered":"Pansion &#8216;Centar&#8217; Tuzla"},"content":{"rendered":"<p style=\"text-align: justify;\">Pansion &#8220;Centar&#8221; se nalazi u strogom centru grada, ta\u010dnije na Solnom trgu. Sobe su opremljene i uredjene po modernim standardima, a sam boravak u njima je udoban i opu\u0161taju\u0107i. Lokacija objekata omogu\u0107uje neposredan pristup glavnom \u0161etali\u0161tu grada Tuzle, blizinu Panonskim jezerima, rekraciono-\u0161etali\u0161nom kompleksu Slana Banja, sportsko-rekreacionom centru &#8220;Mejdan&#8221;, gradskoj glavnoj tr\u017enici te mnogim drugim pogodnistima koje ovaj grad nudi.<\/p>\n","protected":false},"excerpt":{"rendered":"<p>Pansion &#8220;Centar&#8221; se nalazi u strogom centru grada, ta\u010dnije na Solnom trgu. Sobe su opremljene&#8230;<\/p>\n","protected":false},"author":1,"featured_media":540,"parent":22174,"menu_order":30,"comment_status":"closed","ping_status":"closed","template":"templates\/smjestaj.php","meta":{"footnotes":""},"class_list":["post-546","page","type-page","status-publish","has-post-thumbnail","hentry"],"_links":{"self":[{"href":"https:\/\/tztz.ba\/ba\/wp-json\/wp\/v2\/pages\/546","targetHints":{"allow":["GET"]}}],"collection":[{"href":"https:\/\/tztz.ba\/ba\/wp-json\/wp\/v2\/pages"}],"about":[{"href":"https:\/\/tztz.ba\/ba\/wp-json\/wp\/v2\/types\/page"}],"author":[{"embeddable":true,"href":"https:\/\/tztz.ba\/ba\/wp-json\/wp\/v2\/users\/1"}],"replies":[{"embeddable":true,"href":"https:\/\/tztz.ba\/ba\/wp-json\/wp\/v2\/comments?post=546"}],"version-history":[{"count":1,"href":"https:\/\/tztz.ba\/ba\/wp-json\/wp\/v2\/pages\/546\/revisions"}],"predecessor-version":[{"id":547,"href":"https:\/\/tztz.ba\/ba\/wp-json\/wp\/v2\/pages\/546\/revisions\/547"}],"up":[{"embeddable":true,"href":"https:\/\/tztz.ba\/ba\/wp-json\/wp\/v2\/pages\/22174"}],"wp:featuredmedia":[{"embeddable":true,"href":"https:\/\/tztz.ba\/ba\/wp-json\/wp\/v2\/media\/540"}],"wp:attachment":[{"href":"https:\/\/tztz.ba\/ba\/wp-json\/wp\/v2\/media?parent=546"}],"curies":[{"name":"wp","href":"https:\/\/api.w.org\/{rel}","templated":true}]}}