{"id":562,"date":"2018-07-11T20:58:59","date_gmt":"2018-07-11T20:58:59","guid":{"rendered":"https:\/\/tztz.ba\/ba\/?page_id=562"},"modified":"2018-07-11T20:58:59","modified_gmt":"2018-07-11T20:58:59","slug":"restoran-zlatnik","status":"publish","type":"page","link":"https:\/\/tztz.ba\/ba\/restorani\/restoran-zlatnik\/","title":{"rendered":"Restoran &#8216;Zlatnik&#8217;"},"content":{"rendered":"<p style=\"text-align: justify;\">U samom centru grada, pored \u0161etali\u0161ta Slana Banja, nalazi se Restoran Zlatnik. U srcu prirode, tik uz Panonsko jezero, nalazi se restoran sa prelijepim ambijentom kojeg krasi prostrana ljetna ba\u0161ta.Izuzetno bogata gastronomska ponuda, po\u010dev od tradicionalnih jela do raznovrsnih internacionalnih jela i najzahtjevnijem gostu pru\u017eit \u0107e vrhunski u\u017eitak u svakom zalogaju.Veoma ljubazno i profesionalno osoblje, vrhunski kuhari i prelijep ambijent neki su od razloga da posjetite ovaj restoran.Kapacitet restorana do 200 osoba veoma je pogodan za organizovanje svadbi, godi\u0161njica, seminara, I ostalih skupova.Pored bogate ponude jela, tu je i bogata vinska karta, koja sadr\u017ei probrana vina iz doma\u0107ih i stranih vinoteka.<\/p>\n","protected":false},"excerpt":{"rendered":"<p>U samom centru grada, pored \u0161etali\u0161ta Slana Banja, nalazi se Restoran Zlatnik. U srcu prirode,&#8230;<\/p>\n","protected":false},"author":1,"featured_media":577,"parent":557,"menu_order":0,"comment_status":"closed","ping_status":"closed","template":"","meta":{"footnotes":""},"class_list":["post-562","page","type-page","status-publish","has-post-thumbnail","hentry"],"_links":{"self":[{"href":"https:\/\/tztz.ba\/ba\/wp-json\/wp\/v2\/pages\/562","targetHints":{"allow":["GET"]}}],"collection":[{"href":"https:\/\/tztz.ba\/ba\/wp-json\/wp\/v2\/pages"}],"about":[{"href":"https:\/\/tztz.ba\/ba\/wp-json\/wp\/v2\/types\/page"}],"author":[{"embeddable":true,"href":"https:\/\/tztz.ba\/ba\/wp-json\/wp\/v2\/users\/1"}],"replies":[{"embeddable":true,"href":"https:\/\/tztz.ba\/ba\/wp-json\/wp\/v2\/comments?post=562"}],"version-history":[{"count":1,"href":"https:\/\/tztz.ba\/ba\/wp-json\/wp\/v2\/pages\/562\/revisions"}],"predecessor-version":[{"id":578,"href":"https:\/\/tztz.ba\/ba\/wp-json\/wp\/v2\/pages\/562\/revisions\/578"}],"up":[{"embeddable":true,"href":"https:\/\/tztz.ba\/ba\/wp-json\/wp\/v2\/pages\/557"}],"wp:featuredmedia":[{"embeddable":true,"href":"https:\/\/tztz.ba\/ba\/wp-json\/wp\/v2\/media\/577"}],"wp:attachment":[{"href":"https:\/\/tztz.ba\/ba\/wp-json\/wp\/v2\/media?parent=562"}],"curies":[{"name":"wp","href":"https:\/\/api.w.org\/{rel}","templated":true}]}}