{"id":579,"date":"2018-07-11T20:59:59","date_gmt":"2018-07-11T20:59:59","guid":{"rendered":"https:\/\/tztz.ba\/ba\/?page_id=579"},"modified":"2018-07-11T20:59:59","modified_gmt":"2018-07-11T20:59:59","slug":"restorani-sezam","status":"publish","type":"page","link":"https:\/\/tztz.ba\/ba\/restorani\/restorani-sezam\/","title":{"rendered":"Restorani &#8216;Sezam&#8217;"},"content":{"rendered":"<p><a href=\"http:\/\/www.restoranisezam.com\/\">Restorani &#8216;Sezam&#8217;<\/a> su ve\u0107 odavno poznato ime i brend u Tuzli, kako tuzlacima tako i sigurno velikom broju posjetitelja i turista. Iz bogate ponude svoje im gostima nude specijalitete sa ro\u0161tilja, vrhunsku bosansku kuhinju, gotova jela, raznovrsne specijalitete do mesa, jela po narud\u017ebi, variva, pizze i veliki izbor kola\u010da i poslastica.. Osim po bogatoj i kvalitetnoj gastronomskoj ponudi, &#8216;Sezam&#8217; je poznat i kao omiljeno okupljali\u0161te svih generacija koji vole ve\u010dernje izlaske uz dobru atmosferu, muziku u\u017eivo i dobru hranu. Od gotovih jela na meniju redovno se mogu na\u0107i razne vrste \u010dorbi, grah, gula\u0161, le\u0161to teletina, had\u017eijski \u0107eva, biber meso i mnogi drugi bosanski specijaliteti. U ponudi je svakako i veliki izbor kola\u010da. Pored kola\u010da, gostima nude i veliki izbor okusa vrhunskih sladoleda, pripremljenih po italijanskim recepturama.<\/p>\n","protected":false},"excerpt":{"rendered":"<p>Restorani &#8216;Sezam&#8217; su ve\u0107 odavno poznato ime i brend u Tuzli, kako tuzlacima tako i&#8230;<\/p>\n","protected":false},"author":1,"featured_media":575,"parent":557,"menu_order":0,"comment_status":"closed","ping_status":"closed","template":"","meta":{"footnotes":""},"class_list":["post-579","page","type-page","status-publish","has-post-thumbnail","hentry"],"_links":{"self":[{"href":"https:\/\/tztz.ba\/ba\/wp-json\/wp\/v2\/pages\/579","targetHints":{"allow":["GET"]}}],"collection":[{"href":"https:\/\/tztz.ba\/ba\/wp-json\/wp\/v2\/pages"}],"about":[{"href":"https:\/\/tztz.ba\/ba\/wp-json\/wp\/v2\/types\/page"}],"author":[{"embeddable":true,"href":"https:\/\/tztz.ba\/ba\/wp-json\/wp\/v2\/users\/1"}],"replies":[{"embeddable":true,"href":"https:\/\/tztz.ba\/ba\/wp-json\/wp\/v2\/comments?post=579"}],"version-history":[{"count":1,"href":"https:\/\/tztz.ba\/ba\/wp-json\/wp\/v2\/pages\/579\/revisions"}],"predecessor-version":[{"id":580,"href":"https:\/\/tztz.ba\/ba\/wp-json\/wp\/v2\/pages\/579\/revisions\/580"}],"up":[{"embeddable":true,"href":"https:\/\/tztz.ba\/ba\/wp-json\/wp\/v2\/pages\/557"}],"wp:featuredmedia":[{"embeddable":true,"href":"https:\/\/tztz.ba\/ba\/wp-json\/wp\/v2\/media\/575"}],"wp:attachment":[{"href":"https:\/\/tztz.ba\/ba\/wp-json\/wp\/v2\/media?parent=579"}],"curies":[{"name":"wp","href":"https:\/\/api.w.org\/{rel}","templated":true}]}}