{"id":604,"date":"2018-07-11T21:08:21","date_gmt":"2018-07-11T21:08:21","guid":{"rendered":"https:\/\/tztz.ba\/ba\/?page_id=604"},"modified":"2018-07-11T21:08:21","modified_gmt":"2018-07-11T21:08:21","slug":"park-pub","status":"publish","type":"page","link":"https:\/\/tztz.ba\/ba\/restorani\/park-pub\/","title":{"rendered":"Park Pub"},"content":{"rendered":"<p style=\"text-align: justify;\"><a href=\"https:\/\/www.facebook.com\/Parkpubtuzla2017\/\">Park pub<\/a> je jedan od najopremljenijih lokala ovog tipa u Tuzli i posjetiocima nudi sve \u0161to jedan pub treba da sadr\u017ei. Mjesto svakodnevnih svirki, a opet na ivici gradske vreve, nadomak Centralnog gradskog parka i svega stotinjak metara od Panonskih jezera. Poseban ugo\u0111aj imat \u0107e istinski u\u017eivaoci piva, jer se u ponudi nalazi vi\u0161e vrsta to\u010denog piva, a kako bi boravak i dru\u017eenje bilo jo\u0161 ugodnije gosti mogu u\u017eivati u bogatoj gastronomskoj ponudi.<\/p>\n","protected":false},"excerpt":{"rendered":"<p>Park pub je jedan od najopremljenijih lokala ovog tipa u Tuzli i posjetiocima nudi sve&#8230;<\/p>\n","protected":false},"author":1,"featured_media":570,"parent":557,"menu_order":0,"comment_status":"closed","ping_status":"closed","template":"","meta":{"footnotes":""},"class_list":["post-604","page","type-page","status-publish","has-post-thumbnail","hentry"],"_links":{"self":[{"href":"https:\/\/tztz.ba\/ba\/wp-json\/wp\/v2\/pages\/604","targetHints":{"allow":["GET"]}}],"collection":[{"href":"https:\/\/tztz.ba\/ba\/wp-json\/wp\/v2\/pages"}],"about":[{"href":"https:\/\/tztz.ba\/ba\/wp-json\/wp\/v2\/types\/page"}],"author":[{"embeddable":true,"href":"https:\/\/tztz.ba\/ba\/wp-json\/wp\/v2\/users\/1"}],"replies":[{"embeddable":true,"href":"https:\/\/tztz.ba\/ba\/wp-json\/wp\/v2\/comments?post=604"}],"version-history":[{"count":1,"href":"https:\/\/tztz.ba\/ba\/wp-json\/wp\/v2\/pages\/604\/revisions"}],"predecessor-version":[{"id":605,"href":"https:\/\/tztz.ba\/ba\/wp-json\/wp\/v2\/pages\/604\/revisions\/605"}],"up":[{"embeddable":true,"href":"https:\/\/tztz.ba\/ba\/wp-json\/wp\/v2\/pages\/557"}],"wp:featuredmedia":[{"embeddable":true,"href":"https:\/\/tztz.ba\/ba\/wp-json\/wp\/v2\/media\/570"}],"wp:attachment":[{"href":"https:\/\/tztz.ba\/ba\/wp-json\/wp\/v2\/media?parent=604"}],"curies":[{"name":"wp","href":"https:\/\/api.w.org\/{rel}","templated":true}]}}