{"id":654,"date":"2018-07-12T03:49:14","date_gmt":"2018-07-12T03:49:14","guid":{"rendered":"https:\/\/tztz.ba\/ba\/?page_id=654"},"modified":"2026-02-02T12:56:59","modified_gmt":"2026-02-02T12:56:59","slug":"jedinstvo-aida","status":"publish","type":"page","link":"https:\/\/tztz.ba\/ba\/jedinstvo-aida\/","title":{"rendered":"Jedinstvo Aida"},"content":{"rendered":"<h5 style=\"text-align: justify;\">Dani ponosa i slave: Jedinstvo Aida iz Tuzle prvak Evrope<\/h5>\n<p style=\"text-align: justify;\">Ko\u0161arka\u0161ice Jedinstva Aide u legendarnoj majstorici s italijanskim Primigijem igranoj u Firenci 22.marta 1989. godine pobjedom 74:70 okitile su se titulom prvaka Evrope. Dvadeset i \u0161est godina kasnije klub je na novom po\u010detku sa mladom ekipom koja se takmi\u010di u prvenstvu BiH. Iako \u0107e mnogi re\u0107i kako sada\u0161nje Jedinstvo BHT nije ono Jedinstvo Aida pehar namijenjen evropskom prvaku i dalje krasi vitrine kluba.<\/p>\n<p style=\"text-align: justify;\">Vratimo se na tu 1989. godinu kada je Jedinstvo Aida ispjevalo svoju pobjedni\u010dku ariju. Na putu do dvorane \u201cPalazzo dello Sport del Campo\u201d Tuzlanke su odigrale 15 utakmica zabilje\u017eiv\u0161i 12 pobjeda i tri poraza. Tim Mihajla Vukovi\u0107a pora\u017een je u dva navrata od Dinama iz Novosibirska i jednom od Primigia.<\/p>\n<p style=\"text-align: justify;\">Prije super \u2013 finala ni najve\u0107i optimisti nisu vjerovali da \u0107e tuzlanski tim nakon poraza od Italijanki u Vi\u0107enci 14. februara 1989. godine od 77:52, smo\u0107i snage da u super \u2013 finalu uzvrate udarac i da se popne na krov Evrope.<\/p>\n<p style=\"text-align: justify;\">Pesimiste su razuvjerile Jadranka Savi\u0107, Ilvana Zvizdi\u0107, Mara Laki\u0107, Vesna Po\u0111anin, Dragana Jefti\u0107, Smilja Ra\u0111enovi\u0107, Razija Mujanovi\u0107, Zorica Dragi\u010devi\u0107, Naida Hot i Stojanka Do\u0161i\u0107, koje su bile pod diregentskom palicom Mihajla Mikija Vukovi\u0107a i Zdravka Dugonji\u0107a.<\/p>\n<p style=\"text-align: justify;\">Tuzlanske \u0161ampionke nisu ro\u0111ene preko no\u0107i, ve\u0107 je tog 22. marta Mihajlo Vukovi\u0107, zaokru\u017eio svoj 16 \u2013 godi\u0161nji mukotrpni rad u Tuzli. Ekipu Jedinstva Aide preuzeo je 1977. godine kada su se ko\u0161arka\u0161ice nadmetale u Drugoj ligi SFRJ. Mihajlu Vukovi\u0107u je po zavr\u0161etku utakmice u Firenci trener Primigia Aldo Corno, morao stisnuti ruku, iako je italijanski trener u svojim redovima imao tamnoputu Amerikanku Janice Lawrence ili Anitu Blange i Renatu Salverstini\u2026<\/p>\n<p style=\"text-align: justify;\">Italijanskom stru\u010dnjaku nisu pomogla \u201cvelika imena\u201d i \u010dinjenica da je Primigi do tada osvojio pet titula prvaka Europe. Miki Vukovi\u0107 je u svojim redovima imao Razu, Maru, Naidu, Coju, Smilju\u2026koje su 1989. godine dosanjale svoj dje\u010diji san osvojiv\u0161i pehar \u201cNaroden sporta\u201d, koji je od jugoslovenskih klubova osvojila samo Crvena Zvezda deset godina ranije.<\/p>\n\n\t\t<style type=\"text\/css\">\n\t\t\t#gallery-1 {\n\t\t\t\tmargin: auto;\n\t\t\t}\n\t\t\t#gallery-1 .gallery-item {\n\t\t\t\tfloat: left;\n\t\t\t\tmargin-top: 10px;\n\t\t\t\ttext-align: center;\n\t\t\t\twidth: 25%;\n\t\t\t}\n\t\t\t#gallery-1 img {\n\t\t\t\tborder: 2px solid #cfcfcf;\n\t\t\t}\n\t\t\t#gallery-1 .gallery-caption {\n\t\t\t\tmargin-left: 0;\n\t\t\t}\n\t\t\t\/* see gallery_shortcode() in wp-includes\/media.php *\/\n\t\t<\/style>\n\t\t<div id='gallery-1' class='gallery galleryid-654 gallery-columns-4 gallery-size-thumbnail'><dl class='gallery-item'>\n\t\t\t<dt class='gallery-icon landscape'>\n\t\t\t\t<a href='https:\/\/tztz.ba\/ba\/wp-content\/uploads\/2018\/07\/Jedinstvo.jpg'><img loading=\"lazy\" decoding=\"async\" width=\"150\" height=\"150\" src=\"https:\/\/tztz.ba\/ba\/wp-content\/uploads\/2018\/07\/Jedinstvo-150x150.jpg\" class=\"attachment-thumbnail size-thumbnail\" alt=\"\" srcset=\"https:\/\/tztz.ba\/ba\/wp-content\/uploads\/2018\/07\/Jedinstvo-150x150.jpg 150w, https:\/\/tztz.ba\/ba\/wp-content\/uploads\/2018\/07\/Jedinstvo-350x350.jpg 350w, https:\/\/tztz.ba\/ba\/wp-content\/uploads\/2018\/07\/Jedinstvo-400x400.jpg 400w\" sizes=\"auto, (max-width: 150px) 100vw, 150px\" \/><\/a>\n\t\t\t<\/dt><\/dl><dl class='gallery-item'>\n\t\t\t<dt class='gallery-icon landscape'>\n\t\t\t\t<a href='https:\/\/tztz.ba\/ba\/wp-content\/uploads\/2018\/07\/Jedinstvo-7.jpg'><img loading=\"lazy\" decoding=\"async\" width=\"150\" height=\"150\" src=\"https:\/\/tztz.ba\/ba\/wp-content\/uploads\/2018\/07\/Jedinstvo-7-150x150.jpg\" class=\"attachment-thumbnail size-thumbnail\" alt=\"\" srcset=\"https:\/\/tztz.ba\/ba\/wp-content\/uploads\/2018\/07\/Jedinstvo-7-150x150.jpg 150w, https:\/\/tztz.ba\/ba\/wp-content\/uploads\/2018\/07\/Jedinstvo-7-350x350.jpg 350w, https:\/\/tztz.ba\/ba\/wp-content\/uploads\/2018\/07\/Jedinstvo-7-400x400.jpg 400w\" sizes=\"auto, (max-width: 150px) 100vw, 150px\" \/><\/a>\n\t\t\t<\/dt><\/dl><dl class='gallery-item'>\n\t\t\t<dt class='gallery-icon landscape'>\n\t\t\t\t<a href='https:\/\/tztz.ba\/ba\/wp-content\/uploads\/2018\/07\/Jedinstvo-5.jpg'><img loading=\"lazy\" decoding=\"async\" width=\"150\" height=\"150\" src=\"https:\/\/tztz.ba\/ba\/wp-content\/uploads\/2018\/07\/Jedinstvo-5-150x150.jpg\" class=\"attachment-thumbnail size-thumbnail\" alt=\"\" srcset=\"https:\/\/tztz.ba\/ba\/wp-content\/uploads\/2018\/07\/Jedinstvo-5-150x150.jpg 150w, https:\/\/tztz.ba\/ba\/wp-content\/uploads\/2018\/07\/Jedinstvo-5-350x350.jpg 350w, https:\/\/tztz.ba\/ba\/wp-content\/uploads\/2018\/07\/Jedinstvo-5-400x400.jpg 400w\" sizes=\"auto, (max-width: 150px) 100vw, 150px\" \/><\/a>\n\t\t\t<\/dt><\/dl><dl class='gallery-item'>\n\t\t\t<dt class='gallery-icon landscape'>\n\t\t\t\t<a href='https:\/\/tztz.ba\/ba\/wp-content\/uploads\/2018\/07\/Jedinstvo-4.jpg'><img loading=\"lazy\" decoding=\"async\" width=\"150\" height=\"150\" src=\"https:\/\/tztz.ba\/ba\/wp-content\/uploads\/2018\/07\/Jedinstvo-4-150x150.jpg\" class=\"attachment-thumbnail size-thumbnail\" alt=\"\" srcset=\"https:\/\/tztz.ba\/ba\/wp-content\/uploads\/2018\/07\/Jedinstvo-4-150x150.jpg 150w, https:\/\/tztz.ba\/ba\/wp-content\/uploads\/2018\/07\/Jedinstvo-4-350x350.jpg 350w\" sizes=\"auto, (max-width: 150px) 100vw, 150px\" \/><\/a>\n\t\t\t<\/dt><\/dl><br style=\"clear: both\" \/>\n\t\t<\/div>\n\n","protected":false},"excerpt":{"rendered":"<p>Dani ponosa i slave: Jedinstvo Aida iz Tuzle prvak Evrope Ko\u0161arka\u0161ice Jedinstva Aide u legendarnoj&#8230;<\/p>\n","protected":false},"author":1,"featured_media":655,"parent":0,"menu_order":0,"comment_status":"closed","ping_status":"closed","template":"","meta":{"footnotes":""},"class_list":["post-654","page","type-page","status-publish","has-post-thumbnail","hentry"],"_links":{"self":[{"href":"https:\/\/tztz.ba\/ba\/wp-json\/wp\/v2\/pages\/654","targetHints":{"allow":["GET"]}}],"collection":[{"href":"https:\/\/tztz.ba\/ba\/wp-json\/wp\/v2\/pages"}],"about":[{"href":"https:\/\/tztz.ba\/ba\/wp-json\/wp\/v2\/types\/page"}],"author":[{"embeddable":true,"href":"https:\/\/tztz.ba\/ba\/wp-json\/wp\/v2\/users\/1"}],"replies":[{"embeddable":true,"href":"https:\/\/tztz.ba\/ba\/wp-json\/wp\/v2\/comments?post=654"}],"version-history":[{"count":2,"href":"https:\/\/tztz.ba\/ba\/wp-json\/wp\/v2\/pages\/654\/revisions"}],"predecessor-version":[{"id":28377,"href":"https:\/\/tztz.ba\/ba\/wp-json\/wp\/v2\/pages\/654\/revisions\/28377"}],"wp:featuredmedia":[{"embeddable":true,"href":"https:\/\/tztz.ba\/ba\/wp-json\/wp\/v2\/media\/655"}],"wp:attachment":[{"href":"https:\/\/tztz.ba\/ba\/wp-json\/wp\/v2\/media?parent=654"}],"curies":[{"name":"wp","href":"https:\/\/api.w.org\/{rel}","templated":true}]}}