{"id":677,"date":"2018-07-12T04:01:11","date_gmt":"2018-07-12T04:01:11","guid":{"rendered":"https:\/\/tztz.ba\/ba\/?page_id=677"},"modified":"2026-02-02T14:21:07","modified_gmt":"2026-02-02T14:21:07","slug":"bingo-city-centar","status":"publish","type":"page","link":"https:\/\/tztz.ba\/ba\/bingo-city-centar\/","title":{"rendered":"Bingo City Centar"},"content":{"rendered":"<p style=\"text-align: justify;\">U savremenom i moderno opremljenom shoping centru nalazi se Hipermarket Bingo povr\u0161ine 6.000 kvadratnih metara, restoran sa igraonicom za djecu i ljetnom ba\u0161tom, CineStar kino sa pet dvorana, te Bingo Bowling (Brunswick) kuglanu sa 12 staza. Na &#8220;mjestu gdje \u017eelje o\u017eive&#8221;, posjetioce o\u010dekuje sjajan izbor poznatih regionalnih i internacionalnih brendova, me\u0111u kojima su Zara, Brunswick Bowling, Retro Concept Store, Sport Vision, Bershka, Koton, Terranova, Pull &amp; Bear, Lindex, Deichmann, Stradivarius, Buzz, Tom Tailor, XYZ, Jeordie&#8217;s, Inoma Concept Store, ali i mnogi drugi.<\/p>\n<p>Website:\u00a0<a href=\"http:\/\/bingocitycenter.ba\/prodavnice\/\">http:\/\/bingocitycenter.ba\/<\/a><\/p>\n<p><img loading=\"lazy\" decoding=\"async\" class=\"aligncenter size-full wp-image-679\" src=\"https:\/\/tztz.ba\/ba\/wp-content\/uploads\/2018\/07\/Bingo-City-Centar.jpg\" alt=\"\" width=\"1281\" height=\"853\" srcset=\"https:\/\/tztz.ba\/ba\/wp-content\/uploads\/2018\/07\/Bingo-City-Centar.jpg 1281w, https:\/\/tztz.ba\/ba\/wp-content\/uploads\/2018\/07\/Bingo-City-Centar-300x200.jpg 300w, https:\/\/tztz.ba\/ba\/wp-content\/uploads\/2018\/07\/Bingo-City-Centar-768x511.jpg 768w, https:\/\/tztz.ba\/ba\/wp-content\/uploads\/2018\/07\/Bingo-City-Centar-1024x682.jpg 1024w\" sizes=\"auto, (max-width: 1281px) 100vw, 1281px\" \/><\/p>\n<p style=\"text-align: justify;\">\n","protected":false},"excerpt":{"rendered":"<p>U savremenom i moderno opremljenom shoping centru nalazi se Hipermarket Bingo povr\u0161ine 6.000 kvadratnih metara,&#8230;<\/p>\n","protected":false},"author":1,"featured_media":678,"parent":0,"menu_order":0,"comment_status":"closed","ping_status":"closed","template":"","meta":{"footnotes":""},"class_list":["post-677","page","type-page","status-publish","has-post-thumbnail","hentry"],"_links":{"self":[{"href":"https:\/\/tztz.ba\/ba\/wp-json\/wp\/v2\/pages\/677","targetHints":{"allow":["GET"]}}],"collection":[{"href":"https:\/\/tztz.ba\/ba\/wp-json\/wp\/v2\/pages"}],"about":[{"href":"https:\/\/tztz.ba\/ba\/wp-json\/wp\/v2\/types\/page"}],"author":[{"embeddable":true,"href":"https:\/\/tztz.ba\/ba\/wp-json\/wp\/v2\/users\/1"}],"replies":[{"embeddable":true,"href":"https:\/\/tztz.ba\/ba\/wp-json\/wp\/v2\/comments?post=677"}],"version-history":[{"count":2,"href":"https:\/\/tztz.ba\/ba\/wp-json\/wp\/v2\/pages\/677\/revisions"}],"predecessor-version":[{"id":28389,"href":"https:\/\/tztz.ba\/ba\/wp-json\/wp\/v2\/pages\/677\/revisions\/28389"}],"wp:featuredmedia":[{"embeddable":true,"href":"https:\/\/tztz.ba\/ba\/wp-json\/wp\/v2\/media\/678"}],"wp:attachment":[{"href":"https:\/\/tztz.ba\/ba\/wp-json\/wp\/v2\/media?parent=677"}],"curies":[{"name":"wp","href":"https:\/\/api.w.org\/{rel}","templated":true}]}}