{"id":684,"date":"2018-07-12T04:03:25","date_gmt":"2018-07-12T04:03:25","guid":{"rendered":"https:\/\/tztz.ba\/ba\/?page_id=684"},"modified":"2018-07-12T04:03:25","modified_gmt":"2018-07-12T04:03:25","slug":"mercator-centar","status":"publish","type":"page","link":"https:\/\/tztz.ba\/ba\/mercator-centar\/","title":{"rendered":"Mercator Centar"},"content":{"rendered":"<p>Mercator Centar Tuzla svojim posjetiocima nudi \u0161irok izbor kvalitetnih proizvoda za pripremu vrhunske hrane. U sklopu centra mo\u017eete prona\u0107i razovrstan asortiman robe poznatih modnih brendova.<\/p>\n<p>Website:<a href=\"https:\/\/www.mercator.ba\/\">\u00a0https:\/\/www.mercator.ba\/<\/a><\/p>\n","protected":false},"excerpt":{"rendered":"<p>Mercator Centar Tuzla svojim posjetiocima nudi \u0161irok izbor kvalitetnih proizvoda za pripremu vrhunske hrane. U&#8230;<\/p>\n","protected":false},"author":1,"featured_media":685,"parent":0,"menu_order":0,"comment_status":"closed","ping_status":"closed","template":"","meta":{"footnotes":""},"class_list":["post-684","page","type-page","status-publish","has-post-thumbnail","hentry"],"_links":{"self":[{"href":"https:\/\/tztz.ba\/ba\/wp-json\/wp\/v2\/pages\/684","targetHints":{"allow":["GET"]}}],"collection":[{"href":"https:\/\/tztz.ba\/ba\/wp-json\/wp\/v2\/pages"}],"about":[{"href":"https:\/\/tztz.ba\/ba\/wp-json\/wp\/v2\/types\/page"}],"author":[{"embeddable":true,"href":"https:\/\/tztz.ba\/ba\/wp-json\/wp\/v2\/users\/1"}],"replies":[{"embeddable":true,"href":"https:\/\/tztz.ba\/ba\/wp-json\/wp\/v2\/comments?post=684"}],"version-history":[{"count":1,"href":"https:\/\/tztz.ba\/ba\/wp-json\/wp\/v2\/pages\/684\/revisions"}],"predecessor-version":[{"id":686,"href":"https:\/\/tztz.ba\/ba\/wp-json\/wp\/v2\/pages\/684\/revisions\/686"}],"wp:featuredmedia":[{"embeddable":true,"href":"https:\/\/tztz.ba\/ba\/wp-json\/wp\/v2\/media\/685"}],"wp:attachment":[{"href":"https:\/\/tztz.ba\/ba\/wp-json\/wp\/v2\/media?parent=684"}],"curies":[{"name":"wp","href":"https:\/\/api.w.org\/{rel}","templated":true}]}}