{"id":687,"date":"2018-07-12T04:04:32","date_gmt":"2018-07-12T04:04:32","guid":{"rendered":"https:\/\/tztz.ba\/ba\/?page_id=687"},"modified":"2018-07-12T04:04:32","modified_gmt":"2018-07-12T04:04:32","slug":"trzni-centar-robot","status":"publish","type":"page","link":"https:\/\/tztz.ba\/ba\/trzni-centar-robot\/","title":{"rendered":"Tr\u017eni centar Robot"},"content":{"rendered":"<p>U Tr\u017enom centru Robot mo\u017eete prona\u0107i\u00a0\u00a0\u0161irok asortiman prehrambenih i hemijskih artikala, alata, posu\u0111a, bijele tehnike, audio i video tehnike, pe\u0107i na \u010dvrsta goriva, opreme za kupatila i ostale robe \u0161iroke potro\u0161nje. U sklopu centra nalazi se igraonica za djecu, caffe bar, restoran i cvje\u0107ara. Organizovanje\u00a0\u00a0promocije, degustacije, nagradnih igara, samo su neki od sadr\u017eaja centra Robot koji \u0107e va\u0161u kupovinu u\u010diniti jo\u0161 ljep\u0161om i ugodnijom.<\/p>\n<p>Website:\u00a0<a href=\"https:\/\/www.robot.ba\/\">https:\/\/www.robot.ba\/<\/a><\/p>\n","protected":false},"excerpt":{"rendered":"<p>U Tr\u017enom centru Robot mo\u017eete prona\u0107i\u00a0\u00a0\u0161irok asortiman prehrambenih i hemijskih artikala, alata, posu\u0111a, bijele tehnike,&#8230;<\/p>\n","protected":false},"author":1,"featured_media":688,"parent":0,"menu_order":0,"comment_status":"closed","ping_status":"closed","template":"","meta":{"footnotes":""},"class_list":["post-687","page","type-page","status-publish","has-post-thumbnail","hentry"],"_links":{"self":[{"href":"https:\/\/tztz.ba\/ba\/wp-json\/wp\/v2\/pages\/687","targetHints":{"allow":["GET"]}}],"collection":[{"href":"https:\/\/tztz.ba\/ba\/wp-json\/wp\/v2\/pages"}],"about":[{"href":"https:\/\/tztz.ba\/ba\/wp-json\/wp\/v2\/types\/page"}],"author":[{"embeddable":true,"href":"https:\/\/tztz.ba\/ba\/wp-json\/wp\/v2\/users\/1"}],"replies":[{"embeddable":true,"href":"https:\/\/tztz.ba\/ba\/wp-json\/wp\/v2\/comments?post=687"}],"version-history":[{"count":1,"href":"https:\/\/tztz.ba\/ba\/wp-json\/wp\/v2\/pages\/687\/revisions"}],"predecessor-version":[{"id":689,"href":"https:\/\/tztz.ba\/ba\/wp-json\/wp\/v2\/pages\/687\/revisions\/689"}],"wp:featuredmedia":[{"embeddable":true,"href":"https:\/\/tztz.ba\/ba\/wp-json\/wp\/v2\/media\/688"}],"wp:attachment":[{"href":"https:\/\/tztz.ba\/ba\/wp-json\/wp\/v2\/media?parent=687"}],"curies":[{"name":"wp","href":"https:\/\/api.w.org\/{rel}","templated":true}]}}