{"id":703,"date":"2018-07-12T04:14:12","date_gmt":"2018-07-12T04:14:12","guid":{"rendered":"https:\/\/tztz.ba\/ba\/?page_id=703"},"modified":"2018-07-12T04:17:12","modified_gmt":"2018-07-12T04:17:12","slug":"tuzla-film-festival","status":"publish","type":"page","link":"https:\/\/tztz.ba\/ba\/tuzla-film-festival\/","title":{"rendered":"Tuzla film festival"},"content":{"rendered":"<p style=\"text-align: justify;\"><a href=\"http:\/\/www.tff.ba\/bs\/\">Tuzla Film Festival<\/a> \u2013 ju\u017enoslavenskog filma (TFF) je godi\u0161nja kulturna manifestacija u Tuzli, organizovana od strane neprofitne organizacije Magic Factory, koja ima za cilj promociju ju\u017enoslavenske kinematografije. Kategorija pod nazivom \u201cSnimaj bilo \u010dim\u201d za cilj ima omasovljenje filmske umjetnosti na ovim prostorima.<\/p>\n<p style=\"text-align: justify;\">Prvi TFF ugledao je svjetlo dana 22.08.2012, u prostorijama Bosanskog kulturnog centra Tuzla. Ve\u0107 na prvi Festival do\u0161li su renomirani glumci, re\u017eiseri, producenti, te ljudi iz festivalskog svijeta sa prostora biv\u0161e Jugoslavije. Imena poput Lazara Ristovskog, Emira Had\u017eihafizbegovi\u0107a, Milo\u0161a Samolova, Ademira Kenovi\u0107a, Miroslava Mom\u010dilovi\u0107a (dobitnik vile TFF-a za dugometra\u017eni igrani film), Elme Tataragi\u0107, Dragana Marinkovi\u0107a, Janka Baljaka, i drugih, defilirala su tek ro\u0111enim festivalom i upotpunili njegovu snagu i zna\u010daj.<\/p>\n<p style=\"text-align: justify;\">Druga godina donijela je mnogo vi\u0161e rada, ideja i poslovnih ponuda. Festival je odradio kasting za fi lm \u201cAtomski s desna\u201d re\u017eisera Sr\u0111ana Dragojevi\u0107a (poznat po fi lmovima \u201cLepa sela lepo gore\u201d, \u201cRane\u201d, \u201cMi nismo an\u0111eli\u201d, \u201cParada\u201d i dr.), te su dva mala Tuzlaka, Ensar Hamzi\u0107 i Daris Alji\u0107 prva djeca iz Tuzle koja su ikad putem kastinga dobila ulogu za neki dugometra\u017eni igrani film.<\/p>\n<p style=\"text-align: justify;\">Nadalje, ove godine broj umjetnika i producenata iz svijeta fi lma uveliko se pove\u0107ao, pa je Tuzla Film Festival nastavio trend sve ja\u010deg regionalnog festivala, a Tuzla, koja posljednjih godina do\u017eivljava turisti\u010dki procvat, naro\u010dito ljeti, postaje i prostor za kreiranje filmske industrije<\/p>\n<p style=\"text-align: justify;\">Izme\u0111u ostalog, to i jeste cilj TFF-a, da pored estetskog i umjetni\u010dkog do\u017eivljaja, stvori i klimu pogodnu za razvoj filmskog poslovanja.<\/p>\n<p style=\"text-align: justify;\">Mnogi su postavljali pitanje:\u201dZa\u0161to Tuzla Film Festival pored Sarajeva, Beograda, Zagreba i drugih?\u201d Pa, nisu svi pozvani na te festivale, niti svi imaju fi nansijske mogu\u0107nosti da odu na jedan od takvih festivala. Da ne govorimo o tome da su umjetni\u010dki krugovi poprili\u010dno zatvoreni kada je u pitanju poslovanje u ovom segmentu.<\/p>\n<p><iframe class=\"fullIframe\" src=\"https:\/\/www.youtube.com\/embed\/Zjg-ZoDs4Ms\" frameborder=\"0\" allow=\"autoplay; encrypted-media\" allowfullscreen><\/iframe><\/p>\n","protected":false},"excerpt":{"rendered":"<p>Tuzla Film Festival \u2013 ju\u017enoslavenskog filma (TFF) je godi\u0161nja kulturna manifestacija u Tuzli, organizovana od&#8230;<\/p>\n","protected":false},"author":1,"featured_media":704,"parent":0,"menu_order":0,"comment_status":"closed","ping_status":"closed","template":"","meta":{"footnotes":""},"class_list":["post-703","page","type-page","status-publish","has-post-thumbnail","hentry"],"_links":{"self":[{"href":"https:\/\/tztz.ba\/ba\/wp-json\/wp\/v2\/pages\/703","targetHints":{"allow":["GET"]}}],"collection":[{"href":"https:\/\/tztz.ba\/ba\/wp-json\/wp\/v2\/pages"}],"about":[{"href":"https:\/\/tztz.ba\/ba\/wp-json\/wp\/v2\/types\/page"}],"author":[{"embeddable":true,"href":"https:\/\/tztz.ba\/ba\/wp-json\/wp\/v2\/users\/1"}],"replies":[{"embeddable":true,"href":"https:\/\/tztz.ba\/ba\/wp-json\/wp\/v2\/comments?post=703"}],"version-history":[{"count":2,"href":"https:\/\/tztz.ba\/ba\/wp-json\/wp\/v2\/pages\/703\/revisions"}],"predecessor-version":[{"id":708,"href":"https:\/\/tztz.ba\/ba\/wp-json\/wp\/v2\/pages\/703\/revisions\/708"}],"wp:featuredmedia":[{"embeddable":true,"href":"https:\/\/tztz.ba\/ba\/wp-json\/wp\/v2\/media\/704"}],"wp:attachment":[{"href":"https:\/\/tztz.ba\/ba\/wp-json\/wp\/v2\/media?parent=703"}],"curies":[{"name":"wp","href":"https:\/\/api.w.org\/{rel}","templated":true}]}}