{"id":706,"date":"2018-07-12T04:16:38","date_gmt":"2018-07-12T04:16:38","guid":{"rendered":"https:\/\/tztz.ba\/ba\/?page_id=706"},"modified":"2023-03-21T10:13:47","modified_gmt":"2023-03-21T10:13:47","slug":"zima-u-tuzli","status":"publish","type":"page","link":"https:\/\/tztz.ba\/ba\/zima-u-tuzli\/","title":{"rendered":"Zima u Tuzli"},"content":{"rendered":"<p>U svrhu podr\u0161ke i pomo\u0107i sektoru poduzetni\u0161tva i obrta na teritoriji grada Tuzle, te sa ciljem kreiranja i oboga\u0107ivanja turisti\u010dke ponude u zimskom periodu, Turisti\u010dka zajednica grada Tuzle, u saradnji sa Gradom Tuzla i Udru\u017eenjem obrtnika grada Tuzle \u00a0tradicionalno svake godine organizuju manifestaciju \u201eZima u Tuzli\u201c.<\/p>\n\n\t\t<style type=\"text\/css\">\n\t\t\t#gallery-1 {\n\t\t\t\tmargin: auto;\n\t\t\t}\n\t\t\t#gallery-1 .gallery-item {\n\t\t\t\tfloat: left;\n\t\t\t\tmargin-top: 10px;\n\t\t\t\ttext-align: center;\n\t\t\t\twidth: 33%;\n\t\t\t}\n\t\t\t#gallery-1 img {\n\t\t\t\tborder: 2px solid #cfcfcf;\n\t\t\t}\n\t\t\t#gallery-1 .gallery-caption {\n\t\t\t\tmargin-left: 0;\n\t\t\t}\n\t\t\t\/* see gallery_shortcode() in wp-includes\/media.php *\/\n\t\t<\/style>\n\t\t<div id='gallery-1' class='gallery galleryid-706 gallery-columns-3 gallery-size-thumbnail'><dl class='gallery-item'>\n\t\t\t<dt class='gallery-icon landscape'>\n\t\t\t\t<a href='https:\/\/tztz.ba\/ba\/zima-u-tuzli\/qqqqqqqqqqqqqqqqqqqqq-3\/'><img loading=\"lazy\" decoding=\"async\" width=\"150\" height=\"150\" src=\"https:\/\/tztz.ba\/ba\/wp-content\/uploads\/2023\/03\/qqqqqqqqqqqqqqqqqqqqq-150x150.jpg\" class=\"attachment-thumbnail size-thumbnail\" alt=\"\" srcset=\"https:\/\/tztz.ba\/ba\/wp-content\/uploads\/2023\/03\/qqqqqqqqqqqqqqqqqqqqq-150x150.jpg 150w, https:\/\/tztz.ba\/ba\/wp-content\/uploads\/2023\/03\/qqqqqqqqqqqqqqqqqqqqq-300x300.jpg 300w, https:\/\/tztz.ba\/ba\/wp-content\/uploads\/2023\/03\/qqqqqqqqqqqqqqqqqqqqq-768x768.jpg 768w, https:\/\/tztz.ba\/ba\/wp-content\/uploads\/2023\/03\/qqqqqqqqqqqqqqqqqqqqq-1024x1024.jpg 1024w, https:\/\/tztz.ba\/ba\/wp-content\/uploads\/2023\/03\/qqqqqqqqqqqqqqqqqqqqq-350x350.jpg 350w, https:\/\/tztz.ba\/ba\/wp-content\/uploads\/2023\/03\/qqqqqqqqqqqqqqqqqqqqq-400x400.jpg 400w, https:\/\/tztz.ba\/ba\/wp-content\/uploads\/2023\/03\/qqqqqqqqqqqqqqqqqqqqq.jpg 1200w\" sizes=\"auto, (max-width: 150px) 100vw, 150px\" \/><\/a>\n\t\t\t<\/dt><\/dl><dl class='gallery-item'>\n\t\t\t<dt class='gallery-icon landscape'>\n\t\t\t\t<a href='https:\/\/tztz.ba\/ba\/zima-u-tuzli\/322615305_474756554737124_2242546742099431560_n-2\/'><img loading=\"lazy\" decoding=\"async\" width=\"150\" height=\"150\" src=\"https:\/\/tztz.ba\/ba\/wp-content\/uploads\/2023\/03\/322615305_474756554737124_2242546742099431560_n-150x150.jpg\" class=\"attachment-thumbnail size-thumbnail\" alt=\"\" srcset=\"https:\/\/tztz.ba\/ba\/wp-content\/uploads\/2023\/03\/322615305_474756554737124_2242546742099431560_n-150x150.jpg 150w, https:\/\/tztz.ba\/ba\/wp-content\/uploads\/2023\/03\/322615305_474756554737124_2242546742099431560_n-300x300.jpg 300w, https:\/\/tztz.ba\/ba\/wp-content\/uploads\/2023\/03\/322615305_474756554737124_2242546742099431560_n-768x768.jpg 768w, https:\/\/tztz.ba\/ba\/wp-content\/uploads\/2023\/03\/322615305_474756554737124_2242546742099431560_n-1024x1024.jpg 1024w, https:\/\/tztz.ba\/ba\/wp-content\/uploads\/2023\/03\/322615305_474756554737124_2242546742099431560_n-350x350.jpg 350w, https:\/\/tztz.ba\/ba\/wp-content\/uploads\/2023\/03\/322615305_474756554737124_2242546742099431560_n-400x400.jpg 400w, https:\/\/tztz.ba\/ba\/wp-content\/uploads\/2023\/03\/322615305_474756554737124_2242546742099431560_n.jpg 1200w\" sizes=\"auto, (max-width: 150px) 100vw, 150px\" \/><\/a>\n\t\t\t<\/dt><\/dl>\n\t\t\t<br style='clear: both' \/>\n\t\t<\/div>\n\n<p>Ova manifestacija odr\u017eava se na najve\u0107em trgu u Bosni i Hercegovini \u2013 Trgu slobode, na kojem bude postavljeno 20 mobilnih\/izlo\u017ebenih ku\u0107ica koje se putem javnog poziva dodjeljuju ugostiteljskim djelatnicima sa podru\u010dja grada Tuzle, te obrtnicima i starim i tradicionalnim zanatima. Cijelu manifestaciju prati kulturno-zabavni program sa stalnom muzi\u010dkom podlogom, koncertima, sadr\u017eajima za najmla\u0111e, i dr.<\/p>\n<p>U sklopu manifestacije \u201eZima u Tuzli\u201c odr\u017eava se i tradicionalni Javni do\u010dek Nove godine na otvorenom,\u00a0 kao i Dje\u010dija Nova godina koja se odr\u017eava u dnevnim satima 31. decembra!<\/p>\n<p>Ova manifestacija iz godine u godinu raste u jednu od najzna\u010dajnijih u Tuzli i regiji i privla\u010di sve ve\u0107i broj posjetilaca.<\/p>\n","protected":false},"excerpt":{"rendered":"<p>U svrhu podr\u0161ke i pomo\u0107i sektoru poduzetni\u0161tva i obrta na teritoriji grada Tuzle, te sa&#8230;<\/p>\n","protected":false},"author":1,"featured_media":0,"parent":0,"menu_order":0,"comment_status":"closed","ping_status":"closed","template":"","meta":{"footnotes":""},"class_list":["post-706","page","type-page","status-publish","hentry"],"_links":{"self":[{"href":"https:\/\/tztz.ba\/ba\/wp-json\/wp\/v2\/pages\/706","targetHints":{"allow":["GET"]}}],"collection":[{"href":"https:\/\/tztz.ba\/ba\/wp-json\/wp\/v2\/pages"}],"about":[{"href":"https:\/\/tztz.ba\/ba\/wp-json\/wp\/v2\/types\/page"}],"author":[{"embeddable":true,"href":"https:\/\/tztz.ba\/ba\/wp-json\/wp\/v2\/users\/1"}],"replies":[{"embeddable":true,"href":"https:\/\/tztz.ba\/ba\/wp-json\/wp\/v2\/comments?post=706"}],"version-history":[{"count":4,"href":"https:\/\/tztz.ba\/ba\/wp-json\/wp\/v2\/pages\/706\/revisions"}],"predecessor-version":[{"id":18279,"href":"https:\/\/tztz.ba\/ba\/wp-json\/wp\/v2\/pages\/706\/revisions\/18279"}],"wp:attachment":[{"href":"https:\/\/tztz.ba\/ba\/wp-json\/wp\/v2\/media?parent=706"}],"curies":[{"name":"wp","href":"https:\/\/api.w.org\/{rel}","templated":true}]}}