{"id":710,"date":"2018-07-12T04:20:53","date_gmt":"2018-07-12T04:20:53","guid":{"rendered":"https:\/\/tztz.ba\/ba\/?page_id=710"},"modified":"2021-11-01T09:50:33","modified_gmt":"2021-11-01T09:50:33","slug":"festival-sevdalinke","status":"publish","type":"page","link":"https:\/\/tztz.ba\/ba\/festival-sevdalinke\/","title":{"rendered":"Festival sevdalinke"},"content":{"rendered":"<p>Udru\u017eenje muzi\u010dkih umjetnika iz Tuzle koje djeluje u cijeloj Bosni i Hercegovini i regiji, dugi niz godina ba\u0161tine i njeguju sevdalinku u izvornom obliku, kroz svoje programe, stru\u010dne seminare i radionice, predavanja, promocije knjiga, koncerte i javne nastupe, a poslednjih trinaest godina i organizovanjem Festivala sevdalinke pod nazivom \u201eSevdalinko u srcu te nosim\u201c a pod krovnim projektom \u201eSEVDALINKA KULTURNO HISTORIJSKO-NEMATERIJALNO BLAGO BIH\u201c.<\/p>\n<p style=\"text-align: center;\"><img loading=\"lazy\" decoding=\"async\" class=\"alignnone size-medium wp-image-14484\" src=\"https:\/\/tztz.ba\/ba\/wp-content\/uploads\/2021\/11\/134715759_3774291919276095_5581888535573368997_n-300x209.jpg\" alt=\"\" width=\"300\" height=\"209\" srcset=\"https:\/\/tztz.ba\/ba\/wp-content\/uploads\/2021\/11\/134715759_3774291919276095_5581888535573368997_n-300x209.jpg 300w, https:\/\/tztz.ba\/ba\/wp-content\/uploads\/2021\/11\/134715759_3774291919276095_5581888535573368997_n-768x535.jpg 768w, https:\/\/tztz.ba\/ba\/wp-content\/uploads\/2021\/11\/134715759_3774291919276095_5581888535573368997_n-1024x713.jpg 1024w, https:\/\/tztz.ba\/ba\/wp-content\/uploads\/2021\/11\/134715759_3774291919276095_5581888535573368997_n.jpg 1505w\" sizes=\"auto, (max-width: 300px) 100vw, 300px\" \/><\/p>\n<p style=\"text-align: left;\">\n<p>Misija festivala jeste o\u010duvati sevdalinku kao kulturno-historijsko, nematerijalno blago BiH i obezbijediti da sevdalinka bude upisana na UNESCO-vu Reprezentativnu listu nematerijalnog naslije\u0111a \u010dovje\u010danstva.<\/p>\n<p>Na dosada\u0161njim festivalima je u\u010destvovalo preko tri stotine vrsnih interpretatora sevdalinke iz BiH, Crne Gore, Srbije, Hrvatske, Makedonije, Njema\u010dke, Holandije, Austrije kao i prate\u0107i orkestar kojeg \u010dine izuzetni poznavaoci i ba\u0161tinici sevdalinke, pod rukovodstvom prof. Dejana Milkuni\u0107a.<\/p>\n<p>Generalni cilj, kako i sam naslov to ka\u017ee, jeste promocija i o\u010duvanje sevdalinke kao kulturnog nematerijanog dobra iz oblasti muzi\u010dke djelatnosti od zna\u010daja za Bosnu i Hercegovinu \u010dime bosnaskohercegova\u010dku kulturu stavljaju u evropske okvire i to na vrh ljestvice.<\/p>\n<p>Sam Festival se sastoji iz nekoliko aktivnosti:<\/p>\n<p>1.Me\u0111unarodno takmi\u010denje mladih harmonika\u0161a \u201cSevdalinko<br \/>\nharmonikom opjevana\u201d<\/p>\n<p>2.Takmi\u010denje autora i izvo\u0111a\u010da<\/p>\n<p>3. Revijalna no\u0107<\/p>\n<p>U skladu sa UNESCO-vom Konvencijom o za\u0161titi nematerijalnog kulturnog naslije\u0111a, Udru\u017eenje muzi\u010dkih umjetnika, na \u010delu sa Ramizom Milkuni\u0107, istaknutom interpretatorkom sevdalinke, podnijelo je Komisiji Bosne i Hercegovine za saradnju sa UNESCO-m inicijativu za stavljanje sevdalinke na Reprezentativnu listu nematerijalnog naslije\u0111a \u010dovje\u010danstva. Komisija je prihvatila Inicijativu\u00a0 22.12.2016. godine i uputila je u dalju proceduru. Procedura je u zavr\u0161noj fazi i izrada dokumentacije za uvr\u0161tavanje sevdalinke\u00a0 na listu nematerijalnog naslije\u0111a \u010dovje\u010danstva.<\/p>\n<p>&nbsp;<\/p>\n","protected":false},"excerpt":{"rendered":"<p>Udru\u017eenje muzi\u010dkih umjetnika iz Tuzle koje djeluje u cijeloj Bosni i Hercegovini i regiji, dugi&#8230;<\/p>\n","protected":false},"author":1,"featured_media":14483,"parent":0,"menu_order":0,"comment_status":"closed","ping_status":"closed","template":"","meta":{"footnotes":""},"class_list":["post-710","page","type-page","status-publish","has-post-thumbnail","hentry"],"_links":{"self":[{"href":"https:\/\/tztz.ba\/ba\/wp-json\/wp\/v2\/pages\/710","targetHints":{"allow":["GET"]}}],"collection":[{"href":"https:\/\/tztz.ba\/ba\/wp-json\/wp\/v2\/pages"}],"about":[{"href":"https:\/\/tztz.ba\/ba\/wp-json\/wp\/v2\/types\/page"}],"author":[{"embeddable":true,"href":"https:\/\/tztz.ba\/ba\/wp-json\/wp\/v2\/users\/1"}],"replies":[{"embeddable":true,"href":"https:\/\/tztz.ba\/ba\/wp-json\/wp\/v2\/comments?post=710"}],"version-history":[{"count":5,"href":"https:\/\/tztz.ba\/ba\/wp-json\/wp\/v2\/pages\/710\/revisions"}],"predecessor-version":[{"id":14485,"href":"https:\/\/tztz.ba\/ba\/wp-json\/wp\/v2\/pages\/710\/revisions\/14485"}],"wp:featuredmedia":[{"embeddable":true,"href":"https:\/\/tztz.ba\/ba\/wp-json\/wp\/v2\/media\/14483"}],"wp:attachment":[{"href":"https:\/\/tztz.ba\/ba\/wp-json\/wp\/v2\/media?parent=710"}],"curies":[{"name":"wp","href":"https:\/\/api.w.org\/{rel}","templated":true}]}}