{"id":721,"date":"2018-07-12T04:27:57","date_gmt":"2018-07-12T04:27:57","guid":{"rendered":"https:\/\/tztz.ba\/ba\/?page_id=721"},"modified":"2018-07-12T04:27:57","modified_gmt":"2018-07-12T04:27:57","slug":"bike-fest-panonika-tuzla","status":"publish","type":"page","link":"https:\/\/tztz.ba\/ba\/bike-fest-panonika-tuzla\/","title":{"rendered":"Bike fest Panonika Tuzla"},"content":{"rendered":"<p style=\"font-weight: 400; text-align: justify;\">U predivnom ambijentu kompleksa Panonskih jezera u Tuzli, u organizaciji\u00a0 Moto kluba &#8216;Tuzla&#8217; i JKP &#8216;Panonnica&#8217;, u Tuzli se svake godine odr\u017eavaju internacionalni moto susreti \u00a0<a href=\"https:\/\/www.facebook.com\/PanonikaTuzlaBiH\/?ref=bookmarks\" data-saferedirecturl=\"https:\/\/www.google.com\/url?q=https:\/\/www.facebook.com\/PanonikaTuzlaBiH\/?ref%3Dbookmarks&amp;source=gmail&amp;ust=1531346249175000&amp;usg=AFQjCNF29JCmgIUxoPOzMtpeDpPH4J3Prw\"><strong><em>&#8216;Bike fest Panonika Tuzla&#8217;<\/em><\/strong><\/a>.<\/p>\n<p style=\"font-weight: 400; text-align: justify;\">Cilj moto sureta jeste da okupi veliki broj simpatizera ovog vida rekreacije koji su podstaknuti velikom ljubavlju prema motociklima, moto kulturi i \u017eeljom za dru\u017eenjem.\u00a0Neizostavan, tradicionalni dio moto susreta je i moto defile ulicama Tuzle.\u00a0Brojni ljubitelji dvoto\u010dka\u0161a iz regiona u Tuzli u\u017eivaju u izuzetnom programu, odli\u010dnim rock&amp;roll koncertima i profesionalnoj audio&amp;light produkciji.<\/p>\n<p><iframe class=\"fullIframe\" src=\"https:\/\/www.youtube.com\/embed\/FUiS5_6E5Jw\" frameborder=\"0\" allowfullscreen=\"allowfullscreen\"><span data-mce-type=\"bookmark\" style=\"display: inline-block; width: 0px; overflow: hidden; line-height: 0;\" class=\"mce_SELRES_start\">\ufeff<\/span><\/iframe><\/p>\n","protected":false},"excerpt":{"rendered":"<p>U predivnom ambijentu kompleksa Panonskih jezera u Tuzli, u organizaciji\u00a0 Moto kluba &#8216;Tuzla&#8217; i JKP&#8230;<\/p>\n","protected":false},"author":1,"featured_media":722,"parent":0,"menu_order":0,"comment_status":"closed","ping_status":"closed","template":"","meta":{"footnotes":""},"class_list":["post-721","page","type-page","status-publish","has-post-thumbnail","hentry"],"_links":{"self":[{"href":"https:\/\/tztz.ba\/ba\/wp-json\/wp\/v2\/pages\/721","targetHints":{"allow":["GET"]}}],"collection":[{"href":"https:\/\/tztz.ba\/ba\/wp-json\/wp\/v2\/pages"}],"about":[{"href":"https:\/\/tztz.ba\/ba\/wp-json\/wp\/v2\/types\/page"}],"author":[{"embeddable":true,"href":"https:\/\/tztz.ba\/ba\/wp-json\/wp\/v2\/users\/1"}],"replies":[{"embeddable":true,"href":"https:\/\/tztz.ba\/ba\/wp-json\/wp\/v2\/comments?post=721"}],"version-history":[{"count":1,"href":"https:\/\/tztz.ba\/ba\/wp-json\/wp\/v2\/pages\/721\/revisions"}],"predecessor-version":[{"id":723,"href":"https:\/\/tztz.ba\/ba\/wp-json\/wp\/v2\/pages\/721\/revisions\/723"}],"wp:featuredmedia":[{"embeddable":true,"href":"https:\/\/tztz.ba\/ba\/wp-json\/wp\/v2\/media\/722"}],"wp:attachment":[{"href":"https:\/\/tztz.ba\/ba\/wp-json\/wp\/v2\/media?parent=721"}],"curies":[{"name":"wp","href":"https:\/\/api.w.org\/{rel}","templated":true}]}}