{"id":744,"date":"2018-07-12T04:35:41","date_gmt":"2018-07-12T04:35:41","guid":{"rendered":"https:\/\/tztz.ba\/ba\/?page_id=744"},"modified":"2026-01-29T10:24:28","modified_gmt":"2026-01-29T10:24:28","slug":"gradski-i-prigradski-saobracaj-tuzla","status":"publish","type":"page","link":"https:\/\/tztz.ba\/ba\/gradski-i-prigradski-saobracaj-tuzla\/","title":{"rendered":"Gradski i prigradski saobra\u0107aj Tuzla"},"content":{"rendered":"<p style=\"text-align: justify;\">Osnovna djelatnost preduze\u0107a <a href=\"http:\/\/gipstk.com\/\">DD Gradski i prigradski saobra\u0107aj Tuzla<\/a> je prijevoz putnika koji se obavlja na gradskim, op\u0107inskim i kantonalnim <a href=\"https:\/\/www.gipstk.com\/red-voznje\/\">linijama<\/a>. Kompanija obavlja prijevoz redovnog, vanrednog i ugovorenog karaktera, te pru\u017ea i stani\u010dne usluge. Prodaja pojedina\u010dnih karata vr\u0161i se neposredno u vozilima i upotrebom<a href=\"https:\/\/www.gipstk.com\/bus-kartice\/\"> vrijednosnim Bus karticama<\/a> dok se preko posebne slu\u017ebe vr\u0161i prodaja samo mjese\u010dnih karata, ali na vi\u0161e lokacija. Osnovni fokus djelovanja preduze\u0107a je bio i ostao isti, a to su aktivnosti u pobolj\u0161anju usluge prijevoza sa svih aspekata: sigurnost, udobnost, cijena, ljubaznost, dostupnost, ta\u010dnost. Misija preduze\u0107a se ogleda u visoko kvalitetnoj usluzi javnog prijevoza putnika, uz dugoro\u010dno zadovoljenje principa likvidnosti i rentabilnosti.<\/p>\n<p style=\"text-align: justify;\">\n","protected":false},"excerpt":{"rendered":"<p>Osnovna djelatnost preduze\u0107a DD Gradski i prigradski saobra\u0107aj Tuzla je prijevoz putnika koji se obavlja&#8230;<\/p>\n","protected":false},"author":1,"featured_media":745,"parent":0,"menu_order":0,"comment_status":"closed","ping_status":"closed","template":"","meta":{"footnotes":""},"class_list":["post-744","page","type-page","status-publish","has-post-thumbnail","hentry"],"_links":{"self":[{"href":"https:\/\/tztz.ba\/ba\/wp-json\/wp\/v2\/pages\/744","targetHints":{"allow":["GET"]}}],"collection":[{"href":"https:\/\/tztz.ba\/ba\/wp-json\/wp\/v2\/pages"}],"about":[{"href":"https:\/\/tztz.ba\/ba\/wp-json\/wp\/v2\/types\/page"}],"author":[{"embeddable":true,"href":"https:\/\/tztz.ba\/ba\/wp-json\/wp\/v2\/users\/1"}],"replies":[{"embeddable":true,"href":"https:\/\/tztz.ba\/ba\/wp-json\/wp\/v2\/comments?post=744"}],"version-history":[{"count":5,"href":"https:\/\/tztz.ba\/ba\/wp-json\/wp\/v2\/pages\/744\/revisions"}],"predecessor-version":[{"id":28338,"href":"https:\/\/tztz.ba\/ba\/wp-json\/wp\/v2\/pages\/744\/revisions\/28338"}],"wp:featuredmedia":[{"embeddable":true,"href":"https:\/\/tztz.ba\/ba\/wp-json\/wp\/v2\/media\/745"}],"wp:attachment":[{"href":"https:\/\/tztz.ba\/ba\/wp-json\/wp\/v2\/media?parent=744"}],"curies":[{"name":"wp","href":"https:\/\/api.w.org\/{rel}","templated":true}]}}