{"id":814,"date":"2018-07-12T10:28:19","date_gmt":"2018-07-12T10:28:19","guid":{"rendered":"https:\/\/tztz.ba\/ba\/?page_id=814"},"modified":"2026-01-30T10:20:09","modified_gmt":"2026-01-30T10:20:09","slug":"turisticki-vozic-u-tuzli-atrakcija-na-ulicama-grada","status":"publish","type":"page","link":"https:\/\/tztz.ba\/ba\/turisticki-vozic-u-tuzli-atrakcija-na-ulicama-grada\/","title":{"rendered":"Turisti\u010dki vozi\u0107 u Tuzli: Atrakcija na ulicama grada"},"content":{"rendered":"<p style=\"font-weight: 400; text-align: justify;\"><a href=\"http:\/\/siktz.ba\/?page_id=679\">Turisti\u010dki vozi\u0107<\/a>, kojim upravlja Javno komunalno preduze\u0107e \u201cSaobra\u0107aj i komunikacije\u201d Tuzla turisti\u010dka je atrakcija na ulicama grada soli.<\/p>\n<p style=\"font-weight: 400; text-align: justify;\">Putnici svih generacija, me\u0111u kojima je veliki broj djece, koji \u017eele upoznati znamenitosti Tuzle, u toku sezone, svakodnevno putuju ovim vozi\u0107em od Trga slobode u centru grada do Panonskih jezera.<\/p>\n<p style=\"font-weight: 400; text-align: justify;\">Tokom trajanja vo\u017enje putnici \u0107e biti upoznati sa znamenitostima grada kroz historijski opis svih bitnih detalja i bogatom turisti\u010dkom ponudom koja svakako opravdava dolazak u Tuzlu.<\/p>\n<p style=\"font-weight: 400; text-align: justify;\">Putnici mogu vidjeti Panonska jezera, Arheolo\u0161ki park \u2013 neolitsko sojeni\u010dko naselje, Geolo\u0161ki muzej, spomen-obilje\u017eja borcima na Slanoj Banji, Ku\u0107u plamena mira, Atelje \u201cIsmet Mujezinovi\u0107\u201d, Katoli\u010dki \u0161kolski centar i Turali-begovu d\u017eamiju, koja je nacionalni spomenik na\u0161e zemlje.<\/p>\n<p>O redovnim polascima i cjenovniku, vi\u0161e informacija mo\u017eete na\u0107i na http:\/\/siktz.ba\/?page_id=679.<\/p>\n\n\t\t<style type=\"text\/css\">\n\t\t\t#gallery-1 {\n\t\t\t\tmargin: auto;\n\t\t\t}\n\t\t\t#gallery-1 .gallery-item {\n\t\t\t\tfloat: left;\n\t\t\t\tmargin-top: 10px;\n\t\t\t\ttext-align: center;\n\t\t\t\twidth: 25%;\n\t\t\t}\n\t\t\t#gallery-1 img {\n\t\t\t\tborder: 2px solid #cfcfcf;\n\t\t\t}\n\t\t\t#gallery-1 .gallery-caption {\n\t\t\t\tmargin-left: 0;\n\t\t\t}\n\t\t\t\/* see gallery_shortcode() in wp-includes\/media.php *\/\n\t\t<\/style>\n\t\t<div id='gallery-1' class='gallery galleryid-814 gallery-columns-4 gallery-size-thumbnail'><dl class='gallery-item'>\n\t\t\t<dt class='gallery-icon landscape'>\n\t\t\t\t<a href='https:\/\/tztz.ba\/ba\/wp-content\/uploads\/2018\/07\/2-1.png'><img loading=\"lazy\" decoding=\"async\" width=\"150\" height=\"150\" src=\"https:\/\/tztz.ba\/ba\/wp-content\/uploads\/2018\/07\/2-1-150x150.png\" class=\"attachment-thumbnail size-thumbnail\" alt=\"\" srcset=\"https:\/\/tztz.ba\/ba\/wp-content\/uploads\/2018\/07\/2-1-150x150.png 150w, https:\/\/tztz.ba\/ba\/wp-content\/uploads\/2018\/07\/2-1-350x350.png 350w, https:\/\/tztz.ba\/ba\/wp-content\/uploads\/2018\/07\/2-1-400x400.png 400w\" sizes=\"auto, (max-width: 150px) 100vw, 150px\" \/><\/a>\n\t\t\t<\/dt><\/dl><dl class='gallery-item'>\n\t\t\t<dt class='gallery-icon landscape'>\n\t\t\t\t<a href='https:\/\/tztz.ba\/ba\/wp-content\/uploads\/2018\/07\/LETAK_2.jpg'><img loading=\"lazy\" decoding=\"async\" width=\"150\" height=\"150\" src=\"https:\/\/tztz.ba\/ba\/wp-content\/uploads\/2018\/07\/LETAK_2-150x150.jpg\" class=\"attachment-thumbnail size-thumbnail\" alt=\"\" srcset=\"https:\/\/tztz.ba\/ba\/wp-content\/uploads\/2018\/07\/LETAK_2-150x150.jpg 150w, https:\/\/tztz.ba\/ba\/wp-content\/uploads\/2018\/07\/LETAK_2-350x350.jpg 350w, https:\/\/tztz.ba\/ba\/wp-content\/uploads\/2018\/07\/LETAK_2-400x400.jpg 400w\" sizes=\"auto, (max-width: 150px) 100vw, 150px\" \/><\/a>\n\t\t\t<\/dt><\/dl><dl class='gallery-item'>\n\t\t\t<dt class='gallery-icon landscape'>\n\t\t\t\t<a href='https:\/\/tztz.ba\/ba\/wp-content\/uploads\/2018\/07\/3-2-1.jpg'><img loading=\"lazy\" decoding=\"async\" width=\"150\" height=\"150\" src=\"https:\/\/tztz.ba\/ba\/wp-content\/uploads\/2018\/07\/3-2-1-150x150.jpg\" class=\"attachment-thumbnail size-thumbnail\" alt=\"\" srcset=\"https:\/\/tztz.ba\/ba\/wp-content\/uploads\/2018\/07\/3-2-1-150x150.jpg 150w, https:\/\/tztz.ba\/ba\/wp-content\/uploads\/2018\/07\/3-2-1-350x350.jpg 350w, https:\/\/tztz.ba\/ba\/wp-content\/uploads\/2018\/07\/3-2-1-400x400.jpg 400w\" sizes=\"auto, (max-width: 150px) 100vw, 150px\" \/><\/a>\n\t\t\t<\/dt><\/dl><dl class='gallery-item'>\n\t\t\t<dt class='gallery-icon landscape'>\n\t\t\t\t<a href='https:\/\/tztz.ba\/ba\/wp-content\/uploads\/2018\/07\/1-2-1.jpg'><img loading=\"lazy\" decoding=\"async\" width=\"150\" height=\"150\" src=\"https:\/\/tztz.ba\/ba\/wp-content\/uploads\/2018\/07\/1-2-1-150x150.jpg\" class=\"attachment-thumbnail size-thumbnail\" alt=\"\" srcset=\"https:\/\/tztz.ba\/ba\/wp-content\/uploads\/2018\/07\/1-2-1-150x150.jpg 150w, https:\/\/tztz.ba\/ba\/wp-content\/uploads\/2018\/07\/1-2-1-350x350.jpg 350w, https:\/\/tztz.ba\/ba\/wp-content\/uploads\/2018\/07\/1-2-1-400x400.jpg 400w\" sizes=\"auto, (max-width: 150px) 100vw, 150px\" \/><\/a>\n\t\t\t<\/dt><\/dl><br style=\"clear: both\" \/>\n\t\t<\/div>\n\n<p><strong>WEBSITE<\/strong>:\u00a0<a href=\"http:\/\/siktz.ba\/?page_id=679\">http:\/\/siktz.ba\/?page_id=679<\/a><\/p>\n","protected":false},"excerpt":{"rendered":"<p>Turisti\u010dki vozi\u0107, kojim upravlja Javno komunalno preduze\u0107e \u201cSaobra\u0107aj i komunikacije\u201d Tuzla turisti\u010dka je atrakcija na&#8230;<\/p>\n","protected":false},"author":1,"featured_media":974,"parent":0,"menu_order":0,"comment_status":"closed","ping_status":"closed","template":"","meta":{"footnotes":""},"class_list":["post-814","page","type-page","status-publish","has-post-thumbnail","hentry"],"_links":{"self":[{"href":"https:\/\/tztz.ba\/ba\/wp-json\/wp\/v2\/pages\/814","targetHints":{"allow":["GET"]}}],"collection":[{"href":"https:\/\/tztz.ba\/ba\/wp-json\/wp\/v2\/pages"}],"about":[{"href":"https:\/\/tztz.ba\/ba\/wp-json\/wp\/v2\/types\/page"}],"author":[{"embeddable":true,"href":"https:\/\/tztz.ba\/ba\/wp-json\/wp\/v2\/users\/1"}],"replies":[{"embeddable":true,"href":"https:\/\/tztz.ba\/ba\/wp-json\/wp\/v2\/comments?post=814"}],"version-history":[{"count":4,"href":"https:\/\/tztz.ba\/ba\/wp-json\/wp\/v2\/pages\/814\/revisions"}],"predecessor-version":[{"id":28359,"href":"https:\/\/tztz.ba\/ba\/wp-json\/wp\/v2\/pages\/814\/revisions\/28359"}],"wp:featuredmedia":[{"embeddable":true,"href":"https:\/\/tztz.ba\/ba\/wp-json\/wp\/v2\/media\/974"}],"wp:attachment":[{"href":"https:\/\/tztz.ba\/ba\/wp-json\/wp\/v2\/media?parent=814"}],"curies":[{"name":"wp","href":"https:\/\/api.w.org\/{rel}","templated":true}]}}